{"id":12883,"date":"2026-02-26T05:50:40","date_gmt":"2026-02-26T05:50:40","guid":{"rendered":"https:\/\/linkeyegroup.com\/?post_type=product&#038;p=12883"},"modified":"2026-02-26T06:24:38","modified_gmt":"2026-02-26T06:24:38","slug":"tls-266b-juego-de-lentes-de-prueba","status":"publish","type":"product","link":"https:\/\/linkeyegroup.com\/es\/product\/tls-266b-trial-lens-set\/","title":{"rendered":"TLS-266B Juego de lentes de prueba"},"content":{"rendered":"<div data-elementor-type=\"product-post\" data-elementor-id=\"12883\" class=\"elementor elementor-12883\" data-elementor-post-type=\"product\">\n\t\t\t\t<div class=\"elementor-element elementor-element-14bf3125 e-flex e-con-boxed e-con e-parent\" data-id=\"14bf3125\" data-element_type=\"container\" data-e-type=\"container\" id=\"information\">\n\t\t\t\t\t<div class=\"e-con-inner\">\n\t\t<div class=\"elementor-element elementor-element-40e106e e-con-full e-flex e-con e-child\" data-id=\"40e106e\" data-element_type=\"container\" data-e-type=\"container\">\n\t\t\t\t<div class=\"elementor-element elementor-element-0798bae elementor-widget elementor-widget-heading\" data-id=\"0798bae\" data-element_type=\"widget\" data-e-type=\"widget\" data-widget_type=\"heading.default\">\n\t\t\t\t\t<h2 class=\"elementor-heading-title elementor-size-default\">Explorar detalles<\/h2>\t\t\t\t<\/div>\n\t\t\t\t<div class=\"elementor-element elementor-element-a1831de elementor-widget__width-initial elementor-widget elementor-widget-heading\" data-id=\"a1831de\" data-element_type=\"widget\" data-e-type=\"widget\" data-widget_type=\"heading.default\">\n\t\t\t\t\t<p class=\"elementor-heading-title elementor-size-default\">        <\/p>\t\t\t\t<\/div>\n\t\t\t\t<div class=\"elementor-element elementor-element-577f92fc elementor-widget elementor-widget-text-editor\" data-id=\"577f92fc\" data-element_type=\"widget\" data-e-type=\"widget\" data-widget_type=\"text-editor.default\">\n\t\t\t\t\t\t\t\t\t<p>El juego de lentes de prueba TLS-266B es un kit de refracci\u00f3n profesional dise\u00f1ado para ex\u00e1menes rutinarios de optometr\u00eda y oftalmolog\u00eda. Equipado con lentes \u00f3pticas de precisi\u00f3n normal en aros met\u00e1licos duraderos y embalado en un robusto malet\u00edn de transporte de aluminio, proporciona una configuraci\u00f3n completa para la refracci\u00f3n subjetiva, las pruebas de visi\u00f3n binocular y la formaci\u00f3n cl\u00ednica. La disposici\u00f3n organizada de las bandejas permite una selecci\u00f3n r\u00e1pida de las lentes y un funcionamiento diario eficaz en \u00f3pticas e instituciones m\u00e9dicas.<\/p>\t\t\t\t\t\t\t\t<\/div>\n\t\t\t\t<\/div>\n\t\t<div class=\"elementor-element elementor-element-35fbb1a e-con-full e-flex e-con e-child\" data-id=\"35fbb1a\" data-element_type=\"container\" data-e-type=\"container\">\n\t\t\t\t<div class=\"elementor-element elementor-element-bd5185d elementor-widget elementor-widget-image\" data-id=\"bd5185d\" data-element_type=\"widget\" data-e-type=\"widget\" data-widget_type=\"image.default\">\n\t\t\t\t\t\t\t\t\t\t\t\t\t\t\t<img fetchpriority=\"high\" decoding=\"async\" width=\"1024\" height=\"1282\" src=\"https:\/\/linkeyegroup.com\/wp-content\/uploads\/2026\/02\/TLS-266B-Display-image.webp\" class=\"attachment-full size-full wp-image-12892\" alt=\"\" srcset=\"https:\/\/linkeyegroup.com\/wp-content\/uploads\/2026\/02\/TLS-266B-Display-image.webp 1024w, https:\/\/linkeyegroup.com\/wp-content\/uploads\/2026\/02\/TLS-266B-Display-image-359x450.webp 359w, https:\/\/linkeyegroup.com\/wp-content\/uploads\/2026\/02\/TLS-266B-Display-image-818x1024.webp 818w, https:\/\/linkeyegroup.com\/wp-content\/uploads\/2026\/02\/TLS-266B-Display-image-768x962.webp 768w, https:\/\/linkeyegroup.com\/wp-content\/uploads\/2026\/02\/TLS-266B-Display-image-600x751.webp 600w\" sizes=\"(max-width: 1024px) 100vw, 1024px\" \/>\t\t\t\t\t\t\t\t\t\t\t\t\t\t\t<\/div>\n\t\t\t\t<\/div>\n\t\t<div class=\"elementor-element elementor-element-7fc0b52 e-con-full e-flex e-con e-child\" data-id=\"7fc0b52\" data-element_type=\"container\" data-e-type=\"container\" id=\"specification\">\n\t\t\t\t<div class=\"elementor-element elementor-element-7642180 elementor-widget elementor-widget-heading\" data-id=\"7642180\" data-element_type=\"widget\" data-e-type=\"widget\" data-widget_type=\"heading.default\">\n\t\t\t\t\t<h2 class=\"elementor-heading-title elementor-size-default\">Especificaciones:\n<\/h2>\t\t\t\t<\/div>\n\t\t\t\t<div class=\"elementor-element elementor-element-cf3ad62 elementor-widget elementor-widget-text-editor\" data-id=\"cf3ad62\" data-element_type=\"widget\" data-e-type=\"widget\" data-widget_type=\"text-editor.default\">\n\t\t\t\t\t\t\t\t\t<table><thead><tr><th>Par\u00e1metro<\/th><th>Especificaci\u00f3n<\/th><\/tr><\/thead><tbody><tr><td>Piezas totales<\/td><td>267 piezas incluidas, borde met\u00e1lico, caja de aluminio<\/td><\/tr><tr><td>Esfera<\/td><td>80 pares<\/td><\/tr><tr><td>Cilindro<\/td><td>40 pares<\/td><\/tr><tr><td>Prisma<\/td><td>14 piezas<\/td><\/tr><tr><td>Accesorios<\/td><td>13 piezas<\/td><\/tr><tr><td>Dimensiones interiores<\/td><td>318 mm (largo) \u00d7 518 mm (ancho) \u00d7 35 mm (alto)<\/td><\/tr><tr><td>Dimensiones exteriores<\/td><td>355 mm (largo) \u00d7 545 mm (ancho) \u00d7 100 mm (alto)<\/td><\/tr><tr><td>Peso<\/td><td>7 kg<\/td><\/tr><\/tbody><\/table><p>\u00a0<\/p>\t\t\t\t\t\t\t\t<\/div>\n\t\t\t\t<\/div>\n\t\t<div class=\"elementor-element elementor-element-2ec57bf e-con-full e-flex e-con e-child\" data-id=\"2ec57bf\" data-element_type=\"container\" data-e-type=\"container\" id=\"video\">\n\t\t\t\t<div class=\"elementor-element elementor-element-3546bb2 elementor-widget elementor-widget-heading\" data-id=\"3546bb2\" data-element_type=\"widget\" data-e-type=\"widget\" data-widget_type=\"heading.default\">\n\t\t\t\t\t<h2 class=\"elementor-heading-title elementor-size-default\">V\u00eddeo<\/h2>\t\t\t\t<\/div>\n\t\t\t\t<div class=\"elementor-element elementor-element-1e1b6fb elementor-widget__width-initial elementor-widget elementor-widget-heading\" data-id=\"1e1b6fb\" data-element_type=\"widget\" data-e-type=\"widget\" data-widget_type=\"heading.default\">\n\t\t\t\t\t<p class=\"elementor-heading-title elementor-size-default\">        <\/p>\t\t\t\t<\/div>\n\t\t<div class=\"elementor-element elementor-element-a33bfcc e-con-full e-flex e-con e-child\" data-id=\"a33bfcc\" data-element_type=\"container\" data-e-type=\"container\">\n\t\t<div class=\"elementor-element elementor-element-d99acad e-con-full e-flex e-con e-child\" data-id=\"d99acad\" data-element_type=\"container\" data-e-type=\"container\">\n\t\t\t\t<div class=\"elementor-element elementor-element-2de6100 elementor-widget__width-initial elementor-widget-mobile__width-inherit elementor-widget elementor-widget-video\" data-id=\"2de6100\" data-element_type=\"widget\" data-e-type=\"widget\" data-settings=\"{&quot;video_type&quot;:&quot;hosted&quot;,&quot;controls&quot;:&quot;yes&quot;}\" data-widget_type=\"video.default\">\n\t\t\t\t\t\t\t<div class=\"e-hosted-video elementor-wrapper elementor-open-inline\">\n\t\t\t\t\t<video class=\"elementor-video\" src=\"#\" controls=\"\" preload=\"metadata\" controlslist=\"nodownload\" poster=\"https:\/\/linkeyegroup.com\/wp-content\/uploads\/2026\/02\/1-30.webp\"><\/video>\n\t\t\t\t<\/div>\n\t\t\t\t\t\t<\/div>\n\t\t\t\t<\/div>\n\t\t\t\t<\/div>\n\t\t\t\t<\/div>\n\t\t<div class=\"elementor-element elementor-element-a7f46eb e-con-full e-flex e-con e-child\" data-id=\"a7f46eb\" data-element_type=\"container\" data-e-type=\"container\">\n\t\t\t\t<div class=\"elementor-element elementor-element-4d39aca elementor-widget elementor-widget-text-editor\" data-id=\"4d39aca\" data-element_type=\"widget\" data-e-type=\"widget\" data-widget_type=\"text-editor.default\">\n\t\t\t\t\t\t\t\t\t<p><span style=\"font-size: 12pt;\"><strong>Servicios de confianza:<\/strong><\/span><\/p><p><span style=\"font-size: 12pt;\">1. Videochat para comprobar el conjunto de lentes de prueba TLS-266B.<\/span><\/p><p><span style=\"font-size: 12pt;\">2. Asistencia t\u00e9cnica y formaci\u00f3n en l\u00ednea gratuitas.<\/span><\/p><p><span style=\"font-size: 12pt;\">3. Asistencia gratuita en l\u00ednea para la instalaci\u00f3n.<\/span><\/p><p><span style=\"font-size: 12pt;\">4. 1-3 A\u00f1os de garant\u00eda de calidad.<\/span><\/p><p><span style=\"font-size: 12pt;\">5. Asistencia posventa de por vida.<\/span><\/p><p><span style=\"font-size: 12pt;\">6. La mayor\u00eda de los productos tienen certificaci\u00f3n CE e ISO 13485.<\/span><\/p><p><span style=\"font-size: 12pt;\">7. Personalizaci\u00f3n libre de la tensi\u00f3n de entrada y el enchufe para m\u00e1quinas el\u00e9ctricas.\u00a0<\/span><\/p><p><span style=\"font-size: 12pt;\">8. Env\u00edo r\u00e1pido a todo el mundo, 5-10 d\u00edas laborables de entrega para la mayor\u00eda de los pa\u00edses.\u00a0<\/span><\/p><p><span style=\"font-size: 12pt;\">9. 9. Se acepta el pago parcial por adelantado antes del env\u00edo.<\/span><\/p><p><span style=\"font-size: 12pt;\">10. Se pueden ofrecer a los distribuidores productos con descuento, sin marca o personalizados.<\/span><\/p>\t\t\t\t\t\t\t\t<\/div>\n\t\t\t\t<\/div>\n\t\t<div class=\"elementor-element elementor-element-f1ba3a9 e-con-full e-flex e-con e-child\" data-id=\"f1ba3a9\" data-element_type=\"container\" data-e-type=\"container\" id=\"brochure\" data-settings=\"{&quot;background_background&quot;:&quot;classic&quot;}\">\n\t\t\t\t<div class=\"elementor-element elementor-element-9ab95ba elementor-widget elementor-widget-heading\" data-id=\"9ab95ba\" data-element_type=\"widget\" data-e-type=\"widget\" data-widget_type=\"heading.default\">\n\t\t\t\t\t<h2 class=\"elementor-heading-title elementor-size-default\">Folleto<\/h2>\t\t\t\t<\/div>\n\t\t\t\t<div class=\"elementor-element elementor-element-7fd6792 elementor-widget__width-initial elementor-widget elementor-widget-heading\" data-id=\"7fd6792\" data-element_type=\"widget\" data-e-type=\"widget\" data-widget_type=\"heading.default\">\n\t\t\t\t\t<p class=\"elementor-heading-title elementor-size-default\">        <\/p>\t\t\t\t<\/div>\n\t\t<div class=\"elementor-element elementor-element-04a7c94 e-con-full reviews e-flex e-con e-child\" data-id=\"04a7c94\" data-element_type=\"container\" data-e-type=\"container\" id=\"reviews\">\n\t\t\t\t<div class=\"elementor-element elementor-element-81d3403 elementor-widget elementor-widget-button\" data-id=\"81d3403\" data-element_type=\"widget\" data-e-type=\"widget\" data-widget_type=\"button.default\">\n\t\t\t\t\t\t\t\t\t\t<a class=\"elementor-button elementor-button-link elementor-size-sm\" href=\"#\">\n\t\t\t\t\t\t<span class=\"elementor-button-content-wrapper\">\n\t\t\t\t\t\t\t\t\t<span class=\"elementor-button-text\">Descargar \u2192<\/span>\n\t\t\t\t\t<\/span>\n\t\t\t\t\t<\/a>\n\t\t\t\t\t\t\t\t<\/div>\n\t\t\t\t<div class=\"elementor-element elementor-element-0655778 elementor-widget elementor-widget-button\" data-id=\"0655778\" data-element_type=\"widget\" data-e-type=\"widget\" data-widget_type=\"button.default\">\n\t\t\t\t\t\t\t\t\t\t<a class=\"elementor-button elementor-button-link elementor-size-sm\" href=\"#message\">\n\t\t\t\t\t\t<span class=\"elementor-button-content-wrapper\">\n\t\t\t\t\t\t\t\t\t<span class=\"elementor-button-text\">Ver \u2192<\/span>\n\t\t\t\t\t<\/span>\n\t\t\t\t\t<\/a>\n\t\t\t\t\t\t\t\t<\/div>\n\t\t\t\t<\/div>\n\t\t\t\t<\/div>\n\t\t<div class=\"elementor-element elementor-element-056a761 e-con-full e-flex e-con e-child\" data-id=\"056a761\" data-element_type=\"container\" data-e-type=\"container\">\n\t\t<div class=\"elementor-element elementor-element-d7bb8e5 e-con-full e-flex e-con e-child\" data-id=\"d7bb8e5\" data-element_type=\"container\" data-e-type=\"container\">\n\t\t\t\t<div class=\"elementor-element elementor-element-d74fb08 elementor-widget elementor-widget-heading\" data-id=\"d74fb08\" data-element_type=\"widget\" data-e-type=\"widget\" data-widget_type=\"heading.default\">\n\t\t\t\t\t<h2 class=\"elementor-heading-title elementor-size-default\">Rese\u00f1as - What About <\/h2>\t\t\t\t<\/div>\n\t\t\t\t<div class=\"elementor-element elementor-element-5fccace elementor-widget elementor-widget-woocommerce-product-title elementor-page-title elementor-widget-heading\" data-id=\"5fccace\" data-element_type=\"widget\" data-e-type=\"widget\" data-widget_type=\"woocommerce-product-title.default\">\n\t\t\t\t\t<h2 class=\"product_title entry-title elementor-heading-title elementor-size-default\">TLS-266B Juego de lentes de prueba<\/h2>\t\t\t\t<\/div>\n\t\t\t\t<\/div>\n\t\t\t\t<div class=\"elementor-element elementor-element-8d16dd3 elementor-testimonial--skin-default elementor-testimonial--layout-image_inline elementor-testimonial--align-center elementor-arrows-yes elementor-pagination-type-bullets elementor-widget elementor-widget-testimonial-carousel\" data-id=\"8d16dd3\" data-element_type=\"widget\" data-e-type=\"widget\" data-settings=\"{&quot;show_arrows&quot;:&quot;yes&quot;,&quot;pagination&quot;:&quot;bullets&quot;,&quot;speed&quot;:500,&quot;autoplay&quot;:&quot;yes&quot;,&quot;autoplay_speed&quot;:5000,&quot;loop&quot;:&quot;yes&quot;,&quot;pause_on_hover&quot;:&quot;yes&quot;,&quot;pause_on_interaction&quot;:&quot;yes&quot;,&quot;space_between&quot;:{&quot;unit&quot;:&quot;px&quot;,&quot;size&quot;:10,&quot;sizes&quot;:[]},&quot;space_between_tablet&quot;:{&quot;unit&quot;:&quot;px&quot;,&quot;size&quot;:10,&quot;sizes&quot;:[]},&quot;space_between_mobile&quot;:{&quot;unit&quot;:&quot;px&quot;,&quot;size&quot;:10,&quot;sizes&quot;:[]}}\" data-widget_type=\"testimonial-carousel.default\">\n\t\t\t\t\t\t\t\t\t\t<div class=\"elementor-main-swiper swiper\" role=\"region\" aria-roledescription=\"carousel\" aria-label=\"Diapositivas\">\n\t\t\t\t<div class=\"swiper-wrapper\">\n\t\t\t\t\t\t\t\t\t\t\t<div class=\"swiper-slide\" role=\"group\" aria-roledescription=\"slide\">\n\t\t\t\t\t\t\t\t\t<div class=\"elementor-testimonial\">\n\t\t\t\t\t\t\t<div class=\"elementor-testimonial__content\">\n\t\t\t\t\t<div class=\"elementor-testimonial__text\">\n\t\t\t\t\t\t\" La gama de lentes funciona para la refracci\u00f3n diaria, aunque el estuche ocupa un espacio notable en el mostrador. \"\t\t\t\t\t<\/div>\n\t\t\t\t\t\t\t\t\t<\/div>\n\t\t\t\t\t\t<div class=\"elementor-testimonial__footer\">\n\t\t\t\t\t\t\t\t\t<div class=\"elementor-testimonial__image\">\n\t\t\t\t\t\t<img decoding=\"async\" src=\"https:\/\/linkeyegroup.com\/wp-content\/uploads\/2026\/02\/Thomas-Reed.webp\" alt=\"Thomas Reed\">\n\t\t\t\t\t\t\t\t\t\t\t<\/div>\n\t\t\t\t\t\t\t\t<cite class=\"elementor-testimonial__cite\"><span class=\"elementor-testimonial__name\">Thomas Reed<\/span><span class=\"elementor-testimonial__title\">\u2605\u2605\u2605\u2605\u2605<\/span><\/cite>\t\t\t<\/div>\n\t\t<\/div>\n\t\t\t\t\t\t\t\t<\/div>\n\t\t\t\t\t\t\t\t\t<\/div>\n\t\t\t\t\t\t\t<\/div>\n\t\t\t\t\t\t\t\t<\/div>\n\t\t\t\t<\/div>\n\t\t\t\t\t<\/div>\n\t\t\t\t<\/div>\n\t\t\t\t<\/div>","protected":false},"excerpt":{"rendered":"<p>Modelo: <a href=\"https:\/\/linkeyegroup.com\/es\/producto\/tls-266b-juego-de-lentes-de-prueba\/\"><span style=\"color: #185ca2;\"><strong>TLS-266B<\/strong><\/span><\/a><\/p>\n<ul>\n<li>Juego completo de 267 lentes de prueba para uso cl\u00ednico diario<\/li>\n<li>Lentes \u00f3pticas de precisi\u00f3n normal para pruebas de refracci\u00f3n fiables<\/li>\n<li>Duradera construcci\u00f3n met\u00e1lica de la llanta para una larga vida \u00fatil<\/li>\n<li>Funda de transporte de aluminio para mayor protecci\u00f3n y portabilidad<\/li>\n<li>Disposici\u00f3n clara para una r\u00e1pida identificaci\u00f3n y manejo de los objetivos<\/li>\n<\/ul>","protected":false},"featured_media":12884,"template":"","meta":[],"product_brand":[82],"product_cat":[55],"product_tag":[166],"class_list":{"0":"post-12883","1":"product","2":"type-product","3":"status-publish","4":"has-post-thumbnail","6":"product_brand-shanghai-link","7":"product_cat-trial-lens-set","8":"product_tag-trial-lens-set","10":"first","11":"instock","12":"shipping-taxable","13":"product-type-simple"},"yoast_head":"<!-- This site is optimized with the Yoast SEO Premium plugin v22.0 (Yoast SEO v27.4) - https:\/\/yoast.com\/product\/yoast-seo-premium-wordpress\/ -->\n<title>TLS-266B Optometry Trial Lens Set | Metal Rim Design<\/title>\n<meta name=\"description\" content=\"The TLS-266B trial lens set features metal-rim lenses and an aluminum case, suitable for daily eye exams in hospitals and optical shops.\" \/>\n<meta name=\"robots\" content=\"index, follow, max-snippet:-1, max-image-preview:large, max-video-preview:-1\" \/>\n<link rel=\"canonical\" href=\"https:\/\/linkeyegroup.com\/es\/producto\/tls-266b-juego-de-lentes-de-prueba\/\" \/>\n<meta property=\"og:locale\" content=\"es_ES\" \/>\n<meta property=\"og:type\" content=\"article\" \/>\n<meta property=\"og:title\" content=\"TLS-266B Trial Lens Set\" \/>\n<meta property=\"og:description\" content=\"The TLS-266B trial lens set features metal-rim lenses and an aluminum case, suitable for daily eye exams in hospitals and optical shops.\" \/>\n<meta property=\"og:url\" content=\"https:\/\/linkeyegroup.com\/es\/producto\/tls-266b-juego-de-lentes-de-prueba\/\" \/>\n<meta property=\"og:site_name\" content=\"Shanghai LINK\" \/>\n<meta property=\"article:modified_time\" content=\"2026-02-26T06:24:38+00:00\" \/>\n<meta property=\"og:image\" content=\"https:\/\/linkeyegroup.com\/wp-content\/uploads\/2026\/02\/1-29.webp\" \/>\n\t<meta property=\"og:image:width\" content=\"900\" \/>\n\t<meta property=\"og:image:height\" content=\"900\" \/>\n\t<meta property=\"og:image:type\" content=\"image\/webp\" \/>\n<meta name=\"twitter:card\" content=\"summary_large_image\" \/>\n<script type=\"application\/ld+json\" class=\"yoast-schema-graph\">{\"@context\":\"https:\\\/\\\/schema.org\",\"@graph\":[{\"@type\":\"WebPage\",\"@id\":\"https:\\\/\\\/linkeyegroup.com\\\/product\\\/tls-266b-trial-lens-set\\\/\",\"url\":\"https:\\\/\\\/linkeyegroup.com\\\/product\\\/tls-266b-trial-lens-set\\\/\",\"name\":\"TLS-266B Optometry Trial Lens Set | Metal Rim Design\",\"isPartOf\":{\"@id\":\"https:\\\/\\\/linkeyegroup.com\\\/#website\"},\"primaryImageOfPage\":{\"@id\":\"https:\\\/\\\/linkeyegroup.com\\\/product\\\/tls-266b-trial-lens-set\\\/#primaryimage\"},\"image\":{\"@id\":\"https:\\\/\\\/linkeyegroup.com\\\/product\\\/tls-266b-trial-lens-set\\\/#primaryimage\"},\"thumbnailUrl\":\"https:\\\/\\\/linkeyegroup.com\\\/wp-content\\\/uploads\\\/2026\\\/02\\\/1-29.webp\",\"datePublished\":\"2026-02-26T05:50:40+00:00\",\"dateModified\":\"2026-02-26T06:24:38+00:00\",\"description\":\"The TLS-266B trial lens set features metal-rim lenses and an aluminum case, suitable for daily eye exams in hospitals and optical shops.\",\"breadcrumb\":{\"@id\":\"https:\\\/\\\/linkeyegroup.com\\\/product\\\/tls-266b-trial-lens-set\\\/#breadcrumb\"},\"inLanguage\":\"es\",\"potentialAction\":[{\"@type\":\"ReadAction\",\"target\":[\"https:\\\/\\\/linkeyegroup.com\\\/product\\\/tls-266b-trial-lens-set\\\/\"]}]},{\"@type\":\"ImageObject\",\"inLanguage\":\"es\",\"@id\":\"https:\\\/\\\/linkeyegroup.com\\\/product\\\/tls-266b-trial-lens-set\\\/#primaryimage\",\"url\":\"https:\\\/\\\/linkeyegroup.com\\\/wp-content\\\/uploads\\\/2026\\\/02\\\/1-29.webp\",\"contentUrl\":\"https:\\\/\\\/linkeyegroup.com\\\/wp-content\\\/uploads\\\/2026\\\/02\\\/1-29.webp\",\"width\":900,\"height\":900,\"caption\":\"TLS-266B Display image\"},{\"@type\":\"BreadcrumbList\",\"@id\":\"https:\\\/\\\/linkeyegroup.com\\\/product\\\/tls-266b-trial-lens-set\\\/#breadcrumb\",\"itemListElement\":[{\"@type\":\"ListItem\",\"position\":1,\"name\":\"Home\",\"item\":\"https:\\\/\\\/linkeyegroup.com\\\/\"},{\"@type\":\"ListItem\",\"position\":2,\"name\":\"\u4ea7\u54c1\",\"item\":\"https:\\\/\\\/linkeyegroup.com\\\/shop__trashed\\\/\"},{\"@type\":\"ListItem\",\"position\":3,\"name\":\"TLS-266B Trial Lens Set\"}]},{\"@type\":\"WebSite\",\"@id\":\"https:\\\/\\\/linkeyegroup.com\\\/#website\",\"url\":\"https:\\\/\\\/linkeyegroup.com\\\/\",\"name\":\"Shanghai LINK\",\"description\":\"\",\"publisher\":{\"@id\":\"https:\\\/\\\/linkeyegroup.com\\\/#organization\"},\"potentialAction\":[{\"@type\":\"SearchAction\",\"target\":{\"@type\":\"EntryPoint\",\"urlTemplate\":\"https:\\\/\\\/linkeyegroup.com\\\/?s={search_term_string}\"},\"query-input\":{\"@type\":\"PropertyValueSpecification\",\"valueRequired\":true,\"valueName\":\"search_term_string\"}}],\"inLanguage\":\"es\"},{\"@type\":\"Organization\",\"@id\":\"https:\\\/\\\/linkeyegroup.com\\\/#organization\",\"name\":\"Shanghai LINK\",\"url\":\"https:\\\/\\\/linkeyegroup.com\\\/\",\"logo\":{\"@type\":\"ImageObject\",\"inLanguage\":\"es\",\"@id\":\"https:\\\/\\\/linkeyegroup.com\\\/#\\\/schema\\\/logo\\\/image\\\/\",\"url\":\"https:\\\/\\\/linkeyegroup.com\\\/wp-content\\\/uploads\\\/2025\\\/09\\\/cropped-cropped-logo-1-1.webp\",\"contentUrl\":\"https:\\\/\\\/linkeyegroup.com\\\/wp-content\\\/uploads\\\/2025\\\/09\\\/cropped-cropped-logo-1-1.webp\",\"width\":210,\"height\":60,\"caption\":\"Shanghai LINK\"},\"image\":{\"@id\":\"https:\\\/\\\/linkeyegroup.com\\\/#\\\/schema\\\/logo\\\/image\\\/\"}}]}<\/script>\n<!-- \/ Yoast SEO Premium plugin. -->","yoast_head_json":{"title":"TLS-266B Juego de lentes de prueba para optometr\u00eda | Dise\u00f1o de montura met\u00e1lica","description":"El juego de lentes de prueba TLS-266B cuenta con lentes de montura met\u00e1lica y un estuche de aluminio, adecuado para ex\u00e1menes oculares diarios en hospitales y \u00f3pticas.","robots":{"index":"index","follow":"follow","max-snippet":"max-snippet:-1","max-image-preview":"max-image-preview:large","max-video-preview":"max-video-preview:-1"},"canonical":"https:\/\/linkeyegroup.com\/es\/producto\/tls-266b-juego-de-lentes-de-prueba\/","og_locale":"es_ES","og_type":"article","og_title":"TLS-266B Trial Lens Set","og_description":"The TLS-266B trial lens set features metal-rim lenses and an aluminum case, suitable for daily eye exams in hospitals and optical shops.","og_url":"https:\/\/linkeyegroup.com\/es\/producto\/tls-266b-juego-de-lentes-de-prueba\/","og_site_name":"Shanghai LINK","article_modified_time":"2026-02-26T06:24:38+00:00","og_image":[{"width":900,"height":900,"url":"https:\/\/linkeyegroup.com\/wp-content\/uploads\/2026\/02\/1-29.webp","type":"image\/webp"}],"twitter_card":"summary_large_image","schema":{"@context":"https:\/\/schema.org","@graph":[{"@type":"WebPage","@id":"https:\/\/linkeyegroup.com\/product\/tls-266b-trial-lens-set\/","url":"https:\/\/linkeyegroup.com\/product\/tls-266b-trial-lens-set\/","name":"TLS-266B Juego de lentes de prueba para optometr\u00eda | Dise\u00f1o de montura met\u00e1lica","isPartOf":{"@id":"https:\/\/linkeyegroup.com\/#website"},"primaryImageOfPage":{"@id":"https:\/\/linkeyegroup.com\/product\/tls-266b-trial-lens-set\/#primaryimage"},"image":{"@id":"https:\/\/linkeyegroup.com\/product\/tls-266b-trial-lens-set\/#primaryimage"},"thumbnailUrl":"https:\/\/linkeyegroup.com\/wp-content\/uploads\/2026\/02\/1-29.webp","datePublished":"2026-02-26T05:50:40+00:00","dateModified":"2026-02-26T06:24:38+00:00","description":"El juego de lentes de prueba TLS-266B cuenta con lentes de montura met\u00e1lica y un estuche de aluminio, adecuado para ex\u00e1menes oculares diarios en hospitales y \u00f3pticas.","breadcrumb":{"@id":"https:\/\/linkeyegroup.com\/product\/tls-266b-trial-lens-set\/#breadcrumb"},"inLanguage":"es","potentialAction":[{"@type":"ReadAction","target":["https:\/\/linkeyegroup.com\/product\/tls-266b-trial-lens-set\/"]}]},{"@type":"ImageObject","inLanguage":"es","@id":"https:\/\/linkeyegroup.com\/product\/tls-266b-trial-lens-set\/#primaryimage","url":"https:\/\/linkeyegroup.com\/wp-content\/uploads\/2026\/02\/1-29.webp","contentUrl":"https:\/\/linkeyegroup.com\/wp-content\/uploads\/2026\/02\/1-29.webp","width":900,"height":900,"caption":"TLS-266B Display image"},{"@type":"BreadcrumbList","@id":"https:\/\/linkeyegroup.com\/product\/tls-266b-trial-lens-set\/#breadcrumb","itemListElement":[{"@type":"ListItem","position":1,"name":"Home","item":"https:\/\/linkeyegroup.com\/"},{"@type":"ListItem","position":2,"name":"\u4ea7\u54c1","item":"https:\/\/linkeyegroup.com\/shop__trashed\/"},{"@type":"ListItem","position":3,"name":"TLS-266B Trial Lens Set"}]},{"@type":"WebSite","@id":"https:\/\/linkeyegroup.com\/#website","url":"https:\/\/linkeyegroup.com\/","name":"Shanghai ENLACE","description":"","publisher":{"@id":"https:\/\/linkeyegroup.com\/#organization"},"potentialAction":[{"@type":"SearchAction","target":{"@type":"EntryPoint","urlTemplate":"https:\/\/linkeyegroup.com\/?s={search_term_string}"},"query-input":{"@type":"PropertyValueSpecification","valueRequired":true,"valueName":"search_term_string"}}],"inLanguage":"es"},{"@type":"Organization","@id":"https:\/\/linkeyegroup.com\/#organization","name":"Shanghai ENLACE","url":"https:\/\/linkeyegroup.com\/","logo":{"@type":"ImageObject","inLanguage":"es","@id":"https:\/\/linkeyegroup.com\/#\/schema\/logo\/image\/","url":"https:\/\/linkeyegroup.com\/wp-content\/uploads\/2025\/09\/cropped-cropped-logo-1-1.webp","contentUrl":"https:\/\/linkeyegroup.com\/wp-content\/uploads\/2025\/09\/cropped-cropped-logo-1-1.webp","width":210,"height":60,"caption":"Shanghai LINK"},"image":{"@id":"https:\/\/linkeyegroup.com\/#\/schema\/logo\/image\/"}}]}},"_links":{"self":[{"href":"https:\/\/linkeyegroup.com\/es\/wp-json\/wp\/v2\/product\/12883","targetHints":{"allow":["GET"]}}],"collection":[{"href":"https:\/\/linkeyegroup.com\/es\/wp-json\/wp\/v2\/product"}],"about":[{"href":"https:\/\/linkeyegroup.com\/es\/wp-json\/wp\/v2\/types\/product"}],"version-history":[{"count":9,"href":"https:\/\/linkeyegroup.com\/es\/wp-json\/wp\/v2\/product\/12883\/revisions"}],"predecessor-version":[{"id":12901,"href":"https:\/\/linkeyegroup.com\/es\/wp-json\/wp\/v2\/product\/12883\/revisions\/12901"}],"wp:featuredmedia":[{"embeddable":true,"href":"https:\/\/linkeyegroup.com\/es\/wp-json\/wp\/v2\/media\/12884"}],"wp:attachment":[{"href":"https:\/\/linkeyegroup.com\/es\/wp-json\/wp\/v2\/media?parent=12883"}],"wp:term":[{"taxonomy":"product_brand","embeddable":true,"href":"https:\/\/linkeyegroup.com\/es\/wp-json\/wp\/v2\/product_brand?post=12883"},{"taxonomy":"product_cat","embeddable":true,"href":"https:\/\/linkeyegroup.com\/es\/wp-json\/wp\/v2\/product_cat?post=12883"},{"taxonomy":"product_tag","embeddable":true,"href":"https:\/\/linkeyegroup.com\/es\/wp-json\/wp\/v2\/product_tag?post=12883"}],"curies":[{"name":"wp","href":"https:\/\/api.w.org\/{rel}","templated":true}]}}