{"id":12847,"date":"2026-02-26T01:43:36","date_gmt":"2026-02-26T01:43:36","guid":{"rendered":"https:\/\/linkeyegroup.com\/?post_type=product&#038;p=12847"},"modified":"2026-02-26T03:41:13","modified_gmt":"2026-02-26T03:41:13","slug":"pd-1-regla-pd-optica-medica","status":"publish","type":"product","link":"https:\/\/linkeyegroup.com\/es\/product\/pd-1-medical-optical-pd-ruler\/","title":{"rendered":"PD-1 Regla \u00f3ptica m\u00e9dica para DP"},"content":{"rendered":"<div data-elementor-type=\"product-post\" data-elementor-id=\"12847\" class=\"elementor elementor-12847\" data-elementor-post-type=\"product\">\n\t\t\t\t<div class=\"elementor-element elementor-element-14bf3125 e-flex e-con-boxed e-con e-parent\" data-id=\"14bf3125\" data-element_type=\"container\" data-e-type=\"container\" id=\"information\">\n\t\t\t\t\t<div class=\"e-con-inner\">\n\t\t<div class=\"elementor-element elementor-element-40e106e e-con-full e-flex e-con e-child\" data-id=\"40e106e\" data-element_type=\"container\" data-e-type=\"container\">\n\t\t\t\t<div class=\"elementor-element elementor-element-0798bae elementor-widget elementor-widget-heading\" data-id=\"0798bae\" data-element_type=\"widget\" data-e-type=\"widget\" data-widget_type=\"heading.default\">\n\t\t\t\t\t<h2 class=\"elementor-heading-title elementor-size-default\">Explorar detalles<\/h2>\t\t\t\t<\/div>\n\t\t\t\t<div class=\"elementor-element elementor-element-a1831de elementor-widget__width-initial elementor-widget elementor-widget-heading\" data-id=\"a1831de\" data-element_type=\"widget\" data-e-type=\"widget\" data-widget_type=\"heading.default\">\n\t\t\t\t\t<p class=\"elementor-heading-title elementor-size-default\">        <\/p>\t\t\t\t<\/div>\n\t\t\t\t<div class=\"elementor-element elementor-element-577f92fc elementor-widget elementor-widget-text-editor\" data-id=\"577f92fc\" data-element_type=\"widget\" data-e-type=\"widget\" data-widget_type=\"text-editor.default\">\n\t\t\t\t\t\t\t\t\t<p>La regla \u00f3ptica m\u00e9dica PD-1 con oclusor ocular manual est\u00e1 dise\u00f1ada para ex\u00e1menes oculares, incluida la medici\u00f3n de la EP y la prueba de agudeza visual.<\/p><p>\u00bfQui\u00e9n necesita la regla PD personalizada con oclusor ocular?<br \/>\u00d3pticos, optometristas, oftalm\u00f3logos y personas que deseen comprar gafas en l\u00ednea. Se trata de un art\u00edculo promocional muy bueno, muy adecuado para hospitales y empresas farmac\u00e9uticas.<\/p>\t\t\t\t\t\t\t\t<\/div>\n\t\t\t\t<\/div>\n\t\t<div class=\"elementor-element elementor-element-35fbb1a e-con-full e-flex e-con e-child\" data-id=\"35fbb1a\" data-element_type=\"container\" data-e-type=\"container\">\n\t\t\t\t<div class=\"elementor-element elementor-element-bd5185d elementor-widget elementor-widget-image\" data-id=\"bd5185d\" data-element_type=\"widget\" data-e-type=\"widget\" data-widget_type=\"image.default\">\n\t\t\t\t\t\t\t\t\t\t\t\t\t\t\t<img fetchpriority=\"high\" decoding=\"async\" width=\"1024\" height=\"1282\" src=\"https:\/\/linkeyegroup.com\/wp-content\/uploads\/2026\/02\/PD-1-functional-illustration-image.webp\" class=\"attachment-full size-full wp-image-12857\" alt=\"Imagen de ilustraci\u00f3n funcional de PD-1\" srcset=\"https:\/\/linkeyegroup.com\/wp-content\/uploads\/2026\/02\/PD-1-functional-illustration-image.webp 1024w, https:\/\/linkeyegroup.com\/wp-content\/uploads\/2026\/02\/PD-1-functional-illustration-image-359x450.webp 359w, https:\/\/linkeyegroup.com\/wp-content\/uploads\/2026\/02\/PD-1-functional-illustration-image-818x1024.webp 818w, https:\/\/linkeyegroup.com\/wp-content\/uploads\/2026\/02\/PD-1-functional-illustration-image-768x962.webp 768w, https:\/\/linkeyegroup.com\/wp-content\/uploads\/2026\/02\/PD-1-functional-illustration-image-600x751.webp 600w\" sizes=\"(max-width: 1024px) 100vw, 1024px\" \/>\t\t\t\t\t\t\t\t\t\t\t\t\t\t\t<\/div>\n\t\t\t\t<\/div>\n\t\t<div class=\"elementor-element elementor-element-7fc0b52 e-con-full e-flex e-con e-child\" data-id=\"7fc0b52\" data-element_type=\"container\" data-e-type=\"container\" id=\"specification\">\n\t\t\t\t<div class=\"elementor-element elementor-element-7642180 elementor-widget elementor-widget-heading\" data-id=\"7642180\" data-element_type=\"widget\" data-e-type=\"widget\" data-widget_type=\"heading.default\">\n\t\t\t\t\t<h2 class=\"elementor-heading-title elementor-size-default\">Especificaciones:\n<\/h2>\t\t\t\t<\/div>\n\t\t\t\t<div class=\"elementor-element elementor-element-cf3ad62 elementor-widget elementor-widget-text-editor\" data-id=\"cf3ad62\" data-element_type=\"widget\" data-e-type=\"widget\" data-widget_type=\"text-editor.default\">\n\t\t\t\t\t\t\t\t\t<div class=\"ds-message _63c77b1\">\n<div class=\"ds-markdown\">\n<div class=\"ds-scroll-area _1210dd7 c03cafe9\">\n<table style=\"width: 80.6321%;\">\n<thead>\n<tr>\n<th style=\"width: 44.8598%;\">Par\u00e1metro<\/th>\n<th style=\"width: 67.2898%;\">Especificaci\u00f3n<\/th>\n<\/tr>\n<\/thead>\n<tbody>\n<tr>\n<td style=\"width: 44.8598%;\">Aplicaci\u00f3n<\/td>\n<td style=\"width: 67.2898%;\">Medici\u00f3n PD<\/td>\n<\/tr>\n<tr>\n<td style=\"width: 44.8598%;\">Material<\/td>\n<td style=\"width: 67.2898%;\">Pl\u00e1stico<\/td>\n<\/tr>\n<tr>\n<td style=\"width: 44.8598%;\">Embalaje<\/td>\n<td style=\"width: 67.2898%;\">Bolsa<\/td>\n<\/tr>\n<\/tbody>\n<\/table>\n<\/div>\n<\/div>\n<\/div>\t\t\t\t\t\t\t\t<\/div>\n\t\t\t\t<\/div>\n\t\t<div class=\"elementor-element elementor-element-2ec57bf e-con-full e-flex e-con e-child\" data-id=\"2ec57bf\" data-element_type=\"container\" data-e-type=\"container\" id=\"video\">\n\t\t\t\t<div class=\"elementor-element elementor-element-3546bb2 elementor-widget elementor-widget-heading\" data-id=\"3546bb2\" data-element_type=\"widget\" data-e-type=\"widget\" data-widget_type=\"heading.default\">\n\t\t\t\t\t<h2 class=\"elementor-heading-title elementor-size-default\">V\u00eddeo<\/h2>\t\t\t\t<\/div>\n\t\t\t\t<div class=\"elementor-element elementor-element-1e1b6fb elementor-widget__width-initial elementor-widget elementor-widget-heading\" data-id=\"1e1b6fb\" data-element_type=\"widget\" data-e-type=\"widget\" data-widget_type=\"heading.default\">\n\t\t\t\t\t<p class=\"elementor-heading-title elementor-size-default\">        <\/p>\t\t\t\t<\/div>\n\t\t<div class=\"elementor-element elementor-element-a33bfcc e-con-full e-flex e-con e-child\" data-id=\"a33bfcc\" data-element_type=\"container\" data-e-type=\"container\">\n\t\t<div class=\"elementor-element elementor-element-d99acad e-con-full e-flex e-con e-child\" data-id=\"d99acad\" data-element_type=\"container\" data-e-type=\"container\">\n\t\t\t\t<\/div>\n\t\t\t\t<\/div>\n\t\t\t\t<\/div>\n\t\t<div class=\"elementor-element elementor-element-a7f46eb e-con-full e-flex e-con e-child\" data-id=\"a7f46eb\" data-element_type=\"container\" data-e-type=\"container\">\n\t\t\t\t<div class=\"elementor-element elementor-element-4d39aca elementor-widget elementor-widget-text-editor\" data-id=\"4d39aca\" data-element_type=\"widget\" data-e-type=\"widget\" data-widget_type=\"text-editor.default\">\n\t\t\t\t\t\t\t\t\t<p><span style=\"font-size: 12pt;\"><strong>Servicios de confianza:<\/strong><\/span><\/p><p><span style=\"font-size: 12pt;\">1. Video chat para comprobar PD-1 m\u00e9dico \u00f3ptico PD regla.<\/span><\/p><p><span style=\"font-size: 12pt;\">2. Asistencia t\u00e9cnica y formaci\u00f3n en l\u00ednea gratuitas.<\/span><\/p><p><span style=\"font-size: 12pt;\">3. Asistencia gratuita en l\u00ednea para la instalaci\u00f3n.<\/span><\/p><p><span style=\"font-size: 12pt;\">4. 1-3 A\u00f1os de garant\u00eda de calidad.<\/span><\/p><p><span style=\"font-size: 12pt;\">5. Asistencia posventa de por vida.<\/span><\/p><p><span style=\"font-size: 12pt;\">6. La mayor\u00eda de los productos tienen certificaci\u00f3n CE e ISO 13485.<\/span><\/p><p><span style=\"font-size: 12pt;\">7. Personalizaci\u00f3n libre de la tensi\u00f3n de entrada y el enchufe para m\u00e1quinas el\u00e9ctricas.\u00a0<\/span><\/p><p><span style=\"font-size: 12pt;\">8. Env\u00edo r\u00e1pido a todo el mundo, 5-10 d\u00edas laborables de entrega para la mayor\u00eda de los pa\u00edses.\u00a0<\/span><\/p><p><span style=\"font-size: 12pt;\">9. 9. Se acepta el pago parcial por adelantado antes del env\u00edo.<\/span><\/p><p><span style=\"font-size: 12pt;\">10. Se pueden ofrecer a los distribuidores productos con descuento, sin marca o personalizados.<\/span><\/p>\t\t\t\t\t\t\t\t<\/div>\n\t\t\t\t<\/div>\n\t\t<div class=\"elementor-element elementor-element-f1ba3a9 e-con-full e-flex e-con e-child\" data-id=\"f1ba3a9\" data-element_type=\"container\" data-e-type=\"container\" id=\"brochure\" data-settings=\"{&quot;background_background&quot;:&quot;classic&quot;}\">\n\t\t\t\t<div class=\"elementor-element elementor-element-9ab95ba elementor-widget elementor-widget-heading\" data-id=\"9ab95ba\" data-element_type=\"widget\" data-e-type=\"widget\" data-widget_type=\"heading.default\">\n\t\t\t\t\t<h2 class=\"elementor-heading-title elementor-size-default\">Folleto<\/h2>\t\t\t\t<\/div>\n\t\t\t\t<div class=\"elementor-element elementor-element-7fd6792 elementor-widget__width-initial elementor-widget elementor-widget-heading\" data-id=\"7fd6792\" data-element_type=\"widget\" data-e-type=\"widget\" data-widget_type=\"heading.default\">\n\t\t\t\t\t<p class=\"elementor-heading-title elementor-size-default\">        <\/p>\t\t\t\t<\/div>\n\t\t<div class=\"elementor-element elementor-element-04a7c94 e-con-full reviews e-flex e-con e-child\" data-id=\"04a7c94\" data-element_type=\"container\" data-e-type=\"container\" id=\"reviews\">\n\t\t\t\t<div class=\"elementor-element elementor-element-81d3403 elementor-widget elementor-widget-button\" data-id=\"81d3403\" data-element_type=\"widget\" data-e-type=\"widget\" data-widget_type=\"button.default\">\n\t\t\t\t\t\t\t\t\t\t<a class=\"elementor-button elementor-button-link elementor-size-sm\" href=\"#\">\n\t\t\t\t\t\t<span class=\"elementor-button-content-wrapper\">\n\t\t\t\t\t\t\t\t\t<span class=\"elementor-button-text\">Descargar \u2192<\/span>\n\t\t\t\t\t<\/span>\n\t\t\t\t\t<\/a>\n\t\t\t\t\t\t\t\t<\/div>\n\t\t\t\t<div class=\"elementor-element elementor-element-0655778 elementor-widget elementor-widget-button\" data-id=\"0655778\" data-element_type=\"widget\" data-e-type=\"widget\" data-widget_type=\"button.default\">\n\t\t\t\t\t\t\t\t\t\t<a class=\"elementor-button elementor-button-link elementor-size-sm\" href=\"#message\">\n\t\t\t\t\t\t<span class=\"elementor-button-content-wrapper\">\n\t\t\t\t\t\t\t\t\t<span class=\"elementor-button-text\">Ver \u2192<\/span>\n\t\t\t\t\t<\/span>\n\t\t\t\t\t<\/a>\n\t\t\t\t\t\t\t\t<\/div>\n\t\t\t\t<\/div>\n\t\t\t\t<\/div>\n\t\t\t\t\t<\/div>\n\t\t\t\t<\/div>\n\t\t\t\t<\/div>","protected":false},"excerpt":{"rendered":"<p>Modelo: <a href=\"https:\/\/linkeyegroup.com\/es\/producto\/pd-1-regla-pd-optica-medica\/\"><span style=\"color: #185ca2;\"><strong>PD-1<\/strong><\/span><\/a><\/p>\n<ul>\n<li data-start=\"651\" data-end=\"717\">Medici\u00f3n precisa de la distancia pupilar (DP) para la adaptaci\u00f3n de gafas<\/li>\n<li data-start=\"651\" data-end=\"717\">Oclusor ocular manual integrado para pruebas de visi\u00f3n monocular<\/li>\n<li data-start=\"651\" data-end=\"717\">Ligero, port\u00e1til y f\u00e1cil de manejar<\/li>\n<li data-start=\"651\" data-end=\"717\">Apto para \u00f3pticos, optometristas y oftalm\u00f3logos<\/li>\n<li data-start=\"651\" data-end=\"717\">Art\u00edculo promocional ideal para hospitales, cl\u00ednicas y empresas farmac\u00e9uticas<\/li>\n<li data-start=\"651\" data-end=\"717\">\u00datil para los consumidores que compran gafas por Internet<\/li>\n<\/ul>","protected":false},"featured_media":12850,"template":"","meta":[],"product_brand":[82],"product_cat":[59],"product_tag":[158,159],"class_list":{"0":"post-12847","1":"product","2":"type-product","3":"status-publish","4":"has-post-thumbnail","6":"product_brand-shanghai-link","7":"product_cat-pd-meter","8":"product_tag-pd-meter","9":"product_tag-pd-ruler","11":"first","12":"instock","13":"shipping-taxable","14":"product-type-simple"},"yoast_head":"<!-- This site is optimized with the Yoast SEO Premium plugin v22.0 (Yoast SEO v27.4) - https:\/\/yoast.com\/product\/yoast-seo-premium-wordpress\/ -->\n<title>PD-1 Medical Optical PD Ruler | Pupillary Distance Measure<\/title>\n<meta name=\"description\" content=\"PD-1 medical PD ruler with built-in eye occluder is designed for pupillary distance measurement and basic vision testing in clinics and optical shops.\" \/>\n<meta name=\"robots\" content=\"index, follow, max-snippet:-1, max-image-preview:large, max-video-preview:-1\" \/>\n<link rel=\"canonical\" href=\"https:\/\/linkeyegroup.com\/es\/producto\/pd-1-regla-pd-optica-medica\/\" \/>\n<meta property=\"og:locale\" content=\"es_ES\" \/>\n<meta property=\"og:type\" content=\"article\" \/>\n<meta property=\"og:title\" content=\"PD-1 Medical Optical PD Ruler\" \/>\n<meta property=\"og:description\" content=\"PD-1 medical PD ruler with built-in eye occluder is designed for pupillary distance measurement and basic vision testing in clinics and optical shops.\" \/>\n<meta property=\"og:url\" content=\"https:\/\/linkeyegroup.com\/es\/producto\/pd-1-regla-pd-optica-medica\/\" \/>\n<meta property=\"og:site_name\" content=\"Shanghai LINK\" \/>\n<meta property=\"article:modified_time\" content=\"2026-02-26T03:41:13+00:00\" \/>\n<meta property=\"og:image\" content=\"https:\/\/linkeyegroup.com\/wp-content\/uploads\/2026\/02\/3-15.webp\" \/>\n\t<meta property=\"og:image:width\" content=\"900\" \/>\n\t<meta property=\"og:image:height\" content=\"900\" \/>\n\t<meta property=\"og:image:type\" content=\"image\/webp\" \/>\n<meta name=\"twitter:card\" content=\"summary_large_image\" \/>\n<script type=\"application\/ld+json\" class=\"yoast-schema-graph\">{\"@context\":\"https:\\\/\\\/schema.org\",\"@graph\":[{\"@type\":\"WebPage\",\"@id\":\"https:\\\/\\\/linkeyegroup.com\\\/product\\\/pd-1-medical-optical-pd-ruler\\\/\",\"url\":\"https:\\\/\\\/linkeyegroup.com\\\/product\\\/pd-1-medical-optical-pd-ruler\\\/\",\"name\":\"PD-1 Medical Optical PD Ruler | Pupillary Distance Measure\",\"isPartOf\":{\"@id\":\"https:\\\/\\\/linkeyegroup.com\\\/#website\"},\"primaryImageOfPage\":{\"@id\":\"https:\\\/\\\/linkeyegroup.com\\\/product\\\/pd-1-medical-optical-pd-ruler\\\/#primaryimage\"},\"image\":{\"@id\":\"https:\\\/\\\/linkeyegroup.com\\\/product\\\/pd-1-medical-optical-pd-ruler\\\/#primaryimage\"},\"thumbnailUrl\":\"https:\\\/\\\/linkeyegroup.com\\\/wp-content\\\/uploads\\\/2026\\\/02\\\/3-15.webp\",\"datePublished\":\"2026-02-26T01:43:36+00:00\",\"dateModified\":\"2026-02-26T03:41:13+00:00\",\"description\":\"PD-1 medical PD ruler with built-in eye occluder is designed for pupillary distance measurement and basic vision testing in clinics and optical shops.\",\"breadcrumb\":{\"@id\":\"https:\\\/\\\/linkeyegroup.com\\\/product\\\/pd-1-medical-optical-pd-ruler\\\/#breadcrumb\"},\"inLanguage\":\"es\",\"potentialAction\":[{\"@type\":\"ReadAction\",\"target\":[\"https:\\\/\\\/linkeyegroup.com\\\/product\\\/pd-1-medical-optical-pd-ruler\\\/\"]}]},{\"@type\":\"ImageObject\",\"inLanguage\":\"es\",\"@id\":\"https:\\\/\\\/linkeyegroup.com\\\/product\\\/pd-1-medical-optical-pd-ruler\\\/#primaryimage\",\"url\":\"https:\\\/\\\/linkeyegroup.com\\\/wp-content\\\/uploads\\\/2026\\\/02\\\/3-15.webp\",\"contentUrl\":\"https:\\\/\\\/linkeyegroup.com\\\/wp-content\\\/uploads\\\/2026\\\/02\\\/3-15.webp\",\"width\":900,\"height\":900,\"caption\":\"PD-1 PD Ruler\"},{\"@type\":\"BreadcrumbList\",\"@id\":\"https:\\\/\\\/linkeyegroup.com\\\/product\\\/pd-1-medical-optical-pd-ruler\\\/#breadcrumb\",\"itemListElement\":[{\"@type\":\"ListItem\",\"position\":1,\"name\":\"Home\",\"item\":\"https:\\\/\\\/linkeyegroup.com\\\/\"},{\"@type\":\"ListItem\",\"position\":2,\"name\":\"\u4ea7\u54c1\",\"item\":\"https:\\\/\\\/linkeyegroup.com\\\/shop__trashed\\\/\"},{\"@type\":\"ListItem\",\"position\":3,\"name\":\"PD-1 Medical Optical PD Ruler\"}]},{\"@type\":\"WebSite\",\"@id\":\"https:\\\/\\\/linkeyegroup.com\\\/#website\",\"url\":\"https:\\\/\\\/linkeyegroup.com\\\/\",\"name\":\"Shanghai LINK\",\"description\":\"\",\"publisher\":{\"@id\":\"https:\\\/\\\/linkeyegroup.com\\\/#organization\"},\"potentialAction\":[{\"@type\":\"SearchAction\",\"target\":{\"@type\":\"EntryPoint\",\"urlTemplate\":\"https:\\\/\\\/linkeyegroup.com\\\/?s={search_term_string}\"},\"query-input\":{\"@type\":\"PropertyValueSpecification\",\"valueRequired\":true,\"valueName\":\"search_term_string\"}}],\"inLanguage\":\"es\"},{\"@type\":\"Organization\",\"@id\":\"https:\\\/\\\/linkeyegroup.com\\\/#organization\",\"name\":\"Shanghai LINK\",\"url\":\"https:\\\/\\\/linkeyegroup.com\\\/\",\"logo\":{\"@type\":\"ImageObject\",\"inLanguage\":\"es\",\"@id\":\"https:\\\/\\\/linkeyegroup.com\\\/#\\\/schema\\\/logo\\\/image\\\/\",\"url\":\"https:\\\/\\\/linkeyegroup.com\\\/wp-content\\\/uploads\\\/2025\\\/09\\\/cropped-cropped-logo-1-1.webp\",\"contentUrl\":\"https:\\\/\\\/linkeyegroup.com\\\/wp-content\\\/uploads\\\/2025\\\/09\\\/cropped-cropped-logo-1-1.webp\",\"width\":210,\"height\":60,\"caption\":\"Shanghai LINK\"},\"image\":{\"@id\":\"https:\\\/\\\/linkeyegroup.com\\\/#\\\/schema\\\/logo\\\/image\\\/\"}}]}<\/script>\n<!-- \/ Yoast SEO Premium plugin. -->","yoast_head_json":{"title":"PD-1 Medical Optical PD Ruler | Medidor de distancia pupilar","description":"La regla m\u00e9dica PD-1 con oclusor ocular incorporado est\u00e1 dise\u00f1ada para medir la distancia pupilar y realizar pruebas b\u00e1sicas de visi\u00f3n en cl\u00ednicas y \u00f3pticas.","robots":{"index":"index","follow":"follow","max-snippet":"max-snippet:-1","max-image-preview":"max-image-preview:large","max-video-preview":"max-video-preview:-1"},"canonical":"https:\/\/linkeyegroup.com\/es\/producto\/pd-1-regla-pd-optica-medica\/","og_locale":"es_ES","og_type":"article","og_title":"PD-1 Medical Optical PD Ruler","og_description":"PD-1 medical PD ruler with built-in eye occluder is designed for pupillary distance measurement and basic vision testing in clinics and optical shops.","og_url":"https:\/\/linkeyegroup.com\/es\/producto\/pd-1-regla-pd-optica-medica\/","og_site_name":"Shanghai LINK","article_modified_time":"2026-02-26T03:41:13+00:00","og_image":[{"width":900,"height":900,"url":"https:\/\/linkeyegroup.com\/wp-content\/uploads\/2026\/02\/3-15.webp","type":"image\/webp"}],"twitter_card":"summary_large_image","schema":{"@context":"https:\/\/schema.org","@graph":[{"@type":"WebPage","@id":"https:\/\/linkeyegroup.com\/product\/pd-1-medical-optical-pd-ruler\/","url":"https:\/\/linkeyegroup.com\/product\/pd-1-medical-optical-pd-ruler\/","name":"PD-1 Medical Optical PD Ruler | Medidor de distancia pupilar","isPartOf":{"@id":"https:\/\/linkeyegroup.com\/#website"},"primaryImageOfPage":{"@id":"https:\/\/linkeyegroup.com\/product\/pd-1-medical-optical-pd-ruler\/#primaryimage"},"image":{"@id":"https:\/\/linkeyegroup.com\/product\/pd-1-medical-optical-pd-ruler\/#primaryimage"},"thumbnailUrl":"https:\/\/linkeyegroup.com\/wp-content\/uploads\/2026\/02\/3-15.webp","datePublished":"2026-02-26T01:43:36+00:00","dateModified":"2026-02-26T03:41:13+00:00","description":"La regla m\u00e9dica PD-1 con oclusor ocular incorporado est\u00e1 dise\u00f1ada para medir la distancia pupilar y realizar pruebas b\u00e1sicas de visi\u00f3n en cl\u00ednicas y \u00f3pticas.","breadcrumb":{"@id":"https:\/\/linkeyegroup.com\/product\/pd-1-medical-optical-pd-ruler\/#breadcrumb"},"inLanguage":"es","potentialAction":[{"@type":"ReadAction","target":["https:\/\/linkeyegroup.com\/product\/pd-1-medical-optical-pd-ruler\/"]}]},{"@type":"ImageObject","inLanguage":"es","@id":"https:\/\/linkeyegroup.com\/product\/pd-1-medical-optical-pd-ruler\/#primaryimage","url":"https:\/\/linkeyegroup.com\/wp-content\/uploads\/2026\/02\/3-15.webp","contentUrl":"https:\/\/linkeyegroup.com\/wp-content\/uploads\/2026\/02\/3-15.webp","width":900,"height":900,"caption":"PD-1 PD Ruler"},{"@type":"BreadcrumbList","@id":"https:\/\/linkeyegroup.com\/product\/pd-1-medical-optical-pd-ruler\/#breadcrumb","itemListElement":[{"@type":"ListItem","position":1,"name":"Home","item":"https:\/\/linkeyegroup.com\/"},{"@type":"ListItem","position":2,"name":"\u4ea7\u54c1","item":"https:\/\/linkeyegroup.com\/shop__trashed\/"},{"@type":"ListItem","position":3,"name":"PD-1 Medical Optical PD Ruler"}]},{"@type":"WebSite","@id":"https:\/\/linkeyegroup.com\/#website","url":"https:\/\/linkeyegroup.com\/","name":"Shanghai ENLACE","description":"","publisher":{"@id":"https:\/\/linkeyegroup.com\/#organization"},"potentialAction":[{"@type":"SearchAction","target":{"@type":"EntryPoint","urlTemplate":"https:\/\/linkeyegroup.com\/?s={search_term_string}"},"query-input":{"@type":"PropertyValueSpecification","valueRequired":true,"valueName":"search_term_string"}}],"inLanguage":"es"},{"@type":"Organization","@id":"https:\/\/linkeyegroup.com\/#organization","name":"Shanghai ENLACE","url":"https:\/\/linkeyegroup.com\/","logo":{"@type":"ImageObject","inLanguage":"es","@id":"https:\/\/linkeyegroup.com\/#\/schema\/logo\/image\/","url":"https:\/\/linkeyegroup.com\/wp-content\/uploads\/2025\/09\/cropped-cropped-logo-1-1.webp","contentUrl":"https:\/\/linkeyegroup.com\/wp-content\/uploads\/2025\/09\/cropped-cropped-logo-1-1.webp","width":210,"height":60,"caption":"Shanghai LINK"},"image":{"@id":"https:\/\/linkeyegroup.com\/#\/schema\/logo\/image\/"}}]}},"_links":{"self":[{"href":"https:\/\/linkeyegroup.com\/es\/wp-json\/wp\/v2\/product\/12847","targetHints":{"allow":["GET"]}}],"collection":[{"href":"https:\/\/linkeyegroup.com\/es\/wp-json\/wp\/v2\/product"}],"about":[{"href":"https:\/\/linkeyegroup.com\/es\/wp-json\/wp\/v2\/types\/product"}],"version-history":[{"count":8,"href":"https:\/\/linkeyegroup.com\/es\/wp-json\/wp\/v2\/product\/12847\/revisions"}],"predecessor-version":[{"id":12861,"href":"https:\/\/linkeyegroup.com\/es\/wp-json\/wp\/v2\/product\/12847\/revisions\/12861"}],"wp:featuredmedia":[{"embeddable":true,"href":"https:\/\/linkeyegroup.com\/es\/wp-json\/wp\/v2\/media\/12850"}],"wp:attachment":[{"href":"https:\/\/linkeyegroup.com\/es\/wp-json\/wp\/v2\/media?parent=12847"}],"wp:term":[{"taxonomy":"product_brand","embeddable":true,"href":"https:\/\/linkeyegroup.com\/es\/wp-json\/wp\/v2\/product_brand?post=12847"},{"taxonomy":"product_cat","embeddable":true,"href":"https:\/\/linkeyegroup.com\/es\/wp-json\/wp\/v2\/product_cat?post=12847"},{"taxonomy":"product_tag","embeddable":true,"href":"https:\/\/linkeyegroup.com\/es\/wp-json\/wp\/v2\/product_tag?post=12847"}],"curies":[{"name":"wp","href":"https:\/\/api.w.org\/{rel}","templated":true}]}}