{"id":12263,"date":"2026-01-29T05:12:52","date_gmt":"2026-01-29T05:12:52","guid":{"rendered":"https:\/\/linkeyegroup.com\/?post_type=product&#038;p=12263"},"modified":"2026-01-29T05:24:56","modified_gmt":"2026-01-29T05:24:56","slug":"pulidora-automatica-ap-100","status":"publish","type":"product","link":"https:\/\/linkeyegroup.com\/es\/product\/ap-100-auto-polisher\/","title":{"rendered":"AP-100 Auto Polisher"},"content":{"rendered":"<div data-elementor-type=\"product-post\" data-elementor-id=\"12263\" class=\"elementor elementor-12263\" data-elementor-post-type=\"product\">\n\t\t\t\t<div class=\"elementor-element elementor-element-14bf3125 e-flex e-con-boxed e-con e-parent\" data-id=\"14bf3125\" data-element_type=\"container\" id=\"information\">\n\t\t\t\t\t<div class=\"e-con-inner\">\n\t\t<div class=\"elementor-element elementor-element-40e106e e-con-full e-flex e-con e-child\" data-id=\"40e106e\" data-element_type=\"container\">\n\t\t\t\t<div class=\"elementor-element elementor-element-0798bae elementor-widget elementor-widget-heading\" data-id=\"0798bae\" data-element_type=\"widget\" data-widget_type=\"heading.default\">\n\t\t\t\t\t<h2 class=\"elementor-heading-title elementor-size-default\">Explorar detalles<\/h2>\t\t\t\t<\/div>\n\t\t\t\t<div class=\"elementor-element elementor-element-a1831de elementor-widget__width-initial elementor-widget elementor-widget-heading\" data-id=\"a1831de\" data-element_type=\"widget\" data-widget_type=\"heading.default\">\n\t\t\t\t\t<p class=\"elementor-heading-title elementor-size-default\">        <\/p>\t\t\t\t<\/div>\n\t\t\t\t<div class=\"elementor-element elementor-element-577f92fc elementor-widget elementor-widget-text-editor\" data-id=\"577f92fc\" data-element_type=\"widget\" data-widget_type=\"text-editor.default\">\n\t\t\t\t\t\t\t\t\t<p>La pulidora autom\u00e1tica AP-100 est\u00e1 dise\u00f1ada para el pulido autom\u00e1tico de bordes de lentes en talleres \u00f3pticos y laboratorios peque\u00f1os. Ofrece un rendimiento de pulido estable con un funcionamiento sencillo, lo que ayuda a mejorar la calidad de acabado de las lentes al tiempo que reduce la carga de trabajo manual.<\/p><p>Su tama\u00f1o compacto facilita su colocaci\u00f3n en bancos de trabajo sin ocupar mucho espacio.<\/p>\t\t\t\t\t\t\t\t<\/div>\n\t\t\t\t<\/div>\n\t\t<div class=\"elementor-element elementor-element-35fbb1a e-con-full e-flex e-con e-child\" data-id=\"35fbb1a\" data-element_type=\"container\">\n\t\t\t\t<div class=\"elementor-element elementor-element-bd5185d elementor-widget elementor-widget-image\" data-id=\"bd5185d\" data-element_type=\"widget\" data-widget_type=\"image.default\">\n\t\t\t\t\t\t\t\t\t\t\t\t\t\t\t<img fetchpriority=\"high\" decoding=\"async\" width=\"1024\" height=\"1282\" src=\"https:\/\/linkeyegroup.com\/wp-content\/uploads\/2026\/01\/AP-100-functional-illustration-image.webp\" class=\"attachment-full size-full wp-image-12270\" alt=\"AP-100 imagen de ilustraci\u00f3n funcional\" srcset=\"https:\/\/linkeyegroup.com\/wp-content\/uploads\/2026\/01\/AP-100-functional-illustration-image.webp 1024w, https:\/\/linkeyegroup.com\/wp-content\/uploads\/2026\/01\/AP-100-functional-illustration-image-359x450.webp 359w, https:\/\/linkeyegroup.com\/wp-content\/uploads\/2026\/01\/AP-100-functional-illustration-image-818x1024.webp 818w, https:\/\/linkeyegroup.com\/wp-content\/uploads\/2026\/01\/AP-100-functional-illustration-image-768x962.webp 768w, https:\/\/linkeyegroup.com\/wp-content\/uploads\/2026\/01\/AP-100-functional-illustration-image-600x751.webp 600w\" sizes=\"(max-width: 1024px) 100vw, 1024px\" \/>\t\t\t\t\t\t\t\t\t\t\t\t\t\t\t<\/div>\n\t\t\t\t<\/div>\n\t\t<div class=\"elementor-element elementor-element-7fc0b52 e-con-full e-flex e-con e-child\" data-id=\"7fc0b52\" data-element_type=\"container\" id=\"specification\">\n\t\t\t\t<div class=\"elementor-element elementor-element-7642180 elementor-widget elementor-widget-heading\" data-id=\"7642180\" data-element_type=\"widget\" data-widget_type=\"heading.default\">\n\t\t\t\t\t<h2 class=\"elementor-heading-title elementor-size-default\">Especificaciones:\n<\/h2>\t\t\t\t<\/div>\n\t\t\t\t<div class=\"elementor-element elementor-element-cf3ad62 elementor-widget elementor-widget-text-editor\" data-id=\"cf3ad62\" data-element_type=\"widget\" data-widget_type=\"text-editor.default\">\n\t\t\t\t\t\t\t\t\t<table><thead><tr><th>Par\u00e1metro<\/th><th>Especificaci\u00f3n<\/th><\/tr><\/thead><tbody><tr><td>Tensi\u00f3n el\u00e9ctrica<\/td><td>AC220V\/110V 50 Hz \/ 60 Hz<\/td><\/tr><tr><td>Dimensiones<\/td><td>230 (largo) \u00d7 150 (ancho) \u00d7 160 (alto) mm<\/td><\/tr><tr><td>Peso<\/td><td>6,7 kg<\/td><\/tr><\/tbody><\/table><p>\u00a0<\/p>\t\t\t\t\t\t\t\t<\/div>\n\t\t\t\t<\/div>\n\t\t<div class=\"elementor-element elementor-element-2ec57bf e-con-full e-flex e-con e-child\" data-id=\"2ec57bf\" data-element_type=\"container\" id=\"video\">\n\t\t\t\t<div class=\"elementor-element elementor-element-3546bb2 elementor-widget elementor-widget-heading\" data-id=\"3546bb2\" data-element_type=\"widget\" data-widget_type=\"heading.default\">\n\t\t\t\t\t<h2 class=\"elementor-heading-title elementor-size-default\">V\u00eddeo<\/h2>\t\t\t\t<\/div>\n\t\t\t\t<div class=\"elementor-element elementor-element-1e1b6fb elementor-widget__width-initial elementor-widget elementor-widget-heading\" data-id=\"1e1b6fb\" data-element_type=\"widget\" data-widget_type=\"heading.default\">\n\t\t\t\t\t<p class=\"elementor-heading-title elementor-size-default\">        <\/p>\t\t\t\t<\/div>\n\t\t<div class=\"elementor-element elementor-element-a33bfcc e-con-full e-flex e-con e-child\" data-id=\"a33bfcc\" data-element_type=\"container\">\n\t\t<div class=\"elementor-element elementor-element-d99acad e-con-full e-flex e-con e-child\" data-id=\"d99acad\" data-element_type=\"container\">\n\t\t\t\t<div class=\"elementor-element elementor-element-2de6100 elementor-widget__width-initial elementor-widget-mobile__width-inherit elementor-widget elementor-widget-video\" data-id=\"2de6100\" data-element_type=\"widget\" data-settings=\"{&quot;video_type&quot;:&quot;hosted&quot;,&quot;controls&quot;:&quot;yes&quot;}\" data-widget_type=\"video.default\">\n\t\t\t\t\t\t\t<div class=\"e-hosted-video elementor-wrapper elementor-open-inline\">\n\t\t\t\t\t<video class=\"elementor-video\" src=\"#\" controls=\"\" preload=\"metadata\" controlslist=\"nodownload\"><\/video>\n\t\t\t\t<\/div>\n\t\t\t\t\t\t<\/div>\n\t\t\t\t<\/div>\n\t\t\t\t<\/div>\n\t\t\t\t<\/div>\n\t\t<div class=\"elementor-element elementor-element-a7f46eb e-con-full e-flex e-con e-child\" data-id=\"a7f46eb\" data-element_type=\"container\">\n\t\t\t\t<div class=\"elementor-element elementor-element-4d39aca elementor-widget elementor-widget-text-editor\" data-id=\"4d39aca\" data-element_type=\"widget\" data-widget_type=\"text-editor.default\">\n\t\t\t\t\t\t\t\t\t<p><span style=\"font-size: 12pt;\"><strong>Servicios de confianza:<\/strong><\/span><\/p><p><span style=\"font-size: 12pt;\">1. Video chat para comprobar AP-100 Auto Polisher .<\/span><\/p><p><span style=\"font-size: 12pt;\">2. Asistencia t\u00e9cnica y formaci\u00f3n en l\u00ednea gratuitas.<\/span><\/p><p><span style=\"font-size: 12pt;\">3. Asistencia gratuita en l\u00ednea para la instalaci\u00f3n.<\/span><\/p><p><span style=\"font-size: 12pt;\">4. 1-3 A\u00f1os de garant\u00eda de calidad.<\/span><\/p><p><span style=\"font-size: 12pt;\">5. Asistencia posventa de por vida.<\/span><\/p><p><span style=\"font-size: 12pt;\">6. La mayor\u00eda de los productos tienen certificaci\u00f3n CE e ISO 13485.<\/span><\/p><p><span style=\"font-size: 12pt;\">7. Personalizaci\u00f3n libre de la tensi\u00f3n de entrada y el enchufe para m\u00e1quinas el\u00e9ctricas.\u00a0<\/span><\/p><p><span style=\"font-size: 12pt;\">8. Env\u00edo r\u00e1pido a todo el mundo, 5-10 d\u00edas laborables de entrega para la mayor\u00eda de los pa\u00edses.\u00a0<\/span><\/p><p><span style=\"font-size: 12pt;\">9. 9. Se acepta el pago parcial por adelantado antes del env\u00edo.<\/span><\/p><p><span style=\"font-size: 12pt;\">10. Se pueden ofrecer a los distribuidores productos con descuento, sin marca o personalizados.<\/span><\/p>\t\t\t\t\t\t\t\t<\/div>\n\t\t\t\t<\/div>\n\t\t<div class=\"elementor-element elementor-element-f1ba3a9 e-con-full e-flex e-con e-child\" data-id=\"f1ba3a9\" data-element_type=\"container\" id=\"brochure\" data-settings=\"{&quot;background_background&quot;:&quot;classic&quot;}\">\n\t\t\t\t<div class=\"elementor-element elementor-element-9ab95ba elementor-widget elementor-widget-heading\" data-id=\"9ab95ba\" data-element_type=\"widget\" data-widget_type=\"heading.default\">\n\t\t\t\t\t<h2 class=\"elementor-heading-title elementor-size-default\">Folleto<\/h2>\t\t\t\t<\/div>\n\t\t\t\t<div class=\"elementor-element elementor-element-7fd6792 elementor-widget__width-initial elementor-widget elementor-widget-heading\" data-id=\"7fd6792\" data-element_type=\"widget\" data-widget_type=\"heading.default\">\n\t\t\t\t\t<p class=\"elementor-heading-title elementor-size-default\">        <\/p>\t\t\t\t<\/div>\n\t\t<div class=\"elementor-element elementor-element-04a7c94 e-con-full reviews e-flex e-con e-child\" data-id=\"04a7c94\" data-element_type=\"container\" id=\"reviews\">\n\t\t\t\t<div class=\"elementor-element elementor-element-81d3403 elementor-widget elementor-widget-button\" data-id=\"81d3403\" data-element_type=\"widget\" data-widget_type=\"button.default\">\n\t\t\t\t\t\t\t\t\t\t<a class=\"elementor-button elementor-button-link elementor-size-sm\" href=\"#\">\n\t\t\t\t\t\t<span class=\"elementor-button-content-wrapper\">\n\t\t\t\t\t\t\t\t\t<span class=\"elementor-button-text\">Descargar \u2192<\/span>\n\t\t\t\t\t<\/span>\n\t\t\t\t\t<\/a>\n\t\t\t\t\t\t\t\t<\/div>\n\t\t\t\t<div class=\"elementor-element elementor-element-0655778 elementor-widget elementor-widget-button\" data-id=\"0655778\" data-element_type=\"widget\" data-widget_type=\"button.default\">\n\t\t\t\t\t\t\t\t\t\t<a class=\"elementor-button elementor-button-link elementor-size-sm\" href=\"#message\">\n\t\t\t\t\t\t<span class=\"elementor-button-content-wrapper\">\n\t\t\t\t\t\t\t\t\t<span class=\"elementor-button-text\">Ver \u2192<\/span>\n\t\t\t\t\t<\/span>\n\t\t\t\t\t<\/a>\n\t\t\t\t\t\t\t\t<\/div>\n\t\t\t\t<\/div>\n\t\t\t\t<\/div>\n\t\t<div class=\"elementor-element elementor-element-056a761 e-con-full e-flex e-con e-child\" data-id=\"056a761\" data-element_type=\"container\">\n\t\t<div class=\"elementor-element elementor-element-d7bb8e5 e-con-full e-flex e-con e-child\" data-id=\"d7bb8e5\" data-element_type=\"container\">\n\t\t\t\t<div class=\"elementor-element elementor-element-d74fb08 elementor-widget elementor-widget-heading\" data-id=\"d74fb08\" data-element_type=\"widget\" data-widget_type=\"heading.default\">\n\t\t\t\t\t<h2 class=\"elementor-heading-title elementor-size-default\">Rese\u00f1as - What About <\/h2>\t\t\t\t<\/div>\n\t\t\t\t<div class=\"elementor-element elementor-element-5fccace elementor-widget elementor-widget-woocommerce-product-title elementor-page-title elementor-widget-heading\" data-id=\"5fccace\" data-element_type=\"widget\" data-widget_type=\"woocommerce-product-title.default\">\n\t\t\t\t\t<h2 class=\"product_title entry-title elementor-heading-title elementor-size-default\">AP-100 Auto Polisher<\/h2>\t\t\t\t<\/div>\n\t\t\t\t<\/div>\n\t\t\t\t<div class=\"elementor-element elementor-element-8d16dd3 elementor-testimonial--skin-default elementor-testimonial--layout-image_inline elementor-testimonial--align-center elementor-arrows-yes elementor-pagination-type-bullets elementor-widget elementor-widget-testimonial-carousel\" data-id=\"8d16dd3\" data-element_type=\"widget\" data-settings=\"{&quot;show_arrows&quot;:&quot;yes&quot;,&quot;pagination&quot;:&quot;bullets&quot;,&quot;speed&quot;:500,&quot;autoplay&quot;:&quot;yes&quot;,&quot;autoplay_speed&quot;:5000,&quot;loop&quot;:&quot;yes&quot;,&quot;pause_on_hover&quot;:&quot;yes&quot;,&quot;pause_on_interaction&quot;:&quot;yes&quot;,&quot;space_between&quot;:{&quot;unit&quot;:&quot;px&quot;,&quot;size&quot;:10,&quot;sizes&quot;:[]},&quot;space_between_tablet&quot;:{&quot;unit&quot;:&quot;px&quot;,&quot;size&quot;:10,&quot;sizes&quot;:[]},&quot;space_between_mobile&quot;:{&quot;unit&quot;:&quot;px&quot;,&quot;size&quot;:10,&quot;sizes&quot;:[]}}\" data-widget_type=\"testimonial-carousel.default\">\n\t\t\t\t\t\t\t\t\t\t<div class=\"elementor-main-swiper swiper\" role=\"region\" aria-roledescription=\"carousel\" aria-label=\"Diapositivas\">\n\t\t\t\t<div class=\"swiper-wrapper\">\n\t\t\t\t\t\t\t\t\t\t\t<div class=\"swiper-slide\" role=\"group\" aria-roledescription=\"slide\">\n\t\t\t\t\t\t\t\t\t<div class=\"elementor-testimonial\">\n\t\t\t\t\t\t\t<div class=\"elementor-testimonial__content\">\n\t\t\t\t\t<div class=\"elementor-testimonial__text\">\n\t\t\t\t\t\t\"He estado utilizando el AP-100 a diario en nuestro laboratorio, y funciona muy bien con resultados de pulido estables\".\"\t\t\t\t\t<\/div>\n\t\t\t\t\t\t\t\t\t<\/div>\n\t\t\t\t\t\t<div class=\"elementor-testimonial__footer\">\n\t\t\t\t\t\t\t\t\t<div class=\"elementor-testimonial__image\">\n\t\t\t\t\t\t<img decoding=\"async\" src=\"https:\/\/linkeyegroup.com\/wp-content\/uploads\/2026\/01\/Jason-Miller.webp\" alt=\"Jason Miller\">\n\t\t\t\t\t\t\t\t\t\t\t<\/div>\n\t\t\t\t\t\t\t\t<cite class=\"elementor-testimonial__cite\"><span class=\"elementor-testimonial__name\">Jason Miller<\/span><span class=\"elementor-testimonial__title\">\u2b50\u2b50\u2b50\u2b50\u2b50<\/span><\/cite>\t\t\t<\/div>\n\t\t<\/div>\n\t\t\t\t\t\t\t\t<\/div>\n\t\t\t\t\t\t\t\t\t\t\t<div class=\"swiper-slide\" role=\"group\" aria-roledescription=\"slide\">\n\t\t\t\t\t\t\t\t\t<div class=\"elementor-testimonial\">\n\t\t\t\t\t\t\t<div class=\"elementor-testimonial__content\">\n\t\t\t\t\t<div class=\"elementor-testimonial__text\">\n\t\t\t\t\t\t\"La calidad del pulido es buena, aunque la m\u00e1quina es un poco pesada para moverla con frecuencia. Una vez colocada, sin embargo, se mantiene muy estable durante el funcionamiento.\"\t\t\t\t\t<\/div>\n\t\t\t\t\t\t\t\t\t<\/div>\n\t\t\t\t\t\t<div class=\"elementor-testimonial__footer\">\n\t\t\t\t\t\t\t\t\t<div class=\"elementor-testimonial__image\">\n\t\t\t\t\t\t<img decoding=\"async\" src=\"https:\/\/linkeyegroup.com\/wp-content\/uploads\/2026\/01\/David-Reynolds.webp\" alt=\"David Reynolds\">\n\t\t\t\t\t\t\t\t\t\t\t<\/div>\n\t\t\t\t\t\t\t\t<cite class=\"elementor-testimonial__cite\"><span class=\"elementor-testimonial__name\">David Reynolds<\/span><span class=\"elementor-testimonial__title\">\u2b50\u2b50\u2b50\u2b50<\/span><\/cite>\t\t\t<\/div>\n\t\t<\/div>\n\t\t\t\t\t\t\t\t<\/div>\n\t\t\t\t\t\t\t\t\t<\/div>\n\t\t\t\t\t\t\t\t\t\t\t\t\t\t\t<div class=\"elementor-swiper-button elementor-swiper-button-prev\" role=\"button\" tabindex=\"0\" aria-label=\"Anterior\">\n\t\t\t\t\t\t\t<svg aria-hidden=\"true\" class=\"e-font-icon-svg e-eicon-chevron-left\" viewbox=\"0 0 1000 1000\" xmlns=\"http:\/\/www.w3.org\/2000\/svg\"><path d=\"M646 125C629 125 613 133 604 142L308 442C296 454 292 471 292 487 292 504 296 521 308 533L604 854C617 867 629 875 646 875 663 875 679 871 692 858 704 846 713 829 713 812 713 796 708 779 692 767L438 487 692 225C700 217 708 204 708 187 708 171 704 154 692 142 675 129 663 125 646 125Z\"><\/path><\/svg>\t\t\t\t\t\t<\/div>\n\t\t\t\t\t\t<div class=\"elementor-swiper-button elementor-swiper-button-next\" role=\"button\" tabindex=\"0\" aria-label=\"Siguiente\">\n\t\t\t\t\t\t\t<svg aria-hidden=\"true\" class=\"e-font-icon-svg e-eicon-chevron-right\" viewbox=\"0 0 1000 1000\" xmlns=\"http:\/\/www.w3.org\/2000\/svg\"><path d=\"M696 533C708 521 713 504 713 487 713 471 708 454 696 446L400 146C388 133 375 125 354 125 338 125 325 129 313 142 300 154 292 171 292 187 292 204 296 221 308 233L563 492 304 771C292 783 288 800 288 817 288 833 296 850 308 863 321 871 338 875 354 875 371 875 388 867 400 854L696 533Z\"><\/path><\/svg>\t\t\t\t\t\t<\/div>\n\t\t\t\t\t\t\t\t\t\t\t\t\t\t\t\t<div class=\"swiper-pagination\"><\/div>\n\t\t\t\t\t\t\t\t\t\t\t\t<\/div>\n\t\t\t\t\t\t\t\t<\/div>\n\t\t\t\t<\/div>\n\t\t\t\t\t<\/div>\n\t\t\t\t<\/div>\n\t\t\t\t<\/div>","protected":false},"excerpt":{"rendered":"<p>Modelo: <a href=\"https:\/\/linkeyegroup.com\/es\/producto\/pulidora-automatica-ap-100\/\"><span style=\"color: #185ca2;\"><strong>AP-100<\/strong><\/span><\/a><\/p>\n<ul>\n<li>Pulido autom\u00e1tico para resultados uniformes<\/li>\n<li>Estructura compacta y estable adecuada para el uso diario en laboratorio<\/li>\n<li>F\u00e1cil manejo con una formaci\u00f3n m\u00ednima<\/li>\n<li>Rendimiento fiable para tareas de pulido continuas<\/li>\n<\/ul>","protected":false},"featured_media":12264,"template":"","meta":[],"product_brand":[82],"product_cat":[225],"product_tag":[120,121],"class_list":{"0":"post-12263","1":"product","2":"type-product","3":"status-publish","4":"has-post-thumbnail","6":"product_brand-shanghai-link","7":"product_cat-auto-polisher","8":"product_tag-ophthalmoscope","9":"product_tag-retinoscope","11":"first","12":"instock","13":"shipping-taxable","14":"product-type-simple"},"yoast_head":"<!-- This site is optimized with the Yoast SEO Premium plugin v22.0 (Yoast SEO v26.0) - https:\/\/yoast.com\/wordpress\/plugins\/seo\/ -->\n<title>AP-100 Automatic Lens Polisher Machine<\/title>\n<meta name=\"description\" content=\"The AP-100 automatic polisher delivers consistent lens polishing with reliable operation. Compact design makes it suitable for optical laboratories and small workshops.\" \/>\n<meta name=\"robots\" content=\"index, follow, max-snippet:-1, max-image-preview:large, max-video-preview:-1\" \/>\n<link rel=\"canonical\" href=\"https:\/\/linkeyegroup.com\/es\/producto\/pulidora-automatica-ap-100\/\" \/>\n<meta property=\"og:locale\" content=\"es_ES\" \/>\n<meta property=\"og:type\" content=\"article\" \/>\n<meta property=\"og:title\" content=\"AP-100 Auto Polisher\" \/>\n<meta property=\"og:description\" content=\"The AP-100 automatic polisher delivers consistent lens polishing with reliable operation. Compact design makes it suitable for optical laboratories and small workshops.\" \/>\n<meta property=\"og:url\" content=\"https:\/\/linkeyegroup.com\/es\/producto\/pulidora-automatica-ap-100\/\" \/>\n<meta property=\"og:site_name\" content=\"Shanghai LINK\" \/>\n<meta property=\"article:modified_time\" content=\"2026-01-29T05:24:56+00:00\" \/>\n<meta property=\"og:image\" content=\"https:\/\/linkeyegroup.com\/wp-content\/uploads\/2026\/01\/1-35.webp\" \/>\n\t<meta property=\"og:image:width\" content=\"900\" \/>\n\t<meta property=\"og:image:height\" content=\"900\" \/>\n\t<meta property=\"og:image:type\" content=\"image\/webp\" \/>\n<meta name=\"twitter:card\" content=\"summary_large_image\" \/>\n<script type=\"application\/ld+json\" class=\"yoast-schema-graph\">{\"@context\":\"https:\/\/schema.org\",\"@graph\":[{\"@type\":\"WebPage\",\"@id\":\"https:\/\/linkeyegroup.com\/product\/ap-100-auto-polisher\/\",\"url\":\"https:\/\/linkeyegroup.com\/product\/ap-100-auto-polisher\/\",\"name\":\"AP-100 Automatic Lens Polisher Machine\",\"isPartOf\":{\"@id\":\"https:\/\/linkeyegroup.com\/#website\"},\"primaryImageOfPage\":{\"@id\":\"https:\/\/linkeyegroup.com\/product\/ap-100-auto-polisher\/#primaryimage\"},\"image\":{\"@id\":\"https:\/\/linkeyegroup.com\/product\/ap-100-auto-polisher\/#primaryimage\"},\"thumbnailUrl\":\"https:\/\/linkeyegroup.com\/wp-content\/uploads\/2026\/01\/1-35.webp\",\"datePublished\":\"2026-01-29T05:12:52+00:00\",\"dateModified\":\"2026-01-29T05:24:56+00:00\",\"description\":\"The AP-100 automatic polisher delivers consistent lens polishing with reliable operation. Compact design makes it suitable for optical laboratories and small workshops.\",\"breadcrumb\":{\"@id\":\"https:\/\/linkeyegroup.com\/product\/ap-100-auto-polisher\/#breadcrumb\"},\"inLanguage\":\"es\",\"potentialAction\":[{\"@type\":\"ReadAction\",\"target\":[\"https:\/\/linkeyegroup.com\/product\/ap-100-auto-polisher\/\"]}]},{\"@type\":\"ImageObject\",\"inLanguage\":\"es\",\"@id\":\"https:\/\/linkeyegroup.com\/product\/ap-100-auto-polisher\/#primaryimage\",\"url\":\"https:\/\/linkeyegroup.com\/wp-content\/uploads\/2026\/01\/1-35.webp\",\"contentUrl\":\"https:\/\/linkeyegroup.com\/wp-content\/uploads\/2026\/01\/1-35.webp\",\"width\":900,\"height\":900,\"caption\":\"AP-100 Auto Polisher\"},{\"@type\":\"BreadcrumbList\",\"@id\":\"https:\/\/linkeyegroup.com\/product\/ap-100-auto-polisher\/#breadcrumb\",\"itemListElement\":[{\"@type\":\"ListItem\",\"position\":1,\"name\":\"Home\",\"item\":\"https:\/\/linkeyegroup.com\/\"},{\"@type\":\"ListItem\",\"position\":2,\"name\":\"\u4ea7\u54c1\",\"item\":\"https:\/\/linkeyegroup.com\/shop__trashed\/\"},{\"@type\":\"ListItem\",\"position\":3,\"name\":\"AP-100 Auto Polisher\"}]},{\"@type\":\"WebSite\",\"@id\":\"https:\/\/linkeyegroup.com\/#website\",\"url\":\"https:\/\/linkeyegroup.com\/\",\"name\":\"Shanghai LINK\",\"description\":\"\",\"publisher\":{\"@id\":\"https:\/\/linkeyegroup.com\/#organization\"},\"potentialAction\":[{\"@type\":\"SearchAction\",\"target\":{\"@type\":\"EntryPoint\",\"urlTemplate\":\"https:\/\/linkeyegroup.com\/?s={search_term_string}\"},\"query-input\":{\"@type\":\"PropertyValueSpecification\",\"valueRequired\":true,\"valueName\":\"search_term_string\"}}],\"inLanguage\":\"es\"},{\"@type\":\"Organization\",\"@id\":\"https:\/\/linkeyegroup.com\/#organization\",\"name\":\"Shanghai LINK\",\"url\":\"https:\/\/linkeyegroup.com\/\",\"logo\":{\"@type\":\"ImageObject\",\"inLanguage\":\"es\",\"@id\":\"https:\/\/linkeyegroup.com\/#\/schema\/logo\/image\/\",\"url\":\"https:\/\/linkeyegroup.com\/wp-content\/uploads\/2025\/09\/cropped-cropped-logo-1-1.webp\",\"contentUrl\":\"https:\/\/linkeyegroup.com\/wp-content\/uploads\/2025\/09\/cropped-cropped-logo-1-1.webp\",\"width\":210,\"height\":60,\"caption\":\"Shanghai LINK\"},\"image\":{\"@id\":\"https:\/\/linkeyegroup.com\/#\/schema\/logo\/image\/\"}}]}<\/script>\n<!-- \/ Yoast SEO Premium plugin. -->","yoast_head_json":{"title":"AP-100 M\u00e1quina pulidora autom\u00e1tica de lentes","description":"La pulidora autom\u00e1tica AP-100 ofrece un pulido de lentes uniforme con un funcionamiento fiable. Su dise\u00f1o compacto la hace adecuada para laboratorios \u00f3pticos y talleres peque\u00f1os.","robots":{"index":"index","follow":"follow","max-snippet":"max-snippet:-1","max-image-preview":"max-image-preview:large","max-video-preview":"max-video-preview:-1"},"canonical":"https:\/\/linkeyegroup.com\/es\/producto\/pulidora-automatica-ap-100\/","og_locale":"es_ES","og_type":"article","og_title":"AP-100 Auto Polisher","og_description":"The AP-100 automatic polisher delivers consistent lens polishing with reliable operation. Compact design makes it suitable for optical laboratories and small workshops.","og_url":"https:\/\/linkeyegroup.com\/es\/producto\/pulidora-automatica-ap-100\/","og_site_name":"Shanghai LINK","article_modified_time":"2026-01-29T05:24:56+00:00","og_image":[{"width":900,"height":900,"url":"https:\/\/linkeyegroup.com\/wp-content\/uploads\/2026\/01\/1-35.webp","type":"image\/webp"}],"twitter_card":"summary_large_image","schema":{"@context":"https:\/\/schema.org","@graph":[{"@type":"WebPage","@id":"https:\/\/linkeyegroup.com\/product\/ap-100-auto-polisher\/","url":"https:\/\/linkeyegroup.com\/product\/ap-100-auto-polisher\/","name":"AP-100 M\u00e1quina pulidora autom\u00e1tica de lentes","isPartOf":{"@id":"https:\/\/linkeyegroup.com\/#website"},"primaryImageOfPage":{"@id":"https:\/\/linkeyegroup.com\/product\/ap-100-auto-polisher\/#primaryimage"},"image":{"@id":"https:\/\/linkeyegroup.com\/product\/ap-100-auto-polisher\/#primaryimage"},"thumbnailUrl":"https:\/\/linkeyegroup.com\/wp-content\/uploads\/2026\/01\/1-35.webp","datePublished":"2026-01-29T05:12:52+00:00","dateModified":"2026-01-29T05:24:56+00:00","description":"La pulidora autom\u00e1tica AP-100 ofrece un pulido de lentes uniforme con un funcionamiento fiable. Su dise\u00f1o compacto la hace adecuada para laboratorios \u00f3pticos y talleres peque\u00f1os.","breadcrumb":{"@id":"https:\/\/linkeyegroup.com\/product\/ap-100-auto-polisher\/#breadcrumb"},"inLanguage":"es","potentialAction":[{"@type":"ReadAction","target":["https:\/\/linkeyegroup.com\/product\/ap-100-auto-polisher\/"]}]},{"@type":"ImageObject","inLanguage":"es","@id":"https:\/\/linkeyegroup.com\/product\/ap-100-auto-polisher\/#primaryimage","url":"https:\/\/linkeyegroup.com\/wp-content\/uploads\/2026\/01\/1-35.webp","contentUrl":"https:\/\/linkeyegroup.com\/wp-content\/uploads\/2026\/01\/1-35.webp","width":900,"height":900,"caption":"AP-100 Auto Polisher"},{"@type":"BreadcrumbList","@id":"https:\/\/linkeyegroup.com\/product\/ap-100-auto-polisher\/#breadcrumb","itemListElement":[{"@type":"ListItem","position":1,"name":"Home","item":"https:\/\/linkeyegroup.com\/"},{"@type":"ListItem","position":2,"name":"\u4ea7\u54c1","item":"https:\/\/linkeyegroup.com\/shop__trashed\/"},{"@type":"ListItem","position":3,"name":"AP-100 Auto Polisher"}]},{"@type":"WebSite","@id":"https:\/\/linkeyegroup.com\/#website","url":"https:\/\/linkeyegroup.com\/","name":"Shanghai ENLACE","description":"","publisher":{"@id":"https:\/\/linkeyegroup.com\/#organization"},"potentialAction":[{"@type":"SearchAction","target":{"@type":"EntryPoint","urlTemplate":"https:\/\/linkeyegroup.com\/?s={search_term_string}"},"query-input":{"@type":"PropertyValueSpecification","valueRequired":true,"valueName":"search_term_string"}}],"inLanguage":"es"},{"@type":"Organization","@id":"https:\/\/linkeyegroup.com\/#organization","name":"Shanghai ENLACE","url":"https:\/\/linkeyegroup.com\/","logo":{"@type":"ImageObject","inLanguage":"es","@id":"https:\/\/linkeyegroup.com\/#\/schema\/logo\/image\/","url":"https:\/\/linkeyegroup.com\/wp-content\/uploads\/2025\/09\/cropped-cropped-logo-1-1.webp","contentUrl":"https:\/\/linkeyegroup.com\/wp-content\/uploads\/2025\/09\/cropped-cropped-logo-1-1.webp","width":210,"height":60,"caption":"Shanghai LINK"},"image":{"@id":"https:\/\/linkeyegroup.com\/#\/schema\/logo\/image\/"}}]}},"_links":{"self":[{"href":"https:\/\/linkeyegroup.com\/es\/wp-json\/wp\/v2\/product\/12263","targetHints":{"allow":["GET"]}}],"collection":[{"href":"https:\/\/linkeyegroup.com\/es\/wp-json\/wp\/v2\/product"}],"about":[{"href":"https:\/\/linkeyegroup.com\/es\/wp-json\/wp\/v2\/types\/product"}],"version-history":[{"count":11,"href":"https:\/\/linkeyegroup.com\/es\/wp-json\/wp\/v2\/product\/12263\/revisions"}],"predecessor-version":[{"id":12282,"href":"https:\/\/linkeyegroup.com\/es\/wp-json\/wp\/v2\/product\/12263\/revisions\/12282"}],"wp:featuredmedia":[{"embeddable":true,"href":"https:\/\/linkeyegroup.com\/es\/wp-json\/wp\/v2\/media\/12264"}],"wp:attachment":[{"href":"https:\/\/linkeyegroup.com\/es\/wp-json\/wp\/v2\/media?parent=12263"}],"wp:term":[{"taxonomy":"product_brand","embeddable":true,"href":"https:\/\/linkeyegroup.com\/es\/wp-json\/wp\/v2\/product_brand?post=12263"},{"taxonomy":"product_cat","embeddable":true,"href":"https:\/\/linkeyegroup.com\/es\/wp-json\/wp\/v2\/product_cat?post=12263"},{"taxonomy":"product_tag","embeddable":true,"href":"https:\/\/linkeyegroup.com\/es\/wp-json\/wp\/v2\/product_tag?post=12263"}],"curies":[{"name":"wp","href":"https:\/\/api.w.org\/{rel}","templated":true}]}}