{"id":12153,"date":"2026-01-28T06:44:42","date_gmt":"2026-01-28T06:44:42","guid":{"rendered":"https:\/\/linkeyegroup.com\/?post_type=product&#038;p=12153"},"modified":"2026-01-28T06:54:29","modified_gmt":"2026-01-28T06:54:29","slug":"brazo-de-foroptero-pa-2","status":"publish","type":"product","link":"https:\/\/linkeyegroup.com\/es\/product\/pa-2-phoropter-arm\/","title":{"rendered":"Brazo de for\u00f3ptero PA-2"},"content":{"rendered":"<div data-elementor-type=\"product-post\" data-elementor-id=\"12153\" class=\"elementor elementor-12153\" data-elementor-post-type=\"product\">\n\t\t\t\t<div class=\"elementor-element elementor-element-14bf3125 e-flex e-con-boxed e-con e-parent\" data-id=\"14bf3125\" data-element_type=\"container\" data-e-type=\"container\" id=\"information\">\n\t\t\t\t\t<div class=\"e-con-inner\">\n\t\t<div class=\"elementor-element elementor-element-40e106e e-con-full e-flex e-con e-child\" data-id=\"40e106e\" data-element_type=\"container\" data-e-type=\"container\">\n\t\t\t\t<div class=\"elementor-element elementor-element-0798bae elementor-widget elementor-widget-heading\" data-id=\"0798bae\" data-element_type=\"widget\" data-e-type=\"widget\" data-widget_type=\"heading.default\">\n\t\t\t\t\t<h2 class=\"elementor-heading-title elementor-size-default\">Explorar detalles<\/h2>\t\t\t\t<\/div>\n\t\t\t\t<div class=\"elementor-element elementor-element-a1831de elementor-widget__width-initial elementor-widget elementor-widget-heading\" data-id=\"a1831de\" data-element_type=\"widget\" data-e-type=\"widget\" data-widget_type=\"heading.default\">\n\t\t\t\t\t<p class=\"elementor-heading-title elementor-size-default\">        <\/p>\t\t\t\t<\/div>\n\t\t\t\t<div class=\"elementor-element elementor-element-577f92fc elementor-widget elementor-widget-text-editor\" data-id=\"577f92fc\" data-element_type=\"widget\" data-e-type=\"widget\" data-widget_type=\"text-editor.default\">\n\t\t\t\t\t\t\t\t\t<p>El brazo para for\u00f3ptero PA-2 est\u00e1 dise\u00f1ado para su instalaci\u00f3n fija en una columna, proporcionando un posicionamiento estable y preciso para for\u00f3pteros en salas de examen oftalmol\u00f3gico y optom\u00e9trico. Su s\u00f3lida estructura y su amplia capacidad de carga lo hacen adecuado para el uso cl\u00ednico diario.<\/p>\t\t\t\t\t\t\t\t<\/div>\n\t\t\t\t<\/div>\n\t\t<div class=\"elementor-element elementor-element-35fbb1a e-con-full e-flex e-con e-child\" data-id=\"35fbb1a\" data-element_type=\"container\" data-e-type=\"container\">\n\t\t\t\t<div class=\"elementor-element elementor-element-b51933e elementor-widget elementor-widget-image\" data-id=\"b51933e\" data-element_type=\"widget\" data-e-type=\"widget\" data-widget_type=\"image.default\">\n\t\t\t\t\t\t\t\t\t\t\t\t\t\t\t<img fetchpriority=\"high\" decoding=\"async\" width=\"1024\" height=\"1282\" src=\"https:\/\/linkeyegroup.com\/wp-content\/uploads\/2026\/01\/PA-2-functional-illustration-image.webp\" class=\"attachment-full size-full wp-image-12159\" alt=\"Imagen de la ilustraci\u00f3n funcional del PA-2\" srcset=\"https:\/\/linkeyegroup.com\/wp-content\/uploads\/2026\/01\/PA-2-functional-illustration-image.webp 1024w, https:\/\/linkeyegroup.com\/wp-content\/uploads\/2026\/01\/PA-2-functional-illustration-image-359x450.webp 359w, https:\/\/linkeyegroup.com\/wp-content\/uploads\/2026\/01\/PA-2-functional-illustration-image-818x1024.webp 818w, https:\/\/linkeyegroup.com\/wp-content\/uploads\/2026\/01\/PA-2-functional-illustration-image-768x962.webp 768w, https:\/\/linkeyegroup.com\/wp-content\/uploads\/2026\/01\/PA-2-functional-illustration-image-600x751.webp 600w\" sizes=\"(max-width: 1024px) 100vw, 1024px\" \/>\t\t\t\t\t\t\t\t\t\t\t\t\t\t\t<\/div>\n\t\t\t\t<\/div>\n\t\t<div class=\"elementor-element elementor-element-7fc0b52 e-con-full e-flex e-con e-child\" data-id=\"7fc0b52\" data-element_type=\"container\" data-e-type=\"container\" id=\"specification\">\n\t\t\t\t<div class=\"elementor-element elementor-element-7642180 elementor-widget elementor-widget-heading\" data-id=\"7642180\" data-element_type=\"widget\" data-e-type=\"widget\" data-widget_type=\"heading.default\">\n\t\t\t\t\t<h2 class=\"elementor-heading-title elementor-size-default\">Especificaciones:\n<\/h2>\t\t\t\t<\/div>\n\t\t\t\t<div class=\"elementor-element elementor-element-cf3ad62 elementor-widget elementor-widget-text-editor\" data-id=\"cf3ad62\" data-element_type=\"widget\" data-e-type=\"widget\" data-widget_type=\"text-editor.default\">\n\t\t\t\t\t\t\t\t\t<div class=\"ds-scroll-area _1210dd7 c03cafe9\"><div class=\"ds-message _63c77b1\"><div class=\"ds-markdown\"><div class=\"ds-message _63c77b1\"><table><thead><tr><th>Par\u00e1metro<\/th><th>Especificaci\u00f3n<\/th><\/tr><\/thead><tbody><tr><td>Tama\u00f1o m\u00e1ximo<\/td><td>670 \u00d7 200 \u00d7 100 mm<\/td><\/tr><tr><td>\u00c1ngulo del brazo oscilante<\/td><td>+35\u00b0<\/td><\/tr><tr><td>Peso m\u00e1ximo de suspensi\u00f3n<\/td><td>80 kg<\/td><\/tr><tr><td>\u00c1ngulo de rotaci\u00f3n del brazo oscilante<\/td><td>90\u00b0<\/td><\/tr><tr><td>Tama\u00f1o del embalaje<\/td><td>720 \u00d7 330 \u00d7 220 mm<\/td><\/tr><tr><td>Volumen de envasado<\/td><td>0,05 metros c\u00fabicos<\/td><\/tr><\/tbody><\/table><\/div><\/div><\/div><\/div>\t\t\t\t\t\t\t\t<\/div>\n\t\t\t\t<\/div>\n\t\t<div class=\"elementor-element elementor-element-a7f46eb e-con-full e-flex e-con e-child\" data-id=\"a7f46eb\" data-element_type=\"container\" data-e-type=\"container\">\n\t\t\t\t<div class=\"elementor-element elementor-element-4d39aca elementor-widget elementor-widget-text-editor\" data-id=\"4d39aca\" data-element_type=\"widget\" data-e-type=\"widget\" data-widget_type=\"text-editor.default\">\n\t\t\t\t\t\t\t\t\t<p><span style=\"font-size: 12pt;\"><strong>Servicios de confianza:<\/strong><\/span><\/p><p><span style=\"font-size: 12pt;\">1. Videochat para comprobar el brazo del for\u00f3ptero PA-2.<\/span><\/p><p><span style=\"font-size: 12pt;\">2. Asistencia t\u00e9cnica y formaci\u00f3n en l\u00ednea gratuitas.<\/span><\/p><p><span style=\"font-size: 12pt;\">3. Asistencia gratuita en l\u00ednea para la instalaci\u00f3n.<\/span><\/p><p><span style=\"font-size: 12pt;\">4. 1-3 A\u00f1os de garant\u00eda de calidad.<\/span><\/p><p><span style=\"font-size: 12pt;\">5. Asistencia posventa de por vida.<\/span><\/p><p><span style=\"font-size: 12pt;\">6. La mayor\u00eda de los productos tienen certificaci\u00f3n CE e ISO 13485.<\/span><\/p><p><span style=\"font-size: 12pt;\">7. Personalizaci\u00f3n libre de la tensi\u00f3n de entrada y el enchufe para m\u00e1quinas el\u00e9ctricas.\u00a0<\/span><\/p><p><span style=\"font-size: 12pt;\">8. Env\u00edo r\u00e1pido a todo el mundo, 5-10 d\u00edas laborables de entrega para la mayor\u00eda de los pa\u00edses.\u00a0<\/span><\/p><p><span style=\"font-size: 12pt;\">9. 9. Se acepta el pago parcial por adelantado antes del env\u00edo.<\/span><\/p><p><span style=\"font-size: 12pt;\">10. Se pueden ofrecer a los distribuidores productos con descuento, sin marca o personalizados.<\/span><\/p>\t\t\t\t\t\t\t\t<\/div>\n\t\t\t\t<\/div>\n\t\t<div class=\"elementor-element elementor-element-f1ba3a9 e-con-full e-flex e-con e-child\" data-id=\"f1ba3a9\" data-element_type=\"container\" data-e-type=\"container\" id=\"brochure\" data-settings=\"{&quot;background_background&quot;:&quot;classic&quot;}\">\n\t\t\t\t<div class=\"elementor-element elementor-element-9ab95ba elementor-widget elementor-widget-heading\" data-id=\"9ab95ba\" data-element_type=\"widget\" data-e-type=\"widget\" data-widget_type=\"heading.default\">\n\t\t\t\t\t<h2 class=\"elementor-heading-title elementor-size-default\">Folleto<\/h2>\t\t\t\t<\/div>\n\t\t\t\t<div class=\"elementor-element elementor-element-7fd6792 elementor-widget__width-initial elementor-widget elementor-widget-heading\" data-id=\"7fd6792\" data-element_type=\"widget\" data-e-type=\"widget\" data-widget_type=\"heading.default\">\n\t\t\t\t\t<p class=\"elementor-heading-title elementor-size-default\">        <\/p>\t\t\t\t<\/div>\n\t\t<div class=\"elementor-element elementor-element-04a7c94 e-con-full reviews e-flex e-con e-child\" data-id=\"04a7c94\" data-element_type=\"container\" data-e-type=\"container\" id=\"reviews\">\n\t\t\t\t<div class=\"elementor-element elementor-element-81d3403 elementor-widget elementor-widget-button\" data-id=\"81d3403\" data-element_type=\"widget\" data-e-type=\"widget\" data-widget_type=\"button.default\">\n\t\t\t\t\t\t\t\t\t\t<a class=\"elementor-button elementor-button-link elementor-size-sm\" href=\"#\">\n\t\t\t\t\t\t<span class=\"elementor-button-content-wrapper\">\n\t\t\t\t\t\t\t\t\t<span class=\"elementor-button-text\">Descargar \u2192<\/span>\n\t\t\t\t\t<\/span>\n\t\t\t\t\t<\/a>\n\t\t\t\t\t\t\t\t<\/div>\n\t\t\t\t<div class=\"elementor-element elementor-element-0655778 elementor-widget elementor-widget-button\" data-id=\"0655778\" data-element_type=\"widget\" data-e-type=\"widget\" data-widget_type=\"button.default\">\n\t\t\t\t\t\t\t\t\t\t<a class=\"elementor-button elementor-button-link elementor-size-sm\" href=\"#message\">\n\t\t\t\t\t\t<span class=\"elementor-button-content-wrapper\">\n\t\t\t\t\t\t\t\t\t<span class=\"elementor-button-text\">Ver \u2192<\/span>\n\t\t\t\t\t<\/span>\n\t\t\t\t\t<\/a>\n\t\t\t\t\t\t\t\t<\/div>\n\t\t\t\t<\/div>\n\t\t\t\t<\/div>\n\t\t<div class=\"elementor-element elementor-element-056a761 e-con-full e-flex e-con e-child\" data-id=\"056a761\" data-element_type=\"container\" data-e-type=\"container\">\n\t\t<div class=\"elementor-element elementor-element-d7bb8e5 e-con-full e-flex e-con e-child\" data-id=\"d7bb8e5\" data-element_type=\"container\" data-e-type=\"container\">\n\t\t\t\t<div class=\"elementor-element elementor-element-d74fb08 elementor-widget elementor-widget-heading\" data-id=\"d74fb08\" data-element_type=\"widget\" data-e-type=\"widget\" data-widget_type=\"heading.default\">\n\t\t\t\t\t<h2 class=\"elementor-heading-title elementor-size-default\">Rese\u00f1as - What About <\/h2>\t\t\t\t<\/div>\n\t\t\t\t<div class=\"elementor-element elementor-element-5fccace elementor-widget elementor-widget-woocommerce-product-title elementor-page-title elementor-widget-heading\" data-id=\"5fccace\" data-element_type=\"widget\" data-e-type=\"widget\" data-widget_type=\"woocommerce-product-title.default\">\n\t\t\t\t\t<h2 class=\"product_title entry-title elementor-heading-title elementor-size-default\">Brazo de for\u00f3ptero PA-2<\/h2>\t\t\t\t<\/div>\n\t\t\t\t<\/div>\n\t\t\t\t<div class=\"elementor-element elementor-element-8d16dd3 elementor-testimonial--skin-default elementor-testimonial--layout-image_inline elementor-testimonial--align-center elementor-arrows-yes elementor-pagination-type-bullets elementor-widget elementor-widget-testimonial-carousel\" data-id=\"8d16dd3\" data-element_type=\"widget\" data-e-type=\"widget\" data-settings=\"{&quot;show_arrows&quot;:&quot;yes&quot;,&quot;pagination&quot;:&quot;bullets&quot;,&quot;speed&quot;:500,&quot;autoplay&quot;:&quot;yes&quot;,&quot;autoplay_speed&quot;:5000,&quot;loop&quot;:&quot;yes&quot;,&quot;pause_on_hover&quot;:&quot;yes&quot;,&quot;pause_on_interaction&quot;:&quot;yes&quot;,&quot;space_between&quot;:{&quot;unit&quot;:&quot;px&quot;,&quot;size&quot;:10,&quot;sizes&quot;:[]},&quot;space_between_tablet&quot;:{&quot;unit&quot;:&quot;px&quot;,&quot;size&quot;:10,&quot;sizes&quot;:[]},&quot;space_between_mobile&quot;:{&quot;unit&quot;:&quot;px&quot;,&quot;size&quot;:10,&quot;sizes&quot;:[]}}\" data-widget_type=\"testimonial-carousel.default\">\n\t\t\t\t\t\t\t\t\t\t<div class=\"elementor-main-swiper swiper\" role=\"region\" aria-roledescription=\"carousel\" aria-label=\"Diapositivas\">\n\t\t\t\t<div class=\"swiper-wrapper\">\n\t\t\t\t\t\t\t\t\t\t\t<div class=\"swiper-slide\" role=\"group\" aria-roledescription=\"slide\">\n\t\t\t\t\t\t\t\t\t<div class=\"elementor-testimonial\">\n\t\t\t\t\t\t\t<div class=\"elementor-testimonial__content\">\n\t\t\t\t\t<div class=\"elementor-testimonial__text\">\n\t\t\t\t\t\t\"Suelo sugerir el PA-2 a las cl\u00ednicas que necesitan un brazo de for\u00f3ptero m\u00e1s resistente. Es duradero y flexible, aunque requiere un espacio adecuado para su instalaci\u00f3n.\"\t\t\t\t\t<\/div>\n\t\t\t\t\t\t\t\t\t<\/div>\n\t\t\t\t\t\t<div class=\"elementor-testimonial__footer\">\n\t\t\t\t\t\t\t\t\t<div class=\"elementor-testimonial__image\">\n\t\t\t\t\t\t<img decoding=\"async\" src=\"https:\/\/linkeyegroup.com\/wp-content\/uploads\/2026\/01\/Dr.-Ricardo-Mendes.webp\" alt=\"Dr. Ricardo Mendes\">\n\t\t\t\t\t\t\t\t\t\t\t<\/div>\n\t\t\t\t\t\t\t\t<cite class=\"elementor-testimonial__cite\"><span class=\"elementor-testimonial__name\">Dr. Ricardo Mendes<\/span><span class=\"elementor-testimonial__title\">\u2b50\u2b50\u2b50<\/span><\/cite>\t\t\t<\/div>\n\t\t<\/div>\n\t\t\t\t\t\t\t\t<\/div>\n\t\t\t\t\t\t\t\t\t<\/div>\n\t\t\t\t\t\t\t<\/div>\n\t\t\t\t\t\t\t\t<\/div>\n\t\t\t\t<\/div>\n\t\t\t\t\t<\/div>\n\t\t\t\t<\/div>\n\t\t\t\t<\/div>","protected":false},"excerpt":{"rendered":"<p>Modelo: <a href=\"https:\/\/linkeyegroup.com\/es\/producto\/brazo-de-foroptero-pa-2\/\"><span style=\"color: #185ca2;\"><strong>PA-2<\/strong><\/span><\/a><\/p>\n<ul>\n<li>Uso fijo con columna.<\/li>\n<\/ul>","protected":false},"featured_media":12154,"template":"","meta":[],"product_brand":[82],"product_cat":[35],"product_tag":[224],"class_list":{"0":"post-12153","1":"product","2":"type-product","3":"status-publish","4":"has-post-thumbnail","6":"product_brand-shanghai-link","7":"product_cat-opthalmic-chair","8":"product_tag-phoropter-arm","10":"first","11":"instock","12":"shipping-taxable","13":"product-type-simple"},"yoast_head":"<!-- This site is optimized with the Yoast SEO Premium plugin v22.0 (Yoast SEO v27.4) - https:\/\/yoast.com\/product\/yoast-seo-premium-wordpress\/ -->\n<title>PA-2 Phoropter Arm | Column-Mounted Swing Arm for Clinics<\/title>\n<meta name=\"description\" content=\"PA-2 phoropter arm with column mount supports up to 80 kg. Swing +35\u00b0 and rotate 90\u00b0, ideal for flexible and space-saving ophthalmology setups.\" \/>\n<meta name=\"robots\" content=\"index, follow, max-snippet:-1, max-image-preview:large, max-video-preview:-1\" \/>\n<link rel=\"canonical\" href=\"https:\/\/linkeyegroup.com\/es\/producto\/brazo-de-foroptero-pa-2\/\" \/>\n<meta property=\"og:locale\" content=\"es_ES\" \/>\n<meta property=\"og:type\" content=\"article\" \/>\n<meta property=\"og:title\" content=\"PA-2 Phoropter Arm\" \/>\n<meta property=\"og:description\" content=\"PA-2 phoropter arm with column mount supports up to 80 kg. Swing +35\u00b0 and rotate 90\u00b0, ideal for flexible and space-saving ophthalmology setups.\" \/>\n<meta property=\"og:url\" content=\"https:\/\/linkeyegroup.com\/es\/producto\/brazo-de-foroptero-pa-2\/\" \/>\n<meta property=\"og:site_name\" content=\"Shanghai LINK\" \/>\n<meta property=\"article:modified_time\" content=\"2026-01-28T06:54:29+00:00\" \/>\n<meta property=\"og:image\" content=\"https:\/\/linkeyegroup.com\/wp-content\/uploads\/2026\/01\/1-30.webp\" \/>\n\t<meta property=\"og:image:width\" content=\"900\" \/>\n\t<meta property=\"og:image:height\" content=\"900\" \/>\n\t<meta property=\"og:image:type\" content=\"image\/webp\" \/>\n<meta name=\"twitter:card\" content=\"summary_large_image\" \/>\n<script type=\"application\/ld+json\" class=\"yoast-schema-graph\">{\"@context\":\"https:\\\/\\\/schema.org\",\"@graph\":[{\"@type\":\"WebPage\",\"@id\":\"https:\\\/\\\/linkeyegroup.com\\\/product\\\/pa-2-phoropter-arm\\\/\",\"url\":\"https:\\\/\\\/linkeyegroup.com\\\/product\\\/pa-2-phoropter-arm\\\/\",\"name\":\"PA-2 Phoropter Arm | Column-Mounted Swing Arm for Clinics\",\"isPartOf\":{\"@id\":\"https:\\\/\\\/linkeyegroup.com\\\/#website\"},\"primaryImageOfPage\":{\"@id\":\"https:\\\/\\\/linkeyegroup.com\\\/product\\\/pa-2-phoropter-arm\\\/#primaryimage\"},\"image\":{\"@id\":\"https:\\\/\\\/linkeyegroup.com\\\/product\\\/pa-2-phoropter-arm\\\/#primaryimage\"},\"thumbnailUrl\":\"https:\\\/\\\/linkeyegroup.com\\\/wp-content\\\/uploads\\\/2026\\\/01\\\/1-30.webp\",\"datePublished\":\"2026-01-28T06:44:42+00:00\",\"dateModified\":\"2026-01-28T06:54:29+00:00\",\"description\":\"PA-2 phoropter arm with column mount supports up to 80 kg. Swing +35\u00b0 and rotate 90\u00b0, ideal for flexible and space-saving ophthalmology setups.\",\"breadcrumb\":{\"@id\":\"https:\\\/\\\/linkeyegroup.com\\\/product\\\/pa-2-phoropter-arm\\\/#breadcrumb\"},\"inLanguage\":\"es\",\"potentialAction\":[{\"@type\":\"ReadAction\",\"target\":[\"https:\\\/\\\/linkeyegroup.com\\\/product\\\/pa-2-phoropter-arm\\\/\"]}]},{\"@type\":\"ImageObject\",\"inLanguage\":\"es\",\"@id\":\"https:\\\/\\\/linkeyegroup.com\\\/product\\\/pa-2-phoropter-arm\\\/#primaryimage\",\"url\":\"https:\\\/\\\/linkeyegroup.com\\\/wp-content\\\/uploads\\\/2026\\\/01\\\/1-30.webp\",\"contentUrl\":\"https:\\\/\\\/linkeyegroup.com\\\/wp-content\\\/uploads\\\/2026\\\/01\\\/1-30.webp\",\"width\":900,\"height\":900,\"caption\":\"PA-2 Phoropter Arm\"},{\"@type\":\"BreadcrumbList\",\"@id\":\"https:\\\/\\\/linkeyegroup.com\\\/product\\\/pa-2-phoropter-arm\\\/#breadcrumb\",\"itemListElement\":[{\"@type\":\"ListItem\",\"position\":1,\"name\":\"Home\",\"item\":\"https:\\\/\\\/linkeyegroup.com\\\/\"},{\"@type\":\"ListItem\",\"position\":2,\"name\":\"\u4ea7\u54c1\",\"item\":\"https:\\\/\\\/linkeyegroup.com\\\/shop__trashed\\\/\"},{\"@type\":\"ListItem\",\"position\":3,\"name\":\"PA-2 Phoropter Arm\"}]},{\"@type\":\"WebSite\",\"@id\":\"https:\\\/\\\/linkeyegroup.com\\\/#website\",\"url\":\"https:\\\/\\\/linkeyegroup.com\\\/\",\"name\":\"Shanghai LINK\",\"description\":\"\",\"publisher\":{\"@id\":\"https:\\\/\\\/linkeyegroup.com\\\/#organization\"},\"potentialAction\":[{\"@type\":\"SearchAction\",\"target\":{\"@type\":\"EntryPoint\",\"urlTemplate\":\"https:\\\/\\\/linkeyegroup.com\\\/?s={search_term_string}\"},\"query-input\":{\"@type\":\"PropertyValueSpecification\",\"valueRequired\":true,\"valueName\":\"search_term_string\"}}],\"inLanguage\":\"es\"},{\"@type\":\"Organization\",\"@id\":\"https:\\\/\\\/linkeyegroup.com\\\/#organization\",\"name\":\"Shanghai LINK\",\"url\":\"https:\\\/\\\/linkeyegroup.com\\\/\",\"logo\":{\"@type\":\"ImageObject\",\"inLanguage\":\"es\",\"@id\":\"https:\\\/\\\/linkeyegroup.com\\\/#\\\/schema\\\/logo\\\/image\\\/\",\"url\":\"https:\\\/\\\/linkeyegroup.com\\\/wp-content\\\/uploads\\\/2025\\\/09\\\/cropped-cropped-logo-1-1.webp\",\"contentUrl\":\"https:\\\/\\\/linkeyegroup.com\\\/wp-content\\\/uploads\\\/2025\\\/09\\\/cropped-cropped-logo-1-1.webp\",\"width\":210,\"height\":60,\"caption\":\"Shanghai LINK\"},\"image\":{\"@id\":\"https:\\\/\\\/linkeyegroup.com\\\/#\\\/schema\\\/logo\\\/image\\\/\"}}]}<\/script>\n<!-- \/ Yoast SEO Premium plugin. -->","yoast_head_json":{"title":"Brazo de for\u00f3ptero PA-2 | Brazo articulado de columna para cl\u00ednicas","description":"El brazo de for\u00f3ptero PA-2 con soporte de columna soporta hasta 80 kg. Oscilaci\u00f3n de +35\u00b0 y rotaci\u00f3n de 90\u00b0, ideal para configuraciones oftalmol\u00f3gicas flexibles y que ahorran espacio.","robots":{"index":"index","follow":"follow","max-snippet":"max-snippet:-1","max-image-preview":"max-image-preview:large","max-video-preview":"max-video-preview:-1"},"canonical":"https:\/\/linkeyegroup.com\/es\/producto\/brazo-de-foroptero-pa-2\/","og_locale":"es_ES","og_type":"article","og_title":"PA-2 Phoropter Arm","og_description":"PA-2 phoropter arm with column mount supports up to 80 kg. Swing +35\u00b0 and rotate 90\u00b0, ideal for flexible and space-saving ophthalmology setups.","og_url":"https:\/\/linkeyegroup.com\/es\/producto\/brazo-de-foroptero-pa-2\/","og_site_name":"Shanghai LINK","article_modified_time":"2026-01-28T06:54:29+00:00","og_image":[{"width":900,"height":900,"url":"https:\/\/linkeyegroup.com\/wp-content\/uploads\/2026\/01\/1-30.webp","type":"image\/webp"}],"twitter_card":"summary_large_image","schema":{"@context":"https:\/\/schema.org","@graph":[{"@type":"WebPage","@id":"https:\/\/linkeyegroup.com\/product\/pa-2-phoropter-arm\/","url":"https:\/\/linkeyegroup.com\/product\/pa-2-phoropter-arm\/","name":"Brazo de for\u00f3ptero PA-2 | Brazo articulado de columna para cl\u00ednicas","isPartOf":{"@id":"https:\/\/linkeyegroup.com\/#website"},"primaryImageOfPage":{"@id":"https:\/\/linkeyegroup.com\/product\/pa-2-phoropter-arm\/#primaryimage"},"image":{"@id":"https:\/\/linkeyegroup.com\/product\/pa-2-phoropter-arm\/#primaryimage"},"thumbnailUrl":"https:\/\/linkeyegroup.com\/wp-content\/uploads\/2026\/01\/1-30.webp","datePublished":"2026-01-28T06:44:42+00:00","dateModified":"2026-01-28T06:54:29+00:00","description":"El brazo de for\u00f3ptero PA-2 con soporte de columna soporta hasta 80 kg. Oscilaci\u00f3n de +35\u00b0 y rotaci\u00f3n de 90\u00b0, ideal para configuraciones oftalmol\u00f3gicas flexibles y que ahorran espacio.","breadcrumb":{"@id":"https:\/\/linkeyegroup.com\/product\/pa-2-phoropter-arm\/#breadcrumb"},"inLanguage":"es","potentialAction":[{"@type":"ReadAction","target":["https:\/\/linkeyegroup.com\/product\/pa-2-phoropter-arm\/"]}]},{"@type":"ImageObject","inLanguage":"es","@id":"https:\/\/linkeyegroup.com\/product\/pa-2-phoropter-arm\/#primaryimage","url":"https:\/\/linkeyegroup.com\/wp-content\/uploads\/2026\/01\/1-30.webp","contentUrl":"https:\/\/linkeyegroup.com\/wp-content\/uploads\/2026\/01\/1-30.webp","width":900,"height":900,"caption":"PA-2 Phoropter Arm"},{"@type":"BreadcrumbList","@id":"https:\/\/linkeyegroup.com\/product\/pa-2-phoropter-arm\/#breadcrumb","itemListElement":[{"@type":"ListItem","position":1,"name":"Home","item":"https:\/\/linkeyegroup.com\/"},{"@type":"ListItem","position":2,"name":"\u4ea7\u54c1","item":"https:\/\/linkeyegroup.com\/shop__trashed\/"},{"@type":"ListItem","position":3,"name":"PA-2 Phoropter Arm"}]},{"@type":"WebSite","@id":"https:\/\/linkeyegroup.com\/#website","url":"https:\/\/linkeyegroup.com\/","name":"Shanghai ENLACE","description":"","publisher":{"@id":"https:\/\/linkeyegroup.com\/#organization"},"potentialAction":[{"@type":"SearchAction","target":{"@type":"EntryPoint","urlTemplate":"https:\/\/linkeyegroup.com\/?s={search_term_string}"},"query-input":{"@type":"PropertyValueSpecification","valueRequired":true,"valueName":"search_term_string"}}],"inLanguage":"es"},{"@type":"Organization","@id":"https:\/\/linkeyegroup.com\/#organization","name":"Shanghai ENLACE","url":"https:\/\/linkeyegroup.com\/","logo":{"@type":"ImageObject","inLanguage":"es","@id":"https:\/\/linkeyegroup.com\/#\/schema\/logo\/image\/","url":"https:\/\/linkeyegroup.com\/wp-content\/uploads\/2025\/09\/cropped-cropped-logo-1-1.webp","contentUrl":"https:\/\/linkeyegroup.com\/wp-content\/uploads\/2025\/09\/cropped-cropped-logo-1-1.webp","width":210,"height":60,"caption":"Shanghai LINK"},"image":{"@id":"https:\/\/linkeyegroup.com\/#\/schema\/logo\/image\/"}}]}},"_links":{"self":[{"href":"https:\/\/linkeyegroup.com\/es\/wp-json\/wp\/v2\/product\/12153","targetHints":{"allow":["GET"]}}],"collection":[{"href":"https:\/\/linkeyegroup.com\/es\/wp-json\/wp\/v2\/product"}],"about":[{"href":"https:\/\/linkeyegroup.com\/es\/wp-json\/wp\/v2\/types\/product"}],"version-history":[{"count":8,"href":"https:\/\/linkeyegroup.com\/es\/wp-json\/wp\/v2\/product\/12153\/revisions"}],"predecessor-version":[{"id":12166,"href":"https:\/\/linkeyegroup.com\/es\/wp-json\/wp\/v2\/product\/12153\/revisions\/12166"}],"wp:featuredmedia":[{"embeddable":true,"href":"https:\/\/linkeyegroup.com\/es\/wp-json\/wp\/v2\/media\/12154"}],"wp:attachment":[{"href":"https:\/\/linkeyegroup.com\/es\/wp-json\/wp\/v2\/media?parent=12153"}],"wp:term":[{"taxonomy":"product_brand","embeddable":true,"href":"https:\/\/linkeyegroup.com\/es\/wp-json\/wp\/v2\/product_brand?post=12153"},{"taxonomy":"product_cat","embeddable":true,"href":"https:\/\/linkeyegroup.com\/es\/wp-json\/wp\/v2\/product_cat?post=12153"},{"taxonomy":"product_tag","embeddable":true,"href":"https:\/\/linkeyegroup.com\/es\/wp-json\/wp\/v2\/product_tag?post=12153"}],"curies":[{"name":"wp","href":"https:\/\/api.w.org\/{rel}","templated":true}]}}