{"id":12137,"date":"2026-01-28T06:31:02","date_gmt":"2026-01-28T06:31:02","guid":{"rendered":"https:\/\/linkeyegroup.com\/?post_type=product&#038;p=12137"},"modified":"2026-01-28T06:40:43","modified_gmt":"2026-01-28T06:40:43","slug":"pa-1-brazo-de-foroptero","status":"publish","type":"product","link":"https:\/\/linkeyegroup.com\/es\/product\/pa-1-phoropter-arm\/","title":{"rendered":"Brazo de for\u00f3ptero PA-1"},"content":{"rendered":"<div data-elementor-type=\"product-post\" data-elementor-id=\"12137\" class=\"elementor elementor-12137\" data-elementor-post-type=\"product\">\n\t\t\t\t<div class=\"elementor-element elementor-element-14bf3125 e-flex e-con-boxed e-con e-parent\" data-id=\"14bf3125\" data-element_type=\"container\" data-e-type=\"container\" id=\"information\">\n\t\t\t\t\t<div class=\"e-con-inner\">\n\t\t<div class=\"elementor-element elementor-element-40e106e e-con-full e-flex e-con e-child\" data-id=\"40e106e\" data-element_type=\"container\" data-e-type=\"container\">\n\t\t\t\t<div class=\"elementor-element elementor-element-0798bae elementor-widget elementor-widget-heading\" data-id=\"0798bae\" data-element_type=\"widget\" data-e-type=\"widget\" data-widget_type=\"heading.default\">\n\t\t\t\t\t<h2 class=\"elementor-heading-title elementor-size-default\">Explorar detalles<\/h2>\t\t\t\t<\/div>\n\t\t\t\t<div class=\"elementor-element elementor-element-a1831de elementor-widget__width-initial elementor-widget elementor-widget-heading\" data-id=\"a1831de\" data-element_type=\"widget\" data-e-type=\"widget\" data-widget_type=\"heading.default\">\n\t\t\t\t\t<p class=\"elementor-heading-title elementor-size-default\">        <\/p>\t\t\t\t<\/div>\n\t\t\t\t<div class=\"elementor-element elementor-element-577f92fc elementor-widget elementor-widget-text-editor\" data-id=\"577f92fc\" data-element_type=\"widget\" data-e-type=\"widget\" data-widget_type=\"text-editor.default\">\n\t\t\t\t\t\t\t\t\t<p>El brazo para for\u00f3ptero PA-1 est\u00e1 dise\u00f1ado para su instalaci\u00f3n en la pared de las salas de exploraci\u00f3n oftalmol\u00f3gica y optom\u00e9trica. Permite montar de forma segura el for\u00f3ptero (ojo de buey) y el proyector de tablas de visi\u00f3n en el<\/p>\t\t\t\t\t\t\t\t<\/div>\n\t\t\t\t<\/div>\n\t\t<div class=\"elementor-element elementor-element-35fbb1a e-con-full e-flex e-con e-child\" data-id=\"35fbb1a\" data-element_type=\"container\" data-e-type=\"container\">\n\t\t\t\t<div class=\"elementor-element elementor-element-b51933e elementor-widget elementor-widget-image\" data-id=\"b51933e\" data-element_type=\"widget\" data-e-type=\"widget\" data-widget_type=\"image.default\">\n\t\t\t\t\t\t\t\t\t\t\t\t\t\t\t<img fetchpriority=\"high\" decoding=\"async\" width=\"1024\" height=\"1282\" src=\"https:\/\/linkeyegroup.com\/wp-content\/uploads\/2026\/01\/PA-1-functional-illustration-image.webp\" class=\"attachment-full size-full wp-image-12144\" alt=\"Imagen de la ilustraci\u00f3n funcional PA-1\" srcset=\"https:\/\/linkeyegroup.com\/wp-content\/uploads\/2026\/01\/PA-1-functional-illustration-image.webp 1024w, https:\/\/linkeyegroup.com\/wp-content\/uploads\/2026\/01\/PA-1-functional-illustration-image-359x450.webp 359w, https:\/\/linkeyegroup.com\/wp-content\/uploads\/2026\/01\/PA-1-functional-illustration-image-818x1024.webp 818w, https:\/\/linkeyegroup.com\/wp-content\/uploads\/2026\/01\/PA-1-functional-illustration-image-768x962.webp 768w, https:\/\/linkeyegroup.com\/wp-content\/uploads\/2026\/01\/PA-1-functional-illustration-image-600x751.webp 600w\" sizes=\"(max-width: 1024px) 100vw, 1024px\" \/>\t\t\t\t\t\t\t\t\t\t\t\t\t\t\t<\/div>\n\t\t\t\t<\/div>\n\t\t<div class=\"elementor-element elementor-element-7fc0b52 e-con-full e-flex e-con e-child\" data-id=\"7fc0b52\" data-element_type=\"container\" data-e-type=\"container\" id=\"specification\">\n\t\t\t\t<div class=\"elementor-element elementor-element-7642180 elementor-widget elementor-widget-heading\" data-id=\"7642180\" data-element_type=\"widget\" data-e-type=\"widget\" data-widget_type=\"heading.default\">\n\t\t\t\t\t<h2 class=\"elementor-heading-title elementor-size-default\">Especificaciones:\n<\/h2>\t\t\t\t<\/div>\n\t\t\t\t<div class=\"elementor-element elementor-element-cf3ad62 elementor-widget elementor-widget-text-editor\" data-id=\"cf3ad62\" data-element_type=\"widget\" data-e-type=\"widget\" data-widget_type=\"text-editor.default\">\n\t\t\t\t\t\t\t\t\t<div class=\"ds-scroll-area _1210dd7 c03cafe9\"><div class=\"ds-message _63c77b1\"><div class=\"ds-markdown\"><div class=\"ds-message _63c77b1\"><div class=\"ds-markdown\"><table><thead><tr><th>Par\u00e1metro<\/th><th>Especificaci\u00f3n<\/th><\/tr><\/thead><tbody><tr><td>Tama\u00f1o m\u00e1ximo<\/td><td>700 \u00d7 600 \u00d7 200 mm<\/td><\/tr><tr><td>\u00c1ngulo del brazo oscilante<\/td><td>+35\u00b0<\/td><\/tr><tr><td>Peso m\u00e1ximo de suspensi\u00f3n<\/td><td>80 kg<\/td><\/tr><tr><td>\u00c1ngulo de rotaci\u00f3n del brazo oscilante<\/td><td>90\u00b0<\/td><\/tr><tr><td>Tama\u00f1o del embalaje<\/td><td>720 \u00d7 330 \u00d7 220 mm<\/td><\/tr><tr><td>Volumen de envasado<\/td><td>0,05 metros c\u00fabicos<\/td><\/tr><\/tbody><\/table><\/div><\/div><\/div><\/div><\/div>\t\t\t\t\t\t\t\t<\/div>\n\t\t\t\t<\/div>\n\t\t<div class=\"elementor-element elementor-element-a7f46eb e-con-full e-flex e-con e-child\" data-id=\"a7f46eb\" data-element_type=\"container\" data-e-type=\"container\">\n\t\t\t\t<div class=\"elementor-element elementor-element-4d39aca elementor-widget elementor-widget-text-editor\" data-id=\"4d39aca\" data-element_type=\"widget\" data-e-type=\"widget\" data-widget_type=\"text-editor.default\">\n\t\t\t\t\t\t\t\t\t<p><span style=\"font-size: 12pt;\"><strong>Servicios de confianza:<\/strong><\/span><\/p><p><span style=\"font-size: 12pt;\">1. Videochat para comprobar el brazo del for\u00f3ptero PA-1.<\/span><\/p><p><span style=\"font-size: 12pt;\">2. Asistencia t\u00e9cnica y formaci\u00f3n en l\u00ednea gratuitas.<\/span><\/p><p><span style=\"font-size: 12pt;\">3. Asistencia gratuita en l\u00ednea para la instalaci\u00f3n.<\/span><\/p><p><span style=\"font-size: 12pt;\">4. 1-3 A\u00f1os de garant\u00eda de calidad.<\/span><\/p><p><span style=\"font-size: 12pt;\">5. Asistencia posventa de por vida.<\/span><\/p><p><span style=\"font-size: 12pt;\">6. La mayor\u00eda de los productos tienen certificaci\u00f3n CE e ISO 13485.<\/span><\/p><p><span style=\"font-size: 12pt;\">7. Personalizaci\u00f3n libre de la tensi\u00f3n de entrada y el enchufe para m\u00e1quinas el\u00e9ctricas.\u00a0<\/span><\/p><p><span style=\"font-size: 12pt;\">8. Env\u00edo r\u00e1pido a todo el mundo, 5-10 d\u00edas laborables de entrega para la mayor\u00eda de los pa\u00edses.\u00a0<\/span><\/p><p><span style=\"font-size: 12pt;\">9. 9. Se acepta el pago parcial por adelantado antes del env\u00edo.<\/span><\/p><p><span style=\"font-size: 12pt;\">10. Se pueden ofrecer a los distribuidores productos con descuento, sin marca o personalizados.<\/span><\/p>\t\t\t\t\t\t\t\t<\/div>\n\t\t\t\t<\/div>\n\t\t<div class=\"elementor-element elementor-element-f1ba3a9 e-con-full e-flex e-con e-child\" data-id=\"f1ba3a9\" data-element_type=\"container\" data-e-type=\"container\" id=\"brochure\" data-settings=\"{&quot;background_background&quot;:&quot;classic&quot;}\">\n\t\t\t\t<div class=\"elementor-element elementor-element-9ab95ba elementor-widget elementor-widget-heading\" data-id=\"9ab95ba\" data-element_type=\"widget\" data-e-type=\"widget\" data-widget_type=\"heading.default\">\n\t\t\t\t\t<h2 class=\"elementor-heading-title elementor-size-default\">Folleto<\/h2>\t\t\t\t<\/div>\n\t\t\t\t<div class=\"elementor-element elementor-element-7fd6792 elementor-widget__width-initial elementor-widget elementor-widget-heading\" data-id=\"7fd6792\" data-element_type=\"widget\" data-e-type=\"widget\" data-widget_type=\"heading.default\">\n\t\t\t\t\t<p class=\"elementor-heading-title elementor-size-default\">        <\/p>\t\t\t\t<\/div>\n\t\t<div class=\"elementor-element elementor-element-04a7c94 e-con-full reviews e-flex e-con e-child\" data-id=\"04a7c94\" data-element_type=\"container\" data-e-type=\"container\" id=\"reviews\">\n\t\t\t\t<div class=\"elementor-element elementor-element-81d3403 elementor-widget elementor-widget-button\" data-id=\"81d3403\" data-element_type=\"widget\" data-e-type=\"widget\" data-widget_type=\"button.default\">\n\t\t\t\t\t\t\t\t\t\t<a class=\"elementor-button elementor-button-link elementor-size-sm\" href=\"#\">\n\t\t\t\t\t\t<span class=\"elementor-button-content-wrapper\">\n\t\t\t\t\t\t\t\t\t<span class=\"elementor-button-text\">Descargar \u2192<\/span>\n\t\t\t\t\t<\/span>\n\t\t\t\t\t<\/a>\n\t\t\t\t\t\t\t\t<\/div>\n\t\t\t\t<div class=\"elementor-element elementor-element-0655778 elementor-widget elementor-widget-button\" data-id=\"0655778\" data-element_type=\"widget\" data-e-type=\"widget\" data-widget_type=\"button.default\">\n\t\t\t\t\t\t\t\t\t\t<a class=\"elementor-button elementor-button-link elementor-size-sm\" href=\"#message\">\n\t\t\t\t\t\t<span class=\"elementor-button-content-wrapper\">\n\t\t\t\t\t\t\t\t\t<span class=\"elementor-button-text\">Ver \u2192<\/span>\n\t\t\t\t\t<\/span>\n\t\t\t\t\t<\/a>\n\t\t\t\t\t\t\t\t<\/div>\n\t\t\t\t<\/div>\n\t\t\t\t<\/div>\n\t\t<div class=\"elementor-element elementor-element-056a761 e-con-full e-flex e-con e-child\" data-id=\"056a761\" data-element_type=\"container\" data-e-type=\"container\">\n\t\t<div class=\"elementor-element elementor-element-d7bb8e5 e-con-full e-flex e-con e-child\" data-id=\"d7bb8e5\" data-element_type=\"container\" data-e-type=\"container\">\n\t\t\t\t<div class=\"elementor-element elementor-element-d74fb08 elementor-widget elementor-widget-heading\" data-id=\"d74fb08\" data-element_type=\"widget\" data-e-type=\"widget\" data-widget_type=\"heading.default\">\n\t\t\t\t\t<h2 class=\"elementor-heading-title elementor-size-default\">Rese\u00f1as - What About <\/h2>\t\t\t\t<\/div>\n\t\t\t\t<div class=\"elementor-element elementor-element-5fccace elementor-widget elementor-widget-woocommerce-product-title elementor-page-title elementor-widget-heading\" data-id=\"5fccace\" data-element_type=\"widget\" data-e-type=\"widget\" data-widget_type=\"woocommerce-product-title.default\">\n\t\t\t\t\t<h2 class=\"product_title entry-title elementor-heading-title elementor-size-default\">Brazo de for\u00f3ptero PA-1<\/h2>\t\t\t\t<\/div>\n\t\t\t\t<\/div>\n\t\t\t\t<div class=\"elementor-element elementor-element-8d16dd3 elementor-testimonial--skin-default elementor-testimonial--layout-image_inline elementor-testimonial--align-center elementor-arrows-yes elementor-pagination-type-bullets elementor-widget elementor-widget-testimonial-carousel\" data-id=\"8d16dd3\" data-element_type=\"widget\" data-e-type=\"widget\" data-settings=\"{&quot;show_arrows&quot;:&quot;yes&quot;,&quot;pagination&quot;:&quot;bullets&quot;,&quot;speed&quot;:500,&quot;autoplay&quot;:&quot;yes&quot;,&quot;autoplay_speed&quot;:5000,&quot;loop&quot;:&quot;yes&quot;,&quot;pause_on_hover&quot;:&quot;yes&quot;,&quot;pause_on_interaction&quot;:&quot;yes&quot;,&quot;space_between&quot;:{&quot;unit&quot;:&quot;px&quot;,&quot;size&quot;:10,&quot;sizes&quot;:[]},&quot;space_between_tablet&quot;:{&quot;unit&quot;:&quot;px&quot;,&quot;size&quot;:10,&quot;sizes&quot;:[]},&quot;space_between_mobile&quot;:{&quot;unit&quot;:&quot;px&quot;,&quot;size&quot;:10,&quot;sizes&quot;:[]}}\" data-widget_type=\"testimonial-carousel.default\">\n\t\t\t\t\t\t\t\t\t\t<div class=\"elementor-main-swiper swiper\" role=\"region\" aria-roledescription=\"carousel\" aria-label=\"Diapositivas\">\n\t\t\t\t<div class=\"swiper-wrapper\">\n\t\t\t\t\t\t\t\t\t\t\t<div class=\"swiper-slide\" role=\"group\" aria-roledescription=\"slide\">\n\t\t\t\t\t\t\t\t\t<div class=\"elementor-testimonial\">\n\t\t\t\t\t\t\t<div class=\"elementor-testimonial__content\">\n\t\t\t\t\t<div class=\"elementor-testimonial__text\">\n\t\t\t\t\t\t\"Utilizamos el PA-1 en nuestras salas de refracci\u00f3n y es muy estable una vez instalado. El uso diario ha sido fluido, sin problemas de desplazamiento o alineaci\u00f3n.\"\t\t\t\t\t<\/div>\n\t\t\t\t\t\t\t\t\t<\/div>\n\t\t\t\t\t\t<div class=\"elementor-testimonial__footer\">\n\t\t\t\t\t\t\t\t\t<div class=\"elementor-testimonial__image\">\n\t\t\t\t\t\t<img decoding=\"async\" src=\"https:\/\/linkeyegroup.com\/wp-content\/uploads\/2026\/01\/Dr.-Victor-Almeida.webp\" alt=\"Dr. Victor Almeida\">\n\t\t\t\t\t\t\t\t\t\t\t<\/div>\n\t\t\t\t\t\t\t\t<cite class=\"elementor-testimonial__cite\"><span class=\"elementor-testimonial__name\">Dr. Victor Almeida<\/span><span class=\"elementor-testimonial__title\">\u2b50\u2b50\u2b50\u2b50\u2b50<\/span><\/cite>\t\t\t<\/div>\n\t\t<\/div>\n\t\t\t\t\t\t\t\t<\/div>\n\t\t\t\t\t\t\t\t\t\t\t<div class=\"swiper-slide\" role=\"group\" aria-roledescription=\"slide\">\n\t\t\t\t\t\t\t\t\t<div class=\"elementor-testimonial\">\n\t\t\t\t\t\t\t<div class=\"elementor-testimonial__content\">\n\t\t\t\t\t<div class=\"elementor-testimonial__text\">\n\t\t\t\t\t\t\"El PA-1 es sencillo y pr\u00e1ctico para configuraciones de examen est\u00e1ndar. La instalaci\u00f3n es sencilla, aunque la posici\u00f3n en la pared debe medirse cuidadosamente para obtener los mejores resultados. \"\t\t\t\t\t<\/div>\n\t\t\t\t\t\t\t\t\t<\/div>\n\t\t\t\t\t\t<div class=\"elementor-testimonial__footer\">\n\t\t\t\t\t\t\t\t\t<div class=\"elementor-testimonial__image\">\n\t\t\t\t\t\t<img decoding=\"async\" src=\"https:\/\/linkeyegroup.com\/wp-content\/uploads\/2026\/01\/Hannah-Moore.webp\" alt=\"Hannah Moore\">\n\t\t\t\t\t\t\t\t\t\t\t<\/div>\n\t\t\t\t\t\t\t\t<cite class=\"elementor-testimonial__cite\"><span class=\"elementor-testimonial__name\">Hannah Moore<\/span><span class=\"elementor-testimonial__title\">\u2b50\u2b50\u2b50<\/span><\/cite>\t\t\t<\/div>\n\t\t<\/div>\n\t\t\t\t\t\t\t\t<\/div>\n\t\t\t\t\t\t\t\t\t<\/div>\n\t\t\t\t\t\t\t\t\t\t\t\t\t\t\t<div class=\"elementor-swiper-button elementor-swiper-button-prev\" role=\"button\" tabindex=\"0\" aria-label=\"Anterior\">\n\t\t\t\t\t\t\t<svg aria-hidden=\"true\" class=\"e-font-icon-svg e-eicon-chevron-left\" viewbox=\"0 0 1000 1000\" xmlns=\"http:\/\/www.w3.org\/2000\/svg\"><path d=\"M646 125C629 125 613 133 604 142L308 442C296 454 292 471 292 487 292 504 296 521 308 533L604 854C617 867 629 875 646 875 663 875 679 871 692 858 704 846 713 829 713 812 713 796 708 779 692 767L438 487 692 225C700 217 708 204 708 187 708 171 704 154 692 142 675 129 663 125 646 125Z\"><\/path><\/svg>\t\t\t\t\t\t<\/div>\n\t\t\t\t\t\t<div class=\"elementor-swiper-button elementor-swiper-button-next\" role=\"button\" tabindex=\"0\" aria-label=\"Siguiente\">\n\t\t\t\t\t\t\t<svg aria-hidden=\"true\" class=\"e-font-icon-svg e-eicon-chevron-right\" viewbox=\"0 0 1000 1000\" xmlns=\"http:\/\/www.w3.org\/2000\/svg\"><path d=\"M696 533C708 521 713 504 713 487 713 471 708 454 696 446L400 146C388 133 375 125 354 125 338 125 325 129 313 142 300 154 292 171 292 187 292 204 296 221 308 233L563 492 304 771C292 783 288 800 288 817 288 833 296 850 308 863 321 871 338 875 354 875 371 875 388 867 400 854L696 533Z\"><\/path><\/svg>\t\t\t\t\t\t<\/div>\n\t\t\t\t\t\t\t\t\t\t\t\t\t\t\t\t<div class=\"swiper-pagination\"><\/div>\n\t\t\t\t\t\t\t\t\t\t\t\t<\/div>\n\t\t\t\t\t\t\t\t<\/div>\n\t\t\t\t<\/div>\n\t\t\t\t\t<\/div>\n\t\t\t\t<\/div>\n\t\t\t\t<\/div>","protected":false},"excerpt":{"rendered":"<p>Modelo: <a href=\"https:\/\/linkeyegroup.com\/es\/producto\/pa-1-brazo-de-foroptero\/\"><span style=\"color: #185ca2;\"><strong>PA-1<\/strong><\/span><\/a><\/p>\n<ul>\n<li>Para fijar en la pared y colgar la diana y el proyector al mismo tiempo.<\/li>\n<\/ul>","protected":false},"featured_media":12138,"template":"","meta":[],"product_brand":[82],"product_cat":[35],"product_tag":[223],"class_list":{"0":"post-12137","1":"product","2":"type-product","3":"status-publish","4":"has-post-thumbnail","6":"product_brand-shanghai-link","7":"product_cat-opthalmic-chair","8":"product_tag-opthalmic-chair","10":"first","11":"instock","12":"shipping-taxable","13":"product-type-simple"},"yoast_head":"<!-- This site is optimized with the Yoast SEO Premium plugin v22.0 (Yoast SEO v27.4) - https:\/\/yoast.com\/product\/yoast-seo-premium-wordpress\/ -->\n<title>PA-1 Wall-Mount Phoropter Arm for Eye Clinics<\/title>\n<meta name=\"description\" content=\"PA-1 phoropter arm allows simultaneous mounting of phoropter, bull\u2019s eye, and projector. Ideal for precise alignment and compact clinic setups.\" \/>\n<meta name=\"robots\" content=\"index, follow, max-snippet:-1, max-image-preview:large, max-video-preview:-1\" \/>\n<link rel=\"canonical\" href=\"https:\/\/linkeyegroup.com\/es\/producto\/pa-1-brazo-de-foroptero\/\" \/>\n<meta property=\"og:locale\" content=\"es_ES\" \/>\n<meta property=\"og:type\" content=\"article\" \/>\n<meta property=\"og:title\" content=\"PA-1 Phoropter Arm\" \/>\n<meta property=\"og:description\" content=\"PA-1 phoropter arm allows simultaneous mounting of phoropter, bull\u2019s eye, and projector. Ideal for precise alignment and compact clinic setups.\" \/>\n<meta property=\"og:url\" content=\"https:\/\/linkeyegroup.com\/es\/producto\/pa-1-brazo-de-foroptero\/\" \/>\n<meta property=\"og:site_name\" content=\"Shanghai LINK\" \/>\n<meta property=\"article:modified_time\" content=\"2026-01-28T06:40:43+00:00\" \/>\n<meta property=\"og:image\" content=\"https:\/\/linkeyegroup.com\/wp-content\/uploads\/2026\/01\/1-29.webp\" \/>\n\t<meta property=\"og:image:width\" content=\"900\" \/>\n\t<meta property=\"og:image:height\" content=\"900\" \/>\n\t<meta property=\"og:image:type\" content=\"image\/webp\" \/>\n<meta name=\"twitter:card\" content=\"summary_large_image\" \/>\n<script type=\"application\/ld+json\" class=\"yoast-schema-graph\">{\"@context\":\"https:\\\/\\\/schema.org\",\"@graph\":[{\"@type\":\"WebPage\",\"@id\":\"https:\\\/\\\/linkeyegroup.com\\\/product\\\/pa-1-phoropter-arm\\\/\",\"url\":\"https:\\\/\\\/linkeyegroup.com\\\/product\\\/pa-1-phoropter-arm\\\/\",\"name\":\"PA-1 Wall-Mount Phoropter Arm for Eye Clinics\",\"isPartOf\":{\"@id\":\"https:\\\/\\\/linkeyegroup.com\\\/#website\"},\"primaryImageOfPage\":{\"@id\":\"https:\\\/\\\/linkeyegroup.com\\\/product\\\/pa-1-phoropter-arm\\\/#primaryimage\"},\"image\":{\"@id\":\"https:\\\/\\\/linkeyegroup.com\\\/product\\\/pa-1-phoropter-arm\\\/#primaryimage\"},\"thumbnailUrl\":\"https:\\\/\\\/linkeyegroup.com\\\/wp-content\\\/uploads\\\/2026\\\/01\\\/1-29.webp\",\"datePublished\":\"2026-01-28T06:31:02+00:00\",\"dateModified\":\"2026-01-28T06:40:43+00:00\",\"description\":\"PA-1 phoropter arm allows simultaneous mounting of phoropter, bull\u2019s eye, and projector. Ideal for precise alignment and compact clinic setups.\",\"breadcrumb\":{\"@id\":\"https:\\\/\\\/linkeyegroup.com\\\/product\\\/pa-1-phoropter-arm\\\/#breadcrumb\"},\"inLanguage\":\"es\",\"potentialAction\":[{\"@type\":\"ReadAction\",\"target\":[\"https:\\\/\\\/linkeyegroup.com\\\/product\\\/pa-1-phoropter-arm\\\/\"]}]},{\"@type\":\"ImageObject\",\"inLanguage\":\"es\",\"@id\":\"https:\\\/\\\/linkeyegroup.com\\\/product\\\/pa-1-phoropter-arm\\\/#primaryimage\",\"url\":\"https:\\\/\\\/linkeyegroup.com\\\/wp-content\\\/uploads\\\/2026\\\/01\\\/1-29.webp\",\"contentUrl\":\"https:\\\/\\\/linkeyegroup.com\\\/wp-content\\\/uploads\\\/2026\\\/01\\\/1-29.webp\",\"width\":900,\"height\":900,\"caption\":\"PA-1 Phoropter Arm\"},{\"@type\":\"BreadcrumbList\",\"@id\":\"https:\\\/\\\/linkeyegroup.com\\\/product\\\/pa-1-phoropter-arm\\\/#breadcrumb\",\"itemListElement\":[{\"@type\":\"ListItem\",\"position\":1,\"name\":\"Home\",\"item\":\"https:\\\/\\\/linkeyegroup.com\\\/\"},{\"@type\":\"ListItem\",\"position\":2,\"name\":\"\u4ea7\u54c1\",\"item\":\"https:\\\/\\\/linkeyegroup.com\\\/shop__trashed\\\/\"},{\"@type\":\"ListItem\",\"position\":3,\"name\":\"PA-1 Phoropter Arm\"}]},{\"@type\":\"WebSite\",\"@id\":\"https:\\\/\\\/linkeyegroup.com\\\/#website\",\"url\":\"https:\\\/\\\/linkeyegroup.com\\\/\",\"name\":\"Shanghai LINK\",\"description\":\"\",\"publisher\":{\"@id\":\"https:\\\/\\\/linkeyegroup.com\\\/#organization\"},\"potentialAction\":[{\"@type\":\"SearchAction\",\"target\":{\"@type\":\"EntryPoint\",\"urlTemplate\":\"https:\\\/\\\/linkeyegroup.com\\\/?s={search_term_string}\"},\"query-input\":{\"@type\":\"PropertyValueSpecification\",\"valueRequired\":true,\"valueName\":\"search_term_string\"}}],\"inLanguage\":\"es\"},{\"@type\":\"Organization\",\"@id\":\"https:\\\/\\\/linkeyegroup.com\\\/#organization\",\"name\":\"Shanghai LINK\",\"url\":\"https:\\\/\\\/linkeyegroup.com\\\/\",\"logo\":{\"@type\":\"ImageObject\",\"inLanguage\":\"es\",\"@id\":\"https:\\\/\\\/linkeyegroup.com\\\/#\\\/schema\\\/logo\\\/image\\\/\",\"url\":\"https:\\\/\\\/linkeyegroup.com\\\/wp-content\\\/uploads\\\/2025\\\/09\\\/cropped-cropped-logo-1-1.webp\",\"contentUrl\":\"https:\\\/\\\/linkeyegroup.com\\\/wp-content\\\/uploads\\\/2025\\\/09\\\/cropped-cropped-logo-1-1.webp\",\"width\":210,\"height\":60,\"caption\":\"Shanghai LINK\"},\"image\":{\"@id\":\"https:\\\/\\\/linkeyegroup.com\\\/#\\\/schema\\\/logo\\\/image\\\/\"}}]}<\/script>\n<!-- \/ Yoast SEO Premium plugin. -->","yoast_head_json":{"title":"Brazo de for\u00f3ptero de pared PA-1 para cl\u00ednicas oftalmol\u00f3gicas","description":"El brazo para for\u00f3ptero PA-1 permite el montaje simult\u00e1neo de for\u00f3ptero, ojo de buey y proyector. Ideal para alineaciones precisas y configuraciones cl\u00ednicas compactas.","robots":{"index":"index","follow":"follow","max-snippet":"max-snippet:-1","max-image-preview":"max-image-preview:large","max-video-preview":"max-video-preview:-1"},"canonical":"https:\/\/linkeyegroup.com\/es\/producto\/pa-1-brazo-de-foroptero\/","og_locale":"es_ES","og_type":"article","og_title":"PA-1 Phoropter Arm","og_description":"PA-1 phoropter arm allows simultaneous mounting of phoropter, bull\u2019s eye, and projector. Ideal for precise alignment and compact clinic setups.","og_url":"https:\/\/linkeyegroup.com\/es\/producto\/pa-1-brazo-de-foroptero\/","og_site_name":"Shanghai LINK","article_modified_time":"2026-01-28T06:40:43+00:00","og_image":[{"width":900,"height":900,"url":"https:\/\/linkeyegroup.com\/wp-content\/uploads\/2026\/01\/1-29.webp","type":"image\/webp"}],"twitter_card":"summary_large_image","schema":{"@context":"https:\/\/schema.org","@graph":[{"@type":"WebPage","@id":"https:\/\/linkeyegroup.com\/product\/pa-1-phoropter-arm\/","url":"https:\/\/linkeyegroup.com\/product\/pa-1-phoropter-arm\/","name":"Brazo de for\u00f3ptero de pared PA-1 para cl\u00ednicas oftalmol\u00f3gicas","isPartOf":{"@id":"https:\/\/linkeyegroup.com\/#website"},"primaryImageOfPage":{"@id":"https:\/\/linkeyegroup.com\/product\/pa-1-phoropter-arm\/#primaryimage"},"image":{"@id":"https:\/\/linkeyegroup.com\/product\/pa-1-phoropter-arm\/#primaryimage"},"thumbnailUrl":"https:\/\/linkeyegroup.com\/wp-content\/uploads\/2026\/01\/1-29.webp","datePublished":"2026-01-28T06:31:02+00:00","dateModified":"2026-01-28T06:40:43+00:00","description":"El brazo para for\u00f3ptero PA-1 permite el montaje simult\u00e1neo de for\u00f3ptero, ojo de buey y proyector. Ideal para alineaciones precisas y configuraciones cl\u00ednicas compactas.","breadcrumb":{"@id":"https:\/\/linkeyegroup.com\/product\/pa-1-phoropter-arm\/#breadcrumb"},"inLanguage":"es","potentialAction":[{"@type":"ReadAction","target":["https:\/\/linkeyegroup.com\/product\/pa-1-phoropter-arm\/"]}]},{"@type":"ImageObject","inLanguage":"es","@id":"https:\/\/linkeyegroup.com\/product\/pa-1-phoropter-arm\/#primaryimage","url":"https:\/\/linkeyegroup.com\/wp-content\/uploads\/2026\/01\/1-29.webp","contentUrl":"https:\/\/linkeyegroup.com\/wp-content\/uploads\/2026\/01\/1-29.webp","width":900,"height":900,"caption":"PA-1 Phoropter Arm"},{"@type":"BreadcrumbList","@id":"https:\/\/linkeyegroup.com\/product\/pa-1-phoropter-arm\/#breadcrumb","itemListElement":[{"@type":"ListItem","position":1,"name":"Home","item":"https:\/\/linkeyegroup.com\/"},{"@type":"ListItem","position":2,"name":"\u4ea7\u54c1","item":"https:\/\/linkeyegroup.com\/shop__trashed\/"},{"@type":"ListItem","position":3,"name":"PA-1 Phoropter Arm"}]},{"@type":"WebSite","@id":"https:\/\/linkeyegroup.com\/#website","url":"https:\/\/linkeyegroup.com\/","name":"Shanghai ENLACE","description":"","publisher":{"@id":"https:\/\/linkeyegroup.com\/#organization"},"potentialAction":[{"@type":"SearchAction","target":{"@type":"EntryPoint","urlTemplate":"https:\/\/linkeyegroup.com\/?s={search_term_string}"},"query-input":{"@type":"PropertyValueSpecification","valueRequired":true,"valueName":"search_term_string"}}],"inLanguage":"es"},{"@type":"Organization","@id":"https:\/\/linkeyegroup.com\/#organization","name":"Shanghai ENLACE","url":"https:\/\/linkeyegroup.com\/","logo":{"@type":"ImageObject","inLanguage":"es","@id":"https:\/\/linkeyegroup.com\/#\/schema\/logo\/image\/","url":"https:\/\/linkeyegroup.com\/wp-content\/uploads\/2025\/09\/cropped-cropped-logo-1-1.webp","contentUrl":"https:\/\/linkeyegroup.com\/wp-content\/uploads\/2025\/09\/cropped-cropped-logo-1-1.webp","width":210,"height":60,"caption":"Shanghai LINK"},"image":{"@id":"https:\/\/linkeyegroup.com\/#\/schema\/logo\/image\/"}}]}},"_links":{"self":[{"href":"https:\/\/linkeyegroup.com\/es\/wp-json\/wp\/v2\/product\/12137","targetHints":{"allow":["GET"]}}],"collection":[{"href":"https:\/\/linkeyegroup.com\/es\/wp-json\/wp\/v2\/product"}],"about":[{"href":"https:\/\/linkeyegroup.com\/es\/wp-json\/wp\/v2\/types\/product"}],"version-history":[{"count":9,"href":"https:\/\/linkeyegroup.com\/es\/wp-json\/wp\/v2\/product\/12137\/revisions"}],"predecessor-version":[{"id":12152,"href":"https:\/\/linkeyegroup.com\/es\/wp-json\/wp\/v2\/product\/12137\/revisions\/12152"}],"wp:featuredmedia":[{"embeddable":true,"href":"https:\/\/linkeyegroup.com\/es\/wp-json\/wp\/v2\/media\/12138"}],"wp:attachment":[{"href":"https:\/\/linkeyegroup.com\/es\/wp-json\/wp\/v2\/media?parent=12137"}],"wp:term":[{"taxonomy":"product_brand","embeddable":true,"href":"https:\/\/linkeyegroup.com\/es\/wp-json\/wp\/v2\/product_brand?post=12137"},{"taxonomy":"product_cat","embeddable":true,"href":"https:\/\/linkeyegroup.com\/es\/wp-json\/wp\/v2\/product_cat?post=12137"},{"taxonomy":"product_tag","embeddable":true,"href":"https:\/\/linkeyegroup.com\/es\/wp-json\/wp\/v2\/product_tag?post=12137"}],"curies":[{"name":"wp","href":"https:\/\/api.w.org\/{rel}","templated":true}]}}