{"id":3614,"date":"2025-10-20T01:33:16","date_gmt":"2025-10-20T01:33:16","guid":{"rendered":"https:\/\/linkeyegroup.com\/?page_id=3614"},"modified":"2025-11-07T01:36:59","modified_gmt":"2025-11-07T01:36:59","slug":"video-del-producto","status":"publish","type":"page","link":"https:\/\/linkeyegroup.com\/es\/product-video\/","title":{"rendered":"V\u00eddeo del producto"},"content":{"rendered":"<div data-elementor-type=\"wp-page\" data-elementor-id=\"3614\" class=\"elementor elementor-3614\" data-elementor-post-type=\"page\">\n\t\t\t\t<div class=\"elementor-element elementor-element-2ff2c65 e-flex e-con-boxed e-con e-parent\" data-id=\"2ff2c65\" data-element_type=\"container\" data-e-type=\"container\">\n\t\t\t\t\t<div class=\"e-con-inner\">\n\t\t<div class=\"elementor-element elementor-element-37118d8 e-con-full e-flex e-con e-child\" data-id=\"37118d8\" data-element_type=\"container\" data-e-type=\"container\">\n\t\t\t\t<div class=\"elementor-element elementor-element-c99fcbd elementor-widget elementor-widget-heading\" data-id=\"c99fcbd\" data-element_type=\"widget\" data-e-type=\"widget\" data-widget_type=\"heading.default\">\n\t\t\t\t\t<h1 class=\"elementor-heading-title elementor-size-default\">V\u00eddeos de Shanghai LINK Instrument<\/h1>\t\t\t\t<\/div>\n\t\t\t\t<div class=\"elementor-element elementor-element-ef4fe36 elementor-widget elementor-widget-heading\" data-id=\"ef4fe36\" data-element_type=\"widget\" data-e-type=\"widget\" data-widget_type=\"heading.default\">\n\t\t\t\t\t<p class=\"elementor-heading-title elementor-size-default\">En LINK, creemos que ver es comprender. Nuestros v\u00eddeos de productos le permiten ver de cerca c\u00f3mo funciona cada instrumento oft\u00e1lmico, desde el dise\u00f1o y el montaje hasta el funcionamiento real en las cl\u00ednicas.<\/p>\t\t\t\t<\/div>\n\t\t\t\t<div class=\"elementor-element elementor-element-9e18db8 elementor-widget elementor-widget-heading\" data-id=\"9e18db8\" data-element_type=\"widget\" data-e-type=\"widget\" data-widget_type=\"heading.default\">\n\t\t\t\t\t<p class=\"elementor-heading-title elementor-size-default\">Tanto si est\u00e1 buscando un autorrefract\u00f3metro, una l\u00e1mpara de hendidura, un for\u00f3ptero o una unidad de silla y soporte, estos v\u00eddeos muestran la calidad de fabricaci\u00f3n, las caracter\u00edsticas principales y la experiencia de usuario que distinguen a LINK:<\/p>\t\t\t\t<\/div>\n\t\t\t\t<div class=\"elementor-element elementor-element-0d8ae26 elementor-widget elementor-widget-heading\" data-id=\"0d8ae26\" data-element_type=\"widget\" data-e-type=\"widget\" data-widget_type=\"heading.default\">\n\t\t\t\t\t<span class=\"elementor-heading-title elementor-size-default\"><b> - <\/b>Comprender c\u00f3mo funcionan los dispositivos LINK en entornos reales.<br>\n<b> - <\/b>Conozca la configuraci\u00f3n y el flujo de trabajo en cl\u00ednicas o tiendas \u00f3pticas.<br>\n<b> - <\/b>Vea la precisi\u00f3n y estabilidad que garantizan resultados exactos para los pacientes.<br><\/span>\t\t\t\t<\/div>\n\t\t\t\t<\/div>\n\t\t\t\t\t<\/div>\n\t\t\t\t<\/div>\n\t\t<div class=\"elementor-element elementor-element-d92abc8 e-flex e-con-boxed e-con e-parent\" data-id=\"d92abc8\" data-element_type=\"container\" data-e-type=\"container\" data-settings=\"{&quot;background_background&quot;:&quot;classic&quot;}\">\n\t\t\t\t\t<div class=\"e-con-inner\">\n\t\t<div class=\"elementor-element elementor-element-8ec0152 e-con-full e-flex e-con e-child\" data-id=\"8ec0152\" data-element_type=\"container\" data-e-type=\"container\">\n\t\t\t\t<div class=\"elementor-element elementor-element-639d266 elementor-widget elementor-widget-heading\" data-id=\"639d266\" data-element_type=\"widget\" data-e-type=\"widget\" data-widget_type=\"heading.default\">\n\t\t\t\t\t<h2 class=\"elementor-heading-title elementor-size-default\">ACERCA DEL instrumento LINK V\u00eddeo\n<\/h2>\t\t\t\t<\/div>\n\t\t\t\t<\/div>\n\t\t<div class=\"elementor-element elementor-element-9814eb1 e-con-full e-flex e-con e-child\" data-id=\"9814eb1\" data-element_type=\"container\" data-e-type=\"container\">\n\t\t<div class=\"elementor-element elementor-element-9645dd5 e-grid e-con-full e-con e-child\" data-id=\"9645dd5\" data-element_type=\"container\" data-e-type=\"container\">\n\t\t\t\t<div class=\"elementor-element elementor-element-4af37da elementor-widget elementor-widget-video\" data-id=\"4af37da\" data-element_type=\"widget\" data-e-type=\"widget\" data-settings=\"{&quot;video_type&quot;:&quot;hosted&quot;,&quot;controls&quot;:&quot;yes&quot;}\" data-widget_type=\"video.default\">\n\t\t\t\t\t\t\t<div class=\"e-hosted-video elementor-wrapper elementor-open-inline\">\n\t\t\t\t\t<video class=\"elementor-video\" src=\"https:\/\/linkeyegroup.com\/wp-content\/uploads\/2025\/10\/company-video.mp4\" controls=\"\" preload=\"metadata\" controlslist=\"nodownload\" poster=\"https:\/\/linkeyegroup.com\/wp-content\/uploads\/2025\/10\/\u89c6\u9891\u5c01\u9762.jpg\"><\/video>\n\t\t\t\t<\/div>\n\t\t\t\t\t\t<\/div>\n\t\t\t\t<div class=\"elementor-element elementor-element-d99b087 elementor-widget elementor-widget-video\" data-id=\"d99b087\" data-element_type=\"widget\" data-e-type=\"widget\" data-settings=\"{&quot;video_type&quot;:&quot;hosted&quot;,&quot;controls&quot;:&quot;yes&quot;}\" data-widget_type=\"video.default\">\n\t\t\t\t\t\t\t<div class=\"e-hosted-video elementor-wrapper elementor-open-inline\">\n\t\t\t\t\t<video class=\"elementor-video\" src=\"https:\/\/linkeyegroup.com\/wp-content\/uploads\/2025\/11\/Shanghai-Link-Production-Line.mp4\" controls=\"\" preload=\"metadata\" controlslist=\"nodownload\" poster=\"https:\/\/linkeyegroup.com\/wp-content\/uploads\/2025\/10\/LINK_GROUP_warm_tone-2-r44omx83jk3bnjrfl4zs5pava40thcjb921ts1nnns-e1760174770689.webp\"><\/video>\n\t\t\t\t<\/div>\n\t\t\t\t\t\t<\/div>\n\t\t\t\t<\/div>\n\t\t\t\t<\/div>\n\t\t\t\t\t<\/div>\n\t\t\t\t<\/div>\n\t\t<div class=\"elementor-element elementor-element-5a77dd6 e-flex e-con-boxed e-con e-parent\" data-id=\"5a77dd6\" data-element_type=\"container\" data-e-type=\"container\" data-settings=\"{&quot;background_background&quot;:&quot;classic&quot;}\">\n\t\t\t\t\t<div class=\"e-con-inner\">\n\t\t<div class=\"elementor-element elementor-element-593f090 e-con-full e-flex e-con e-child\" data-id=\"593f090\" data-element_type=\"container\" data-e-type=\"container\">\n\t\t\t\t<div class=\"elementor-element elementor-element-86895d0 elementor-widget elementor-widget-heading\" data-id=\"86895d0\" data-element_type=\"widget\" data-e-type=\"widget\" data-widget_type=\"heading.default\">\n\t\t\t\t\t<h2 class=\"elementor-heading-title elementor-size-default\">V\u00eddeo de equipos optom\u00e9tricos\n<\/h2>\t\t\t\t<\/div>\n\t\t\t\t<\/div>\n\t\t<div class=\"elementor-element elementor-element-76bfc35 e-con-full e-flex e-con e-child\" data-id=\"76bfc35\" data-element_type=\"container\" data-e-type=\"container\">\n\t\t<div class=\"elementor-element elementor-element-3de3b99 e-grid e-con-full e-con e-child\" data-id=\"3de3b99\" data-element_type=\"container\" data-e-type=\"container\">\n\t\t\t\t<div class=\"elementor-element elementor-element-ca33550 elementor-widget elementor-widget-video\" data-id=\"ca33550\" data-element_type=\"widget\" data-e-type=\"widget\" data-settings=\"{&quot;youtube_url&quot;:&quot;https:\\\/\\\/www.youtube.com\\\/watch?v=WXKCf8Qkgak&quot;,&quot;video_type&quot;:&quot;youtube&quot;,&quot;controls&quot;:&quot;yes&quot;}\" data-widget_type=\"video.default\">\n\t\t\t\t\t\t\t<div class=\"elementor-wrapper elementor-open-inline\">\n\t\t\t<div class=\"elementor-video\"><\/div>\t\t<\/div>\n\t\t\t\t\t\t<\/div>\n\t\t\t\t<div class=\"elementor-element elementor-element-a73438a elementor-widget elementor-widget-video\" data-id=\"a73438a\" data-element_type=\"widget\" data-e-type=\"widget\" data-settings=\"{&quot;youtube_url&quot;:&quot;https:\\\/\\\/www.youtube.com\\\/watch?v=HQAhXJpJ0Ek&quot;,&quot;video_type&quot;:&quot;youtube&quot;,&quot;controls&quot;:&quot;yes&quot;}\" data-widget_type=\"video.default\">\n\t\t\t\t\t\t\t<div class=\"elementor-wrapper elementor-open-inline\">\n\t\t\t<div class=\"elementor-video\"><\/div>\t\t<\/div>\n\t\t\t\t\t\t<\/div>\n\t\t\t\t<\/div>\n\t\t\t\t<\/div>\n\t\t\t\t\t<\/div>\n\t\t\t\t<\/div>\n\t\t<div class=\"elementor-element elementor-element-c774bcb e-flex e-con-boxed e-con e-parent\" data-id=\"c774bcb\" data-element_type=\"container\" data-e-type=\"container\" data-settings=\"{&quot;background_background&quot;:&quot;classic&quot;}\">\n\t\t\t\t\t<div class=\"e-con-inner\">\n\t\t<div class=\"elementor-element elementor-element-eadc962 e-con-full e-flex e-con e-child\" data-id=\"eadc962\" data-element_type=\"container\" data-e-type=\"container\">\n\t\t\t\t<div class=\"elementor-element elementor-element-de1291e elementor-widget elementor-widget-heading\" data-id=\"de1291e\" data-element_type=\"widget\" data-e-type=\"widget\" data-widget_type=\"heading.default\">\n\t\t\t\t\t<h2 class=\"elementor-heading-title elementor-size-default\">V\u00eddeo de equipos oft\u00e1lmicos\n<\/h2>\t\t\t\t<\/div>\n\t\t\t\t<\/div>\n\t\t<div class=\"elementor-element elementor-element-63e946a e-con-full e-flex e-con e-child\" data-id=\"63e946a\" data-element_type=\"container\" data-e-type=\"container\">\n\t\t<div class=\"elementor-element elementor-element-d74c3cd e-grid e-con-full e-con e-child\" data-id=\"d74c3cd\" data-element_type=\"container\" data-e-type=\"container\">\n\t\t\t\t<div class=\"elementor-element elementor-element-dea74ed elementor-widget elementor-widget-video\" data-id=\"dea74ed\" data-element_type=\"widget\" data-e-type=\"widget\" data-settings=\"{&quot;youtube_url&quot;:&quot;https:\\\/\\\/www.youtube.com\\\/watch?v=OOMVFr4vvdA&quot;,&quot;video_type&quot;:&quot;youtube&quot;,&quot;controls&quot;:&quot;yes&quot;}\" data-widget_type=\"video.default\">\n\t\t\t\t\t\t\t<div class=\"elementor-wrapper elementor-open-inline\">\n\t\t\t<div class=\"elementor-video\"><\/div>\t\t<\/div>\n\t\t\t\t\t\t<\/div>\n\t\t\t\t<\/div>\n\t\t\t\t<\/div>\n\t\t\t\t\t<\/div>\n\t\t\t\t<\/div>\n\t\t<div class=\"elementor-element elementor-element-aecb317 e-flex e-con-boxed e-con e-parent\" data-id=\"aecb317\" data-element_type=\"container\" data-e-type=\"container\" data-settings=\"{&quot;background_background&quot;:&quot;classic&quot;}\">\n\t\t\t\t\t<div class=\"e-con-inner\">\n\t\t<div class=\"elementor-element elementor-element-2be2342 e-con-full e-flex e-con e-child\" data-id=\"2be2342\" data-element_type=\"container\" data-e-type=\"container\">\n\t\t\t\t<div class=\"elementor-element elementor-element-3e32b57 elementor-widget elementor-widget-heading\" data-id=\"3e32b57\" data-element_type=\"widget\" data-e-type=\"widget\" data-widget_type=\"heading.default\">\n\t\t\t\t\t<h2 class=\"elementor-heading-title elementor-size-default\">V\u00eddeo de maquinaria de laboratorio \u00f3ptico\n<\/h2>\t\t\t\t<\/div>\n\t\t\t\t<\/div>\n\t\t<div class=\"elementor-element elementor-element-5958369 e-con-full e-flex e-con e-child\" data-id=\"5958369\" data-element_type=\"container\" data-e-type=\"container\">\n\t\t<div class=\"elementor-element elementor-element-66aa2a0 e-grid e-con-full e-con e-child\" data-id=\"66aa2a0\" data-element_type=\"container\" data-e-type=\"container\">\n\t\t\t\t<div class=\"elementor-element elementor-element-d7523fd elementor-widget elementor-widget-video\" data-id=\"d7523fd\" data-element_type=\"widget\" data-e-type=\"widget\" data-settings=\"{&quot;youtube_url&quot;:&quot;https:\\\/\\\/www.youtube.com\\\/watch?v=haKfktAaABU&quot;,&quot;video_type&quot;:&quot;youtube&quot;,&quot;controls&quot;:&quot;yes&quot;}\" data-widget_type=\"video.default\">\n\t\t\t\t\t\t\t<div class=\"elementor-wrapper elementor-open-inline\">\n\t\t\t<div class=\"elementor-video\"><\/div>\t\t<\/div>\n\t\t\t\t\t\t<\/div>\n\t\t\t\t<\/div>\n\t\t\t\t<\/div>\n\t\t\t\t\t<\/div>\n\t\t\t\t<\/div>\n\t\t<div class=\"elementor-element elementor-element-c3ee190 e-flex e-con-boxed e-con e-parent\" data-id=\"c3ee190\" data-element_type=\"container\" data-e-type=\"container\" data-settings=\"{&quot;background_background&quot;:&quot;classic&quot;}\">\n\t\t\t\t\t<div class=\"e-con-inner\">\n\t\t<div class=\"elementor-element elementor-element-b8e3f33 e-con-full e-flex e-con e-child\" data-id=\"b8e3f33\" data-element_type=\"container\" data-e-type=\"container\">\n\t\t\t\t<div class=\"elementor-element elementor-element-05c104f elementor-widget elementor-widget-heading\" data-id=\"05c104f\" data-element_type=\"widget\" data-e-type=\"widget\" data-widget_type=\"heading.default\">\n\t\t\t\t\t<h2 class=\"elementor-heading-title elementor-size-default\">\u00bfQuiere saber m\u00e1s o solicitar un v\u00eddeo de demostraci\u00f3n para su regi\u00f3n?<\/h2>\t\t\t\t<\/div>\n\t\t\t\t<div class=\"elementor-element elementor-element-d488cd8 elementor-widget elementor-widget-heading\" data-id=\"d488cd8\" data-element_type=\"widget\" data-e-type=\"widget\" data-widget_type=\"heading.default\">\n\t\t\t\t\t<p class=\"elementor-heading-title elementor-size-default\">P\u00f3ngase en contacto con LINK: nuestro equipo le proporcionar\u00e1 metraje detallado y apoyo experto adaptado a sus necesidades.<\/p>\t\t\t\t<\/div>\n\t\t\t\t<div class=\"elementor-element elementor-element-cf2163e elementor-align-center elementor-widget elementor-widget-button\" data-id=\"cf2163e\" data-element_type=\"widget\" data-e-type=\"widget\" data-widget_type=\"button.default\">\n\t\t\t\t\t\t\t\t\t\t<a class=\"elementor-button elementor-button-link elementor-size-sm\" href=\"https:\/\/linkeyegroup.com\/es\/contact-us\/\">\n\t\t\t\t\t\t<span class=\"elementor-button-content-wrapper\">\n\t\t\t\t\t\t\t\t\t<span class=\"elementor-button-text\">Acci\u00f3n inmediata<\/span>\n\t\t\t\t\t<\/span>\n\t\t\t\t\t<\/a>\n\t\t\t\t\t\t\t\t<\/div>\n\t\t\t\t<\/div>\n\t\t\t\t\t<\/div>\n\t\t\t\t<\/div>\n\t\t\t\t<\/div>","protected":false},"excerpt":{"rendered":"<p>Videos of Shanghai LINK Instrument At LINK, we believe that seeing is understanding. Our product videos give you a closer look at how each ophthalmic instrument performs \u2014 from design and assembly to real operation in clinics. Whether you\u2019re looking for an Auto Refractometer, Slit Lamp, Phoropter, or Chair &amp; Stand Unit, these videos show [&hellip;]<\/p>\n","protected":false},"author":1,"featured_media":0,"parent":0,"menu_order":0,"comment_status":"closed","ping_status":"closed","template":"","meta":{"footnotes":""},"class_list":["post-3614","page","type-page","status-publish","hentry"],"yoast_head":"<!-- This site is optimized with the Yoast SEO Premium plugin v22.0 (Yoast SEO v27.4) - https:\/\/yoast.com\/product\/yoast-seo-premium-wordpress\/ -->\n<title>Ophthalmic &amp; Optometric Equipment Videos - LINK instrument<\/title>\n<meta name=\"description\" content=\"In LINK, we will offer FREE marketing support for you if you would like to make website design, such as videos, catalogs, and pictures.\" \/>\n<meta name=\"robots\" content=\"index, follow, max-snippet:-1, max-image-preview:large, max-video-preview:-1\" \/>\n<link rel=\"canonical\" href=\"https:\/\/linkeyegroup.com\/es\/video-del-producto\/\" \/>\n<meta property=\"og:locale\" content=\"es_ES\" \/>\n<meta property=\"og:type\" content=\"article\" \/>\n<meta property=\"og:title\" content=\"Product Video\" \/>\n<meta property=\"og:description\" content=\"In LINK, we will offer FREE marketing support for you if you would like to make website design, such as videos, catalogs, and pictures.\" \/>\n<meta property=\"og:url\" content=\"https:\/\/linkeyegroup.com\/es\/video-del-producto\/\" \/>\n<meta property=\"og:site_name\" content=\"Shanghai LINK\" \/>\n<meta property=\"article:modified_time\" content=\"2025-11-07T01:36:59+00:00\" \/>\n<meta name=\"twitter:card\" content=\"summary_large_image\" \/>\n<meta name=\"twitter:label1\" content=\"Tiempo de lectura\" \/>\n\t<meta name=\"twitter:data1\" content=\"1 minuto\" \/>\n<script type=\"application\/ld+json\" class=\"yoast-schema-graph\">{\"@context\":\"https:\\\/\\\/schema.org\",\"@graph\":[{\"@type\":\"WebPage\",\"@id\":\"https:\\\/\\\/linkeyegroup.com\\\/product-video\\\/\",\"url\":\"https:\\\/\\\/linkeyegroup.com\\\/product-video\\\/\",\"name\":\"Ophthalmic & Optometric Equipment Videos - LINK instrument\",\"isPartOf\":{\"@id\":\"https:\\\/\\\/linkeyegroup.com\\\/#website\"},\"datePublished\":\"2025-10-20T01:33:16+00:00\",\"dateModified\":\"2025-11-07T01:36:59+00:00\",\"description\":\"In LINK, we will offer FREE marketing support for you if you would like to make website design, such as videos, catalogs, and pictures.\",\"breadcrumb\":{\"@id\":\"https:\\\/\\\/linkeyegroup.com\\\/product-video\\\/#breadcrumb\"},\"inLanguage\":\"es\",\"potentialAction\":[{\"@type\":\"ReadAction\",\"target\":[\"https:\\\/\\\/linkeyegroup.com\\\/product-video\\\/\"]}]},{\"@type\":\"BreadcrumbList\",\"@id\":\"https:\\\/\\\/linkeyegroup.com\\\/product-video\\\/#breadcrumb\",\"itemListElement\":[{\"@type\":\"ListItem\",\"position\":1,\"name\":\"Home\",\"item\":\"https:\\\/\\\/linkeyegroup.com\\\/\"},{\"@type\":\"ListItem\",\"position\":2,\"name\":\"Product Video\"}]},{\"@type\":\"WebSite\",\"@id\":\"https:\\\/\\\/linkeyegroup.com\\\/#website\",\"url\":\"https:\\\/\\\/linkeyegroup.com\\\/\",\"name\":\"Shanghai LINK\",\"description\":\"\",\"publisher\":{\"@id\":\"https:\\\/\\\/linkeyegroup.com\\\/#organization\"},\"potentialAction\":[{\"@type\":\"SearchAction\",\"target\":{\"@type\":\"EntryPoint\",\"urlTemplate\":\"https:\\\/\\\/linkeyegroup.com\\\/?s={search_term_string}\"},\"query-input\":{\"@type\":\"PropertyValueSpecification\",\"valueRequired\":true,\"valueName\":\"search_term_string\"}}],\"inLanguage\":\"es\"},{\"@type\":\"Organization\",\"@id\":\"https:\\\/\\\/linkeyegroup.com\\\/#organization\",\"name\":\"Shanghai LINK\",\"url\":\"https:\\\/\\\/linkeyegroup.com\\\/\",\"logo\":{\"@type\":\"ImageObject\",\"inLanguage\":\"es\",\"@id\":\"https:\\\/\\\/linkeyegroup.com\\\/#\\\/schema\\\/logo\\\/image\\\/\",\"url\":\"https:\\\/\\\/linkeyegroup.com\\\/wp-content\\\/uploads\\\/2025\\\/09\\\/cropped-cropped-logo-1-1.webp\",\"contentUrl\":\"https:\\\/\\\/linkeyegroup.com\\\/wp-content\\\/uploads\\\/2025\\\/09\\\/cropped-cropped-logo-1-1.webp\",\"width\":210,\"height\":60,\"caption\":\"Shanghai LINK\"},\"image\":{\"@id\":\"https:\\\/\\\/linkeyegroup.com\\\/#\\\/schema\\\/logo\\\/image\\\/\"}}]}<\/script>\n<!-- \/ Yoast SEO Premium plugin. -->","yoast_head_json":{"title":"V\u00eddeos sobre equipos oft\u00e1lmicos y optom\u00e9tricos - LINK instrument","description":"En LINK, le ofreceremos apoyo de marketing GRATUITO si desea realizar el dise\u00f1o del sitio web, como v\u00eddeos, cat\u00e1logos e im\u00e1genes.","robots":{"index":"index","follow":"follow","max-snippet":"max-snippet:-1","max-image-preview":"max-image-preview:large","max-video-preview":"max-video-preview:-1"},"canonical":"https:\/\/linkeyegroup.com\/es\/video-del-producto\/","og_locale":"es_ES","og_type":"article","og_title":"Product Video","og_description":"In LINK, we will offer FREE marketing support for you if you would like to make website design, such as videos, catalogs, and pictures.","og_url":"https:\/\/linkeyegroup.com\/es\/video-del-producto\/","og_site_name":"Shanghai LINK","article_modified_time":"2025-11-07T01:36:59+00:00","twitter_card":"summary_large_image","twitter_misc":{"Tiempo de lectura":"1 minuto"},"schema":{"@context":"https:\/\/schema.org","@graph":[{"@type":"WebPage","@id":"https:\/\/linkeyegroup.com\/product-video\/","url":"https:\/\/linkeyegroup.com\/product-video\/","name":"V\u00eddeos sobre equipos oft\u00e1lmicos y optom\u00e9tricos - LINK instrument","isPartOf":{"@id":"https:\/\/linkeyegroup.com\/#website"},"datePublished":"2025-10-20T01:33:16+00:00","dateModified":"2025-11-07T01:36:59+00:00","description":"En LINK, le ofreceremos apoyo de marketing GRATUITO si desea realizar el dise\u00f1o del sitio web, como v\u00eddeos, cat\u00e1logos e im\u00e1genes.","breadcrumb":{"@id":"https:\/\/linkeyegroup.com\/product-video\/#breadcrumb"},"inLanguage":"es","potentialAction":[{"@type":"ReadAction","target":["https:\/\/linkeyegroup.com\/product-video\/"]}]},{"@type":"BreadcrumbList","@id":"https:\/\/linkeyegroup.com\/product-video\/#breadcrumb","itemListElement":[{"@type":"ListItem","position":1,"name":"Home","item":"https:\/\/linkeyegroup.com\/"},{"@type":"ListItem","position":2,"name":"Product Video"}]},{"@type":"WebSite","@id":"https:\/\/linkeyegroup.com\/#website","url":"https:\/\/linkeyegroup.com\/","name":"Shanghai ENLACE","description":"","publisher":{"@id":"https:\/\/linkeyegroup.com\/#organization"},"potentialAction":[{"@type":"SearchAction","target":{"@type":"EntryPoint","urlTemplate":"https:\/\/linkeyegroup.com\/?s={search_term_string}"},"query-input":{"@type":"PropertyValueSpecification","valueRequired":true,"valueName":"search_term_string"}}],"inLanguage":"es"},{"@type":"Organization","@id":"https:\/\/linkeyegroup.com\/#organization","name":"Shanghai ENLACE","url":"https:\/\/linkeyegroup.com\/","logo":{"@type":"ImageObject","inLanguage":"es","@id":"https:\/\/linkeyegroup.com\/#\/schema\/logo\/image\/","url":"https:\/\/linkeyegroup.com\/wp-content\/uploads\/2025\/09\/cropped-cropped-logo-1-1.webp","contentUrl":"https:\/\/linkeyegroup.com\/wp-content\/uploads\/2025\/09\/cropped-cropped-logo-1-1.webp","width":210,"height":60,"caption":"Shanghai LINK"},"image":{"@id":"https:\/\/linkeyegroup.com\/#\/schema\/logo\/image\/"}}]}},"_hostinger_reach_plugin_has_subscription_block":false,"_hostinger_reach_plugin_is_elementor":false,"_links":{"self":[{"href":"https:\/\/linkeyegroup.com\/es\/wp-json\/wp\/v2\/pages\/3614","targetHints":{"allow":["GET"]}}],"collection":[{"href":"https:\/\/linkeyegroup.com\/es\/wp-json\/wp\/v2\/pages"}],"about":[{"href":"https:\/\/linkeyegroup.com\/es\/wp-json\/wp\/v2\/types\/page"}],"author":[{"embeddable":true,"href":"https:\/\/linkeyegroup.com\/es\/wp-json\/wp\/v2\/users\/1"}],"replies":[{"embeddable":true,"href":"https:\/\/linkeyegroup.com\/es\/wp-json\/wp\/v2\/comments?post=3614"}],"version-history":[{"count":21,"href":"https:\/\/linkeyegroup.com\/es\/wp-json\/wp\/v2\/pages\/3614\/revisions"}],"predecessor-version":[{"id":7707,"href":"https:\/\/linkeyegroup.com\/es\/wp-json\/wp\/v2\/pages\/3614\/revisions\/7707"}],"wp:attachment":[{"href":"https:\/\/linkeyegroup.com\/es\/wp-json\/wp\/v2\/media?parent=3614"}],"curies":[{"name":"wp","href":"https:\/\/api.w.org\/{rel}","templated":true}]}}