{"id":285,"date":"2025-10-04T08:52:28","date_gmt":"2025-10-04T08:52:28","guid":{"rendered":"https:\/\/linkeyegroup.com\/?page_id=285"},"modified":"2025-10-28T06:38:30","modified_gmt":"2025-10-28T06:38:30","slug":"informacion-sobre-la-garantia","status":"publish","type":"page","link":"https:\/\/linkeyegroup.com\/es\/warranty-information\/","title":{"rendered":"Informaci\u00f3n sobre la garant\u00eda"},"content":{"rendered":"<div data-elementor-type=\"wp-page\" data-elementor-id=\"285\" class=\"elementor elementor-285\" data-elementor-post-type=\"page\">\n\t\t\t\t<div class=\"elementor-element elementor-element-04320ae e-flex e-con-boxed e-con e-parent\" data-id=\"04320ae\" data-element_type=\"container\" data-e-type=\"container\">\n\t\t\t\t\t<div class=\"e-con-inner\">\n\t\t<div class=\"elementor-element elementor-element-6b17af1 e-con-full e-flex e-con e-child\" data-id=\"6b17af1\" data-element_type=\"container\" data-e-type=\"container\">\n\t\t\t\t<div class=\"elementor-element elementor-element-a90d398 elementor-widget__width-inherit elementor-widget elementor-widget-heading\" data-id=\"a90d398\" data-element_type=\"widget\" data-e-type=\"widget\" data-widget_type=\"heading.default\">\n\t\t\t\t\t<h1 class=\"elementor-heading-title elementor-size-default\">Pol\u00edtica de servicio de garant\u00eda de LINK Instrument<\/h1>\t\t\t\t<\/div>\n\t\t\t\t<div class=\"elementor-element elementor-element-f0e83c6 elementor-widget__width-inherit elementor-widget elementor-widget-heading\" data-id=\"f0e83c6\" data-element_type=\"widget\" data-e-type=\"widget\" data-widget_type=\"heading.default\">\n\t\t\t\t\t<p class=\"elementor-heading-title elementor-size-default\">1. Servicios<\/p>\t\t\t\t<\/div>\n\t\t\t\t<div class=\"elementor-element elementor-element-5dd25f1 elementor-widget__width-inherit elementor-widget elementor-widget-heading\" data-id=\"5dd25f1\" data-element_type=\"widget\" data-e-type=\"widget\" data-widget_type=\"heading.default\">\n\t\t\t\t\t<p class=\"elementor-heading-title elementor-size-default\"><b> - <\/b>Responder a las solicitudes de mantenimiento en un plazo de 12 horas.\n<br><b> - <\/b>Proporcionar asistencia t\u00e9cnica a distancia en un plazo de 24 horas.\n<br><b> - <\/b>Seguir principios de servicio r\u00e1pido, decidido, preciso, atento y minucioso.\n<br><b> - <\/b>Garantizar la calidad del servicio para lograr la plena satisfacci\u00f3n del cliente.\n<br><b> - <\/b>Proporcionar soluciones eficaces para las aver\u00edas de los equipos durante el periodo de garant\u00eda o despu\u00e9s de \u00e9l.\n<br><b> - <\/b>Ofrecer una asistencia rentable para piezas de repuesto y reparaciones cuando proceda.<\/p>\t\t\t\t<\/div>\n\t\t\t\t<div class=\"elementor-element elementor-element-f39bdd6 elementor-widget__width-inherit elementor-widget elementor-widget-heading\" data-id=\"f39bdd6\" data-element_type=\"widget\" data-e-type=\"widget\" data-widget_type=\"heading.default\">\n\t\t\t\t\t<p class=\"elementor-heading-title elementor-size-default\">2. Pol\u00edtica de garant\u00eda<\/p>\t\t\t\t<\/div>\n\t\t\t\t<div class=\"elementor-element elementor-element-b2e4ac0 elementor-widget__width-inherit elementor-widget elementor-widget-heading\" data-id=\"b2e4ac0\" data-element_type=\"widget\" data-e-type=\"widget\" data-widget_type=\"heading.default\">\n\t\t\t\t\t<p class=\"elementor-heading-title elementor-size-default\">Una vez que adquiera el equipo de LINK, le ofreceremos un a\u00f1o de garant\u00eda y podr\u00e1 obtener servicios postventa espec\u00edficos de nuestra parte.<\/p>\t\t\t\t<\/div>\n\t\t\t\t<div class=\"elementor-element elementor-element-6d6ac66 elementor-widget__width-inherit elementor-widget elementor-widget-heading\" data-id=\"6d6ac66\" data-element_type=\"widget\" data-e-type=\"widget\" data-widget_type=\"heading.default\">\n\t\t\t\t\t<p class=\"elementor-heading-title elementor-size-default\">Se trata de la Pol\u00edtica de Garant\u00eda (Puede hacer clic en el enlace de las palabras para imprimir, o descargar el archivo PDF.) en la siguiente imagen:<\/p>\t\t\t\t<\/div>\n\t\t\t\t<\/div>\n\t\t\t\t\t<\/div>\n\t\t\t\t<\/div>\n\t\t<div class=\"elementor-element elementor-element-2484dec e-flex e-con-boxed e-con e-parent\" data-id=\"2484dec\" data-element_type=\"container\" data-e-type=\"container\">\n\t\t\t\t\t<div class=\"e-con-inner\">\n\t\t<div class=\"elementor-element elementor-element-30b6eda e-con-full e-flex e-con e-child\" data-id=\"30b6eda\" data-element_type=\"container\" data-e-type=\"container\">\n\t\t\t\t<div class=\"elementor-element elementor-element-c807a41 elementor-widget elementor-widget-image\" data-id=\"c807a41\" data-element_type=\"widget\" data-e-type=\"widget\" data-widget_type=\"image.default\">\n\t\t\t\t\t\t\t\t\t\t\t\t\t\t\t<img fetchpriority=\"high\" decoding=\"async\" width=\"724\" height=\"1024\" src=\"https:\/\/linkeyegroup.com\/wp-content\/uploads\/2025\/10\/Warranty-Service-Policy-of-LINK-Instrument-724x1024.webp\" class=\"attachment-large size-large wp-image-4255\" alt=\"Pol\u00edtica de servicio de garant\u00eda de LINK Instrument\" srcset=\"https:\/\/linkeyegroup.com\/wp-content\/uploads\/2025\/10\/Warranty-Service-Policy-of-LINK-Instrument-724x1024.webp 724w, https:\/\/linkeyegroup.com\/wp-content\/uploads\/2025\/10\/Warranty-Service-Policy-of-LINK-Instrument-212x300.webp 212w, https:\/\/linkeyegroup.com\/wp-content\/uploads\/2025\/10\/Warranty-Service-Policy-of-LINK-Instrument-768x1086.webp 768w, https:\/\/linkeyegroup.com\/wp-content\/uploads\/2025\/10\/Warranty-Service-Policy-of-LINK-Instrument-1086x1536.webp 1086w, https:\/\/linkeyegroup.com\/wp-content\/uploads\/2025\/10\/Warranty-Service-Policy-of-LINK-Instrument-600x849.webp 600w, https:\/\/linkeyegroup.com\/wp-content\/uploads\/2025\/10\/Warranty-Service-Policy-of-LINK-Instrument.webp 1320w\" sizes=\"(max-width: 724px) 100vw, 724px\" \/>\t\t\t\t\t\t\t\t\t\t\t\t\t\t\t<\/div>\n\t\t\t\t<div class=\"elementor-element elementor-element-1927af6 elementor-align-center elementor-widget__width-inherit elementor-widget elementor-widget-button\" data-id=\"1927af6\" data-element_type=\"widget\" data-e-type=\"widget\" data-widget_type=\"button.default\">\n\t\t\t\t\t\t\t\t\t\t<a class=\"elementor-button elementor-button-link elementor-size-sm\" href=\"\/wp-content\/uploads\/2025\/10\/Warranty-Service-Policy-of-LINK-Instrument.pdf\">\n\t\t\t\t\t\t<span class=\"elementor-button-content-wrapper\">\n\t\t\t\t\t\t\t\t\t<span class=\"elementor-button-text\">Descargar PDF<\/span>\n\t\t\t\t\t<\/span>\n\t\t\t\t\t<\/a>\n\t\t\t\t\t\t\t\t<\/div>\n\t\t\t\t<\/div>\n\t\t\t\t\t<\/div>\n\t\t\t\t<\/div>\n\t\t\t\t<\/div>","protected":false},"excerpt":{"rendered":"<p>Warranty Service Policy of LINK Instrument 1. Services &#8211; Respond to maintenance requests within 12 hours. &#8211; Provide remote technical support within 24 hours. &#8211; Follow principles of fast, decisive, accurate, thoughtful, and thorough service. &#8211; Ensure service quality to achieve full customer satisfaction. &#8211; Provide efficient solutions for equipment failures during or after the [&hellip;]<\/p>\n","protected":false},"author":1,"featured_media":0,"parent":0,"menu_order":0,"comment_status":"closed","ping_status":"closed","template":"","meta":{"footnotes":""},"class_list":["post-285","page","type-page","status-publish","hentry"],"yoast_head":"<!-- This site is optimized with the Yoast SEO Premium plugin v22.0 (Yoast SEO v27.4) - https:\/\/yoast.com\/product\/yoast-seo-premium-wordpress\/ -->\n<title>Warranty Information | Ophthalmic Equipment Support - LINK<\/title>\n<meta name=\"description\" content=\"About LINK\u2019s ophthalmic equipment warranty policy, covering repair, replacement, and after-sales support to ensure reliable product performance.\" \/>\n<meta name=\"robots\" content=\"index, follow, max-snippet:-1, max-image-preview:large, max-video-preview:-1\" \/>\n<link rel=\"canonical\" href=\"https:\/\/linkeyegroup.com\/es\/informacion-sobre-la-garantia\/\" \/>\n<meta property=\"og:locale\" content=\"es_ES\" \/>\n<meta property=\"og:type\" content=\"article\" \/>\n<meta property=\"og:title\" content=\"Warranty Information\" \/>\n<meta property=\"og:description\" content=\"About LINK\u2019s ophthalmic equipment warranty policy, covering repair, replacement, and after-sales support to ensure reliable product performance.\" \/>\n<meta property=\"og:url\" content=\"https:\/\/linkeyegroup.com\/es\/informacion-sobre-la-garantia\/\" \/>\n<meta property=\"og:site_name\" content=\"Shanghai LINK\" \/>\n<meta property=\"article:modified_time\" content=\"2025-10-28T06:38:30+00:00\" \/>\n<meta property=\"og:image\" content=\"https:\/\/linkeyegroup.com\/wp-content\/uploads\/2025\/10\/Warranty-Service-Policy-of-LINK-Instrument-724x1024.webp\" \/>\n<meta name=\"twitter:card\" content=\"summary_large_image\" \/>\n<meta name=\"twitter:label1\" content=\"Tiempo de lectura\" \/>\n\t<meta name=\"twitter:data1\" content=\"1 minuto\" \/>\n<script type=\"application\/ld+json\" class=\"yoast-schema-graph\">{\"@context\":\"https:\\\/\\\/schema.org\",\"@graph\":[{\"@type\":\"WebPage\",\"@id\":\"https:\\\/\\\/linkeyegroup.com\\\/warranty-information\\\/\",\"url\":\"https:\\\/\\\/linkeyegroup.com\\\/warranty-information\\\/\",\"name\":\"Warranty Information | Ophthalmic Equipment Support - LINK\",\"isPartOf\":{\"@id\":\"https:\\\/\\\/linkeyegroup.com\\\/#website\"},\"primaryImageOfPage\":{\"@id\":\"https:\\\/\\\/linkeyegroup.com\\\/warranty-information\\\/#primaryimage\"},\"image\":{\"@id\":\"https:\\\/\\\/linkeyegroup.com\\\/warranty-information\\\/#primaryimage\"},\"thumbnailUrl\":\"https:\\\/\\\/linkeyegroup.com\\\/wp-content\\\/uploads\\\/2025\\\/10\\\/Warranty-Service-Policy-of-LINK-Instrument-724x1024.webp\",\"datePublished\":\"2025-10-04T08:52:28+00:00\",\"dateModified\":\"2025-10-28T06:38:30+00:00\",\"description\":\"About LINK\u2019s ophthalmic equipment warranty policy, covering repair, replacement, and after-sales support to ensure reliable product performance.\",\"breadcrumb\":{\"@id\":\"https:\\\/\\\/linkeyegroup.com\\\/warranty-information\\\/#breadcrumb\"},\"inLanguage\":\"es\",\"potentialAction\":[{\"@type\":\"ReadAction\",\"target\":[\"https:\\\/\\\/linkeyegroup.com\\\/warranty-information\\\/\"]}]},{\"@type\":\"ImageObject\",\"inLanguage\":\"es\",\"@id\":\"https:\\\/\\\/linkeyegroup.com\\\/warranty-information\\\/#primaryimage\",\"url\":\"https:\\\/\\\/linkeyegroup.com\\\/wp-content\\\/uploads\\\/2025\\\/10\\\/Warranty-Service-Policy-of-LINK-Instrument-724x1024.webp\",\"contentUrl\":\"https:\\\/\\\/linkeyegroup.com\\\/wp-content\\\/uploads\\\/2025\\\/10\\\/Warranty-Service-Policy-of-LINK-Instrument-724x1024.webp\"},{\"@type\":\"BreadcrumbList\",\"@id\":\"https:\\\/\\\/linkeyegroup.com\\\/warranty-information\\\/#breadcrumb\",\"itemListElement\":[{\"@type\":\"ListItem\",\"position\":1,\"name\":\"Home\",\"item\":\"https:\\\/\\\/linkeyegroup.com\\\/\"},{\"@type\":\"ListItem\",\"position\":2,\"name\":\"Warranty Information\"}]},{\"@type\":\"WebSite\",\"@id\":\"https:\\\/\\\/linkeyegroup.com\\\/#website\",\"url\":\"https:\\\/\\\/linkeyegroup.com\\\/\",\"name\":\"Shanghai LINK\",\"description\":\"\",\"publisher\":{\"@id\":\"https:\\\/\\\/linkeyegroup.com\\\/#organization\"},\"potentialAction\":[{\"@type\":\"SearchAction\",\"target\":{\"@type\":\"EntryPoint\",\"urlTemplate\":\"https:\\\/\\\/linkeyegroup.com\\\/?s={search_term_string}\"},\"query-input\":{\"@type\":\"PropertyValueSpecification\",\"valueRequired\":true,\"valueName\":\"search_term_string\"}}],\"inLanguage\":\"es\"},{\"@type\":\"Organization\",\"@id\":\"https:\\\/\\\/linkeyegroup.com\\\/#organization\",\"name\":\"Shanghai LINK\",\"url\":\"https:\\\/\\\/linkeyegroup.com\\\/\",\"logo\":{\"@type\":\"ImageObject\",\"inLanguage\":\"es\",\"@id\":\"https:\\\/\\\/linkeyegroup.com\\\/#\\\/schema\\\/logo\\\/image\\\/\",\"url\":\"https:\\\/\\\/linkeyegroup.com\\\/wp-content\\\/uploads\\\/2025\\\/09\\\/cropped-cropped-logo-1-1.webp\",\"contentUrl\":\"https:\\\/\\\/linkeyegroup.com\\\/wp-content\\\/uploads\\\/2025\\\/09\\\/cropped-cropped-logo-1-1.webp\",\"width\":210,\"height\":60,\"caption\":\"Shanghai LINK\"},\"image\":{\"@id\":\"https:\\\/\\\/linkeyegroup.com\\\/#\\\/schema\\\/logo\\\/image\\\/\"}}]}<\/script>\n<!-- \/ Yoast SEO Premium plugin. -->","yoast_head_json":{"title":"Informaci\u00f3n sobre la garant\u00eda | Asistencia para equipos oft\u00e1lmicos - LINK","description":"Acerca de la pol\u00edtica de garant\u00eda de equipos oft\u00e1lmicos de LINK, que cubre la reparaci\u00f3n, sustituci\u00f3n y asistencia posventa para garantizar un rendimiento fiable de los productos.","robots":{"index":"index","follow":"follow","max-snippet":"max-snippet:-1","max-image-preview":"max-image-preview:large","max-video-preview":"max-video-preview:-1"},"canonical":"https:\/\/linkeyegroup.com\/es\/informacion-sobre-la-garantia\/","og_locale":"es_ES","og_type":"article","og_title":"Warranty Information","og_description":"About LINK\u2019s ophthalmic equipment warranty policy, covering repair, replacement, and after-sales support to ensure reliable product performance.","og_url":"https:\/\/linkeyegroup.com\/es\/informacion-sobre-la-garantia\/","og_site_name":"Shanghai LINK","article_modified_time":"2025-10-28T06:38:30+00:00","og_image":[{"url":"https:\/\/linkeyegroup.com\/wp-content\/uploads\/2025\/10\/Warranty-Service-Policy-of-LINK-Instrument-724x1024.webp","type":"","width":"","height":""}],"twitter_card":"summary_large_image","twitter_misc":{"Tiempo de lectura":"1 minuto"},"schema":{"@context":"https:\/\/schema.org","@graph":[{"@type":"WebPage","@id":"https:\/\/linkeyegroup.com\/warranty-information\/","url":"https:\/\/linkeyegroup.com\/warranty-information\/","name":"Informaci\u00f3n sobre la garant\u00eda | Asistencia para equipos oft\u00e1lmicos - LINK","isPartOf":{"@id":"https:\/\/linkeyegroup.com\/#website"},"primaryImageOfPage":{"@id":"https:\/\/linkeyegroup.com\/warranty-information\/#primaryimage"},"image":{"@id":"https:\/\/linkeyegroup.com\/warranty-information\/#primaryimage"},"thumbnailUrl":"https:\/\/linkeyegroup.com\/wp-content\/uploads\/2025\/10\/Warranty-Service-Policy-of-LINK-Instrument-724x1024.webp","datePublished":"2025-10-04T08:52:28+00:00","dateModified":"2025-10-28T06:38:30+00:00","description":"Acerca de la pol\u00edtica de garant\u00eda de equipos oft\u00e1lmicos de LINK, que cubre la reparaci\u00f3n, sustituci\u00f3n y asistencia posventa para garantizar un rendimiento fiable de los productos.","breadcrumb":{"@id":"https:\/\/linkeyegroup.com\/warranty-information\/#breadcrumb"},"inLanguage":"es","potentialAction":[{"@type":"ReadAction","target":["https:\/\/linkeyegroup.com\/warranty-information\/"]}]},{"@type":"ImageObject","inLanguage":"es","@id":"https:\/\/linkeyegroup.com\/warranty-information\/#primaryimage","url":"https:\/\/linkeyegroup.com\/wp-content\/uploads\/2025\/10\/Warranty-Service-Policy-of-LINK-Instrument-724x1024.webp","contentUrl":"https:\/\/linkeyegroup.com\/wp-content\/uploads\/2025\/10\/Warranty-Service-Policy-of-LINK-Instrument-724x1024.webp"},{"@type":"BreadcrumbList","@id":"https:\/\/linkeyegroup.com\/warranty-information\/#breadcrumb","itemListElement":[{"@type":"ListItem","position":1,"name":"Home","item":"https:\/\/linkeyegroup.com\/"},{"@type":"ListItem","position":2,"name":"Warranty Information"}]},{"@type":"WebSite","@id":"https:\/\/linkeyegroup.com\/#website","url":"https:\/\/linkeyegroup.com\/","name":"Shanghai ENLACE","description":"","publisher":{"@id":"https:\/\/linkeyegroup.com\/#organization"},"potentialAction":[{"@type":"SearchAction","target":{"@type":"EntryPoint","urlTemplate":"https:\/\/linkeyegroup.com\/?s={search_term_string}"},"query-input":{"@type":"PropertyValueSpecification","valueRequired":true,"valueName":"search_term_string"}}],"inLanguage":"es"},{"@type":"Organization","@id":"https:\/\/linkeyegroup.com\/#organization","name":"Shanghai ENLACE","url":"https:\/\/linkeyegroup.com\/","logo":{"@type":"ImageObject","inLanguage":"es","@id":"https:\/\/linkeyegroup.com\/#\/schema\/logo\/image\/","url":"https:\/\/linkeyegroup.com\/wp-content\/uploads\/2025\/09\/cropped-cropped-logo-1-1.webp","contentUrl":"https:\/\/linkeyegroup.com\/wp-content\/uploads\/2025\/09\/cropped-cropped-logo-1-1.webp","width":210,"height":60,"caption":"Shanghai LINK"},"image":{"@id":"https:\/\/linkeyegroup.com\/#\/schema\/logo\/image\/"}}]}},"_hostinger_reach_plugin_has_subscription_block":false,"_hostinger_reach_plugin_is_elementor":false,"_links":{"self":[{"href":"https:\/\/linkeyegroup.com\/es\/wp-json\/wp\/v2\/pages\/285","targetHints":{"allow":["GET"]}}],"collection":[{"href":"https:\/\/linkeyegroup.com\/es\/wp-json\/wp\/v2\/pages"}],"about":[{"href":"https:\/\/linkeyegroup.com\/es\/wp-json\/wp\/v2\/types\/page"}],"author":[{"embeddable":true,"href":"https:\/\/linkeyegroup.com\/es\/wp-json\/wp\/v2\/users\/1"}],"replies":[{"embeddable":true,"href":"https:\/\/linkeyegroup.com\/es\/wp-json\/wp\/v2\/comments?post=285"}],"version-history":[{"count":0,"href":"https:\/\/linkeyegroup.com\/es\/wp-json\/wp\/v2\/pages\/285\/revisions"}],"wp:attachment":[{"href":"https:\/\/linkeyegroup.com\/es\/wp-json\/wp\/v2\/media?parent=285"}],"curies":[{"name":"wp","href":"https:\/\/api.w.org\/{rel}","templated":true}]}}