{"id":1679,"date":"2025-10-13T06:05:54","date_gmt":"2025-10-13T06:05:54","guid":{"rendered":"https:\/\/linkeyegroup.com\/?page_id=1679"},"modified":"2025-10-27T05:16:27","modified_gmt":"2025-10-27T05:16:27","slug":"centro-de-envio","status":"publish","type":"page","link":"https:\/\/linkeyegroup.com\/es\/shipping-center\/","title":{"rendered":"Centro de expedici\u00f3n"},"content":{"rendered":"<div data-elementor-type=\"wp-page\" data-elementor-id=\"1679\" class=\"elementor elementor-1679\" data-elementor-post-type=\"page\">\n\t\t\t\t<div class=\"elementor-element elementor-element-80731aa e-flex e-con-boxed e-con e-parent\" data-id=\"80731aa\" data-element_type=\"container\" data-e-type=\"container\" data-settings=\"{&quot;background_background&quot;:&quot;classic&quot;}\">\n\t\t\t\t\t<div class=\"e-con-inner\">\n\t\t<div class=\"elementor-element elementor-element-1224965 e-con-full e-flex e-con e-child\" data-id=\"1224965\" data-element_type=\"container\" data-e-type=\"container\">\n\t\t\t\t<div class=\"elementor-element elementor-element-9fea112 elementor-widget__width-inherit elementor-widget elementor-widget-heading\" data-id=\"9fea112\" data-element_type=\"widget\" data-e-type=\"widget\" data-widget_type=\"heading.default\">\n\t\t\t\t\t<h1 class=\"elementor-heading-title elementor-size-default\">Env\u00edo de equipos oftalmol\u00f3gicos\n<\/h1>\t\t\t\t<\/div>\n\t\t\t\t<div class=\"elementor-element elementor-element-c709b51 elementor-align-left elementor-widget elementor-widget-button\" data-id=\"c709b51\" data-element_type=\"widget\" data-e-type=\"widget\" data-widget_type=\"button.default\">\n\t\t\t\t\t\t\t\t\t\t<a class=\"elementor-button elementor-button-link elementor-size-sm\" href=\"#\">\n\t\t\t\t\t\t<span class=\"elementor-button-content-wrapper\">\n\t\t\t\t\t\t\t\t\t<span class=\"elementor-button-text\">Presupuesto r\u00e1pido<\/span>\n\t\t\t\t\t<\/span>\n\t\t\t\t\t<\/a>\n\t\t\t\t\t\t\t\t<\/div>\n\t\t\t\t<\/div>\n\t\t\t\t\t<\/div>\n\t\t\t\t<\/div>\n\t\t<div class=\"elementor-element elementor-element-807d6f8 e-flex e-con-boxed e-con e-parent\" data-id=\"807d6f8\" data-element_type=\"container\" data-e-type=\"container\" data-settings=\"{&quot;background_background&quot;:&quot;classic&quot;}\">\n\t\t\t\t\t<div class=\"e-con-inner\">\n\t\t<div class=\"elementor-element elementor-element-ad7f5cc e-con-full e-flex e-con e-child\" data-id=\"ad7f5cc\" data-element_type=\"container\" data-e-type=\"container\">\n\t\t\t\t<div class=\"elementor-element elementor-element-7851b8a elementor-widget__width-inherit elementor-widget elementor-widget-heading\" data-id=\"7851b8a\" data-element_type=\"widget\" data-e-type=\"widget\" data-widget_type=\"heading.default\">\n\t\t\t\t\t<h2 class=\"elementor-heading-title elementor-size-default\">\u00bfC\u00f3mo enviar su equipo oftalmol\u00f3gico?<\/h2>\t\t\t\t<\/div>\n\t\t\t\t<div class=\"elementor-element elementor-element-67cb5aa elementor-widget elementor-widget-heading\" data-id=\"67cb5aa\" data-element_type=\"widget\" data-e-type=\"widget\" data-widget_type=\"heading.default\">\n\t\t\t\t\t<p class=\"elementor-heading-title elementor-size-default\">LINK coopera con transitarios muy profesionales en China, como FedEx, y DHL. Enviamos su mercanc\u00eda de equipos oft\u00e1lmicos cuidadosamente con m\u00faltiples opciones de env\u00edo, como por mar, por expreso, y por aire. Enviamos cientos de contenedores de equipos oft\u00e1lmicos a m\u00e1s de 100 pa\u00edses en el mundo, siempre con el objetivo de ofrecerle productos de primera calidad y hacer crecer su negocio.<\/p>\t\t\t\t<\/div>\n\t\t\t\t<div class=\"elementor-element elementor-element-d95912c elementor-widget__width-inherit elementor-widget elementor-widget-heading\" data-id=\"d95912c\" data-element_type=\"widget\" data-e-type=\"widget\" data-widget_type=\"heading.default\">\n\t\t\t\t\t<p class=\"elementor-heading-title elementor-size-default\">Si tiene su propio transportista en China, enviaremos todos los equipos oft\u00e1lmicos a su agencia directamente.<\/p>\t\t\t\t<\/div>\n\t\t\t\t<\/div>\n\t\t\t\t\t<\/div>\n\t\t\t\t<\/div>\n\t\t<div class=\"elementor-element elementor-element-af30301 e-flex e-con-boxed e-con e-parent\" data-id=\"af30301\" data-element_type=\"container\" data-e-type=\"container\" data-settings=\"{&quot;background_background&quot;:&quot;classic&quot;}\">\n\t\t\t\t\t<div class=\"e-con-inner\">\n\t\t<div class=\"elementor-element elementor-element-8a16aee e-con-full e-flex e-con e-child\" data-id=\"8a16aee\" data-element_type=\"container\" data-e-type=\"container\">\n\t\t<div class=\"elementor-element elementor-element-4257db7 e-grid e-con-full e-con e-child\" data-id=\"4257db7\" data-element_type=\"container\" data-e-type=\"container\">\n\t\t<div class=\"elementor-element elementor-element-83734e4 e-con-full e-flex e-con e-child\" data-id=\"83734e4\" data-element_type=\"container\" data-e-type=\"container\">\n\t\t\t\t<div class=\"elementor-element elementor-element-dcd1d11 elementor-widget__width-inherit elementor-widget elementor-widget-heading\" data-id=\"dcd1d11\" data-element_type=\"widget\" data-e-type=\"widget\" data-widget_type=\"heading.default\">\n\t\t\t\t\t<h2 class=\"elementor-heading-title elementor-size-default\">Formas de env\u00edo\n<\/h2>\t\t\t\t<\/div>\n\t\t\t\t<div class=\"elementor-element elementor-element-ed8a207 elementor-widget elementor-widget-heading\" data-id=\"ed8a207\" data-element_type=\"widget\" data-e-type=\"widget\" data-widget_type=\"heading.default\">\n\t\t\t\t\t<p class=\"elementor-heading-title elementor-size-default\">Hay tres formas de enviar sus productos desde China a su direcci\u00f3n. Puede elegir la que prefiera.<\/p>\t\t\t\t<\/div>\n\t\t\t\t<div class=\"elementor-element elementor-element-6760bb9 elementor-widget elementor-widget-heading\" data-id=\"6760bb9\" data-element_type=\"widget\" data-e-type=\"widget\" data-widget_type=\"heading.default\">\n\t\t\t\t\t<p class=\"elementor-heading-title elementor-size-default\"> - Entrega puerta a puerta por FedEx o DHL.<br>\n - Si tiene un agente en China, le enviaremos los productos adquiridos a su agente.<br>\n - No tiene agente. Enviaremos sus productos a trav\u00e9s de nuestro transportista.<\/p>\t\t\t\t<\/div>\n\t\t\t\t<div class=\"elementor-element elementor-element-8f1a0f8 elementor-align-left elementor-widget elementor-widget-button\" data-id=\"8f1a0f8\" data-element_type=\"widget\" data-e-type=\"widget\" data-widget_type=\"button.default\">\n\t\t\t\t\t\t\t\t\t\t<a class=\"elementor-button elementor-button-link elementor-size-sm\" href=\"#\">\n\t\t\t\t\t\t<span class=\"elementor-button-content-wrapper\">\n\t\t\t\t\t\t\t\t\t<span class=\"elementor-button-text\">Solicite un presupuesto instant\u00e1neo<\/span>\n\t\t\t\t\t<\/span>\n\t\t\t\t\t<\/a>\n\t\t\t\t\t\t\t\t<\/div>\n\t\t\t\t<\/div>\n\t\t<div class=\"elementor-element elementor-element-c77107d e-con-full e-flex e-con e-child\" data-id=\"c77107d\" data-element_type=\"container\" data-e-type=\"container\">\n\t\t\t\t<div class=\"elementor-element elementor-element-03fbc19 elementor-widget elementor-widget-image\" data-id=\"03fbc19\" data-element_type=\"widget\" data-e-type=\"widget\" data-widget_type=\"image.default\">\n\t\t\t\t\t\t\t\t\t\t\t\t\t\t\t<img fetchpriority=\"high\" decoding=\"async\" width=\"670\" height=\"380\" src=\"https:\/\/linkeyegroup.com\/wp-content\/uploads\/2025\/10\/shiping.webp\" class=\"attachment-large size-large wp-image-1699\" alt=\"forma de env\u00edo\" srcset=\"https:\/\/linkeyegroup.com\/wp-content\/uploads\/2025\/10\/shiping.webp 670w, https:\/\/linkeyegroup.com\/wp-content\/uploads\/2025\/10\/shiping-300x170.webp 300w, https:\/\/linkeyegroup.com\/wp-content\/uploads\/2025\/10\/shiping-600x340.webp 600w\" sizes=\"(max-width: 670px) 100vw, 670px\" \/>\t\t\t\t\t\t\t\t\t\t\t\t\t\t\t<\/div>\n\t\t\t\t<\/div>\n\t\t\t\t<\/div>\n\t\t\t\t<\/div>\n\t\t\t\t\t<\/div>\n\t\t\t\t<\/div>\n\t\t<div class=\"elementor-element elementor-element-2df566a e-flex e-con-boxed e-con e-parent\" data-id=\"2df566a\" data-element_type=\"container\" data-e-type=\"container\" data-settings=\"{&quot;background_background&quot;:&quot;classic&quot;}\">\n\t\t\t\t\t<div class=\"e-con-inner\">\n\t\t<div class=\"elementor-element elementor-element-01b7b9e e-con-full e-flex e-con e-child\" data-id=\"01b7b9e\" data-element_type=\"container\" data-e-type=\"container\">\n\t\t<div class=\"elementor-element elementor-element-557180f e-grid e-con-full e-con e-child\" data-id=\"557180f\" data-element_type=\"container\" data-e-type=\"container\">\n\t\t<div class=\"elementor-element elementor-element-b8a9b7d e-con-full e-flex e-con e-child\" data-id=\"b8a9b7d\" data-element_type=\"container\" data-e-type=\"container\">\n\t\t\t\t<div class=\"elementor-element elementor-element-d55f3e5 elementor-widget__width-inherit elementor-widget elementor-widget-heading\" data-id=\"d55f3e5\" data-element_type=\"widget\" data-e-type=\"widget\" data-widget_type=\"heading.default\">\n\t\t\t\t\t<h2 class=\"elementor-heading-title elementor-size-default\">C\u00f3mo enviamos sus mercanc\u00edas desde China<\/h2>\t\t\t\t<\/div>\n\t\t\t\t<div class=\"elementor-element elementor-element-098b2b1 elementor-widget elementor-widget-heading\" data-id=\"098b2b1\" data-element_type=\"widget\" data-e-type=\"widget\" data-widget_type=\"heading.default\">\n\t\t\t\t\t<p class=\"elementor-heading-title elementor-size-default\">- Transporte mar\u00edtimo<br>\n - Transporte a\u00e9reo<br>\n - Env\u00edo urgente<br>\n - Cami\u00f3n<\/p>\t\t\t\t<\/div>\n\t\t\t\t<div class=\"elementor-element elementor-element-8a441ba elementor-align-left elementor-widget elementor-widget-button\" data-id=\"8a441ba\" data-element_type=\"widget\" data-e-type=\"widget\" data-widget_type=\"button.default\">\n\t\t\t\t\t\t\t\t\t\t<a class=\"elementor-button elementor-button-link elementor-size-sm\" href=\"#\">\n\t\t\t\t\t\t<span class=\"elementor-button-content-wrapper\">\n\t\t\t\t\t\t\t\t\t<span class=\"elementor-button-text\">Solicite un presupuesto instant\u00e1neo<\/span>\n\t\t\t\t\t<\/span>\n\t\t\t\t\t<\/a>\n\t\t\t\t\t\t\t\t<\/div>\n\t\t\t\t<\/div>\n\t\t<div class=\"elementor-element elementor-element-27c6a74 e-con-full e-flex e-con e-child\" data-id=\"27c6a74\" data-element_type=\"container\" data-e-type=\"container\">\n\t\t\t\t<div class=\"elementor-element elementor-element-4976f7c elementor-widget elementor-widget-image\" data-id=\"4976f7c\" data-element_type=\"widget\" data-e-type=\"widget\" data-widget_type=\"image.default\">\n\t\t\t\t\t\t\t\t\t\t\t\t\t\t\t<img decoding=\"async\" width=\"670\" height=\"380\" src=\"https:\/\/linkeyegroup.com\/wp-content\/uploads\/2025\/10\/6-2.jpg\" class=\"attachment-large size-large wp-image-1700\" alt=\"env\u00edo\" srcset=\"https:\/\/linkeyegroup.com\/wp-content\/uploads\/2025\/10\/6-2.jpg 670w, https:\/\/linkeyegroup.com\/wp-content\/uploads\/2025\/10\/6-2-300x170.jpg 300w, https:\/\/linkeyegroup.com\/wp-content\/uploads\/2025\/10\/6-2-600x340.jpg 600w\" sizes=\"(max-width: 670px) 100vw, 670px\" \/>\t\t\t\t\t\t\t\t\t\t\t\t\t\t\t<\/div>\n\t\t\t\t<\/div>\n\t\t\t\t<\/div>\n\t\t\t\t<\/div>\n\t\t\t\t\t<\/div>\n\t\t\t\t<\/div>\n\t\t<div class=\"elementor-element elementor-element-d509ac1 e-flex e-con-boxed e-con e-parent\" data-id=\"d509ac1\" data-element_type=\"container\" data-e-type=\"container\" data-settings=\"{&quot;background_background&quot;:&quot;classic&quot;}\">\n\t\t\t\t\t<div class=\"e-con-inner\">\n\t\t<div class=\"elementor-element elementor-element-7d6649e e-con-full e-flex e-con e-child\" data-id=\"7d6649e\" data-element_type=\"container\" data-e-type=\"container\">\n\t\t\t\t<div class=\"elementor-element elementor-element-c0f6f7e elementor-widget__width-inherit elementor-widget elementor-widget-heading\" data-id=\"c0f6f7e\" data-element_type=\"widget\" data-e-type=\"widget\" data-widget_type=\"heading.default\">\n\t\t\t\t\t<h2 class=\"elementor-heading-title elementor-size-default\">Env\u00edo y carga<\/h2>\t\t\t\t<\/div>\n\t\t<div class=\"elementor-element elementor-element-263ad0c e-grid e-con-full e-con e-child\" data-id=\"263ad0c\" data-element_type=\"container\" data-e-type=\"container\">\n\t\t\t\t<div class=\"elementor-element elementor-element-f2440e9 elementor-widget elementor-widget-image\" data-id=\"f2440e9\" data-element_type=\"widget\" data-e-type=\"widget\" data-widget_type=\"image.default\">\n\t\t\t\t\t\t\t\t\t\t\t\t<figure class=\"wp-caption\">\n\t\t\t\t\t\t\t\t\t\t<img decoding=\"async\" width=\"800\" height=\"711\" src=\"https:\/\/linkeyegroup.com\/wp-content\/uploads\/2025\/10\/\u53d1\u8d2731-1.jpg\" class=\"attachment-large size-large wp-image-4996\" alt=\"\" srcset=\"https:\/\/linkeyegroup.com\/wp-content\/uploads\/2025\/10\/\u53d1\u8d2731-1.jpg 900w, https:\/\/linkeyegroup.com\/wp-content\/uploads\/2025\/10\/\u53d1\u8d2731-1-300x267.jpg 300w, https:\/\/linkeyegroup.com\/wp-content\/uploads\/2025\/10\/\u53d1\u8d2731-1-768x683.jpg 768w, https:\/\/linkeyegroup.com\/wp-content\/uploads\/2025\/10\/\u53d1\u8d2731-1-600x533.jpg 600w\" sizes=\"(max-width: 800px) 100vw, 800px\" \/>\t\t\t\t\t\t\t\t\t\t\t<figcaption class=\"widget-image-caption wp-caption-text\">12 Equipos oft\u00e1lmicos para clientes de EE.UU.<\/figcaption>\n\t\t\t\t\t\t\t\t\t\t<\/figure>\n\t\t\t\t\t\t\t\t\t<\/div>\n\t\t\t\t<div class=\"elementor-element elementor-element-90da1a1 elementor-widget elementor-widget-image\" data-id=\"90da1a1\" data-element_type=\"widget\" data-e-type=\"widget\" data-widget_type=\"image.default\">\n\t\t\t\t\t\t\t\t\t\t\t\t<figure class=\"wp-caption\">\n\t\t\t\t\t\t\t\t\t\t<img loading=\"lazy\" decoding=\"async\" width=\"800\" height=\"711\" src=\"https:\/\/linkeyegroup.com\/wp-content\/uploads\/2025\/10\/\u53d1\u8d2711.jpg\" class=\"attachment-large size-large wp-image-4995\" alt=\"\" srcset=\"https:\/\/linkeyegroup.com\/wp-content\/uploads\/2025\/10\/\u53d1\u8d2711.jpg 900w, https:\/\/linkeyegroup.com\/wp-content\/uploads\/2025\/10\/\u53d1\u8d2711-300x267.jpg 300w, https:\/\/linkeyegroup.com\/wp-content\/uploads\/2025\/10\/\u53d1\u8d2711-768x683.jpg 768w, https:\/\/linkeyegroup.com\/wp-content\/uploads\/2025\/10\/\u53d1\u8d2711-600x533.jpg 600w\" sizes=\"(max-width: 800px) 100vw, 800px\" \/>\t\t\t\t\t\t\t\t\t\t\t<figcaption class=\"widget-image-caption wp-caption-text\">Equipos de optometr\u00eda para mayoristas del Reino Unido<\/figcaption>\n\t\t\t\t\t\t\t\t\t\t<\/figure>\n\t\t\t\t\t\t\t\t\t<\/div>\n\t\t\t\t<div class=\"elementor-element elementor-element-923f911 elementor-widget elementor-widget-image\" data-id=\"923f911\" data-element_type=\"widget\" data-e-type=\"widget\" data-widget_type=\"image.default\">\n\t\t\t\t\t\t\t\t\t\t\t\t<figure class=\"wp-caption\">\n\t\t\t\t\t\t\t\t\t\t<img loading=\"lazy\" decoding=\"async\" width=\"800\" height=\"711\" src=\"https:\/\/linkeyegroup.com\/wp-content\/uploads\/2025\/10\/\u53d1\u8d2741.jpg\" class=\"attachment-large size-large wp-image-4997\" alt=\"\" srcset=\"https:\/\/linkeyegroup.com\/wp-content\/uploads\/2025\/10\/\u53d1\u8d2741.jpg 900w, https:\/\/linkeyegroup.com\/wp-content\/uploads\/2025\/10\/\u53d1\u8d2741-300x267.jpg 300w, https:\/\/linkeyegroup.com\/wp-content\/uploads\/2025\/10\/\u53d1\u8d2741-768x683.jpg 768w, https:\/\/linkeyegroup.com\/wp-content\/uploads\/2025\/10\/\u53d1\u8d2741-600x533.jpg 600w\" sizes=\"(max-width: 800px) 100vw, 800px\" \/>\t\t\t\t\t\t\t\t\t\t\t<figcaption class=\"widget-image-caption wp-caption-text\">Unidad de refracci\u00f3n oft\u00e1lmica para EE.UU.<\/figcaption>\n\t\t\t\t\t\t\t\t\t\t<\/figure>\n\t\t\t\t\t\t\t\t\t<\/div>\n\t\t\t\t<div class=\"elementor-element elementor-element-382e619 elementor-widget elementor-widget-image\" data-id=\"382e619\" data-element_type=\"widget\" data-e-type=\"widget\" data-widget_type=\"image.default\">\n\t\t\t\t\t\t\t\t\t\t\t\t<figure class=\"wp-caption\">\n\t\t\t\t\t\t\t\t\t\t<img loading=\"lazy\" decoding=\"async\" width=\"800\" height=\"711\" src=\"https:\/\/linkeyegroup.com\/wp-content\/uploads\/2025\/10\/\u53d1\u8d2721.jpg\" class=\"attachment-large size-large wp-image-4999\" alt=\"\" srcset=\"https:\/\/linkeyegroup.com\/wp-content\/uploads\/2025\/10\/\u53d1\u8d2721.jpg 900w, https:\/\/linkeyegroup.com\/wp-content\/uploads\/2025\/10\/\u53d1\u8d2721-300x267.jpg 300w, https:\/\/linkeyegroup.com\/wp-content\/uploads\/2025\/10\/\u53d1\u8d2721-768x683.jpg 768w, https:\/\/linkeyegroup.com\/wp-content\/uploads\/2025\/10\/\u53d1\u8d2721-600x533.jpg 600w\" sizes=\"(max-width: 800px) 100vw, 800px\" \/>\t\t\t\t\t\t\t\t\t\t\t<figcaption class=\"widget-image-caption wp-caption-text\">Acuity Chart Env\u00edo a la India<\/figcaption>\n\t\t\t\t\t\t\t\t\t\t<\/figure>\n\t\t\t\t\t\t\t\t\t<\/div>\n\t\t\t\t<\/div>\n\t\t\t\t<\/div>\n\t\t\t\t\t<\/div>\n\t\t\t\t<\/div>\n\t\t\t\t<\/div>","protected":false},"excerpt":{"rendered":"<p>Ophthalmology Equiment Shipping Get a Quick Quote How To Ship Your Ophthalmology Equipment ? LINK cooperates with very professional freight forwarders in China, such as FedEx, and DHL. Shipping your ophthalmic equipment goods carefully with multiple shipping options, such as by sea, by express, and by air. We ship hundreds of containers of ophthalmic equipment [&hellip;]<\/p>\n","protected":false},"author":1,"featured_media":0,"parent":0,"menu_order":0,"comment_status":"closed","ping_status":"closed","template":"","meta":{"footnotes":""},"class_list":["post-1679","page","type-page","status-publish","hentry"],"yoast_head":"<!-- This site is optimized with the Yoast SEO Premium plugin v22.0 (Yoast SEO v27.4) - https:\/\/yoast.com\/product\/yoast-seo-premium-wordpress\/ -->\n<title>Shipping Center | Fast &amp; Reliable Global Delivery - LINK instrument<\/title>\n<meta name=\"description\" content=\"Learn how LINK ships ophthalmic equipment from China worldwide. Explore shipping methods, loading process, and fast, secure delivery for all orders.\" \/>\n<meta name=\"robots\" content=\"index, follow, max-snippet:-1, max-image-preview:large, max-video-preview:-1\" \/>\n<link rel=\"canonical\" href=\"https:\/\/linkeyegroup.com\/es\/centro-de-envio\/\" \/>\n<meta property=\"og:locale\" content=\"es_ES\" \/>\n<meta property=\"og:type\" content=\"article\" \/>\n<meta property=\"og:title\" content=\"Shipping-Center\" \/>\n<meta property=\"og:description\" content=\"Learn how LINK ships ophthalmic equipment from China worldwide. Explore shipping methods, loading process, and fast, secure delivery for all orders.\" \/>\n<meta property=\"og:url\" content=\"https:\/\/linkeyegroup.com\/es\/centro-de-envio\/\" \/>\n<meta property=\"og:site_name\" content=\"Shanghai LINK\" \/>\n<meta property=\"article:modified_time\" content=\"2025-10-27T05:16:27+00:00\" \/>\n<meta property=\"og:image\" content=\"https:\/\/linkeyegroup.com\/wp-content\/uploads\/2025\/10\/shiping.webp\" \/>\n\t<meta property=\"og:image:width\" content=\"670\" \/>\n\t<meta property=\"og:image:height\" content=\"380\" \/>\n\t<meta property=\"og:image:type\" content=\"image\/webp\" \/>\n<meta name=\"twitter:card\" content=\"summary_large_image\" \/>\n<meta name=\"twitter:label1\" content=\"Tiempo de lectura\" \/>\n\t<meta name=\"twitter:data1\" content=\"2 minutos\" \/>\n<script type=\"application\/ld+json\" class=\"yoast-schema-graph\">{\"@context\":\"https:\\\/\\\/schema.org\",\"@graph\":[{\"@type\":\"WebPage\",\"@id\":\"https:\\\/\\\/linkeyegroup.com\\\/shipping-center\\\/\",\"url\":\"https:\\\/\\\/linkeyegroup.com\\\/shipping-center\\\/\",\"name\":\"Shipping Center | Fast & Reliable Global Delivery - LINK instrument\",\"isPartOf\":{\"@id\":\"https:\\\/\\\/linkeyegroup.com\\\/#website\"},\"primaryImageOfPage\":{\"@id\":\"https:\\\/\\\/linkeyegroup.com\\\/shipping-center\\\/#primaryimage\"},\"image\":{\"@id\":\"https:\\\/\\\/linkeyegroup.com\\\/shipping-center\\\/#primaryimage\"},\"thumbnailUrl\":\"https:\\\/\\\/linkeyegroup.com\\\/wp-content\\\/uploads\\\/2025\\\/10\\\/shiping.webp\",\"datePublished\":\"2025-10-13T06:05:54+00:00\",\"dateModified\":\"2025-10-27T05:16:27+00:00\",\"description\":\"Learn how LINK ships ophthalmic equipment from China worldwide. Explore shipping methods, loading process, and fast, secure delivery for all orders.\",\"breadcrumb\":{\"@id\":\"https:\\\/\\\/linkeyegroup.com\\\/shipping-center\\\/#breadcrumb\"},\"inLanguage\":\"es\",\"potentialAction\":[{\"@type\":\"ReadAction\",\"target\":[\"https:\\\/\\\/linkeyegroup.com\\\/shipping-center\\\/\"]}]},{\"@type\":\"ImageObject\",\"inLanguage\":\"es\",\"@id\":\"https:\\\/\\\/linkeyegroup.com\\\/shipping-center\\\/#primaryimage\",\"url\":\"https:\\\/\\\/linkeyegroup.com\\\/wp-content\\\/uploads\\\/2025\\\/10\\\/shiping.webp\",\"contentUrl\":\"https:\\\/\\\/linkeyegroup.com\\\/wp-content\\\/uploads\\\/2025\\\/10\\\/shiping.webp\"},{\"@type\":\"BreadcrumbList\",\"@id\":\"https:\\\/\\\/linkeyegroup.com\\\/shipping-center\\\/#breadcrumb\",\"itemListElement\":[{\"@type\":\"ListItem\",\"position\":1,\"name\":\"Home\",\"item\":\"https:\\\/\\\/linkeyegroup.com\\\/\"},{\"@type\":\"ListItem\",\"position\":2,\"name\":\"Shipping-Center\"}]},{\"@type\":\"WebSite\",\"@id\":\"https:\\\/\\\/linkeyegroup.com\\\/#website\",\"url\":\"https:\\\/\\\/linkeyegroup.com\\\/\",\"name\":\"Shanghai LINK\",\"description\":\"\",\"publisher\":{\"@id\":\"https:\\\/\\\/linkeyegroup.com\\\/#organization\"},\"potentialAction\":[{\"@type\":\"SearchAction\",\"target\":{\"@type\":\"EntryPoint\",\"urlTemplate\":\"https:\\\/\\\/linkeyegroup.com\\\/?s={search_term_string}\"},\"query-input\":{\"@type\":\"PropertyValueSpecification\",\"valueRequired\":true,\"valueName\":\"search_term_string\"}}],\"inLanguage\":\"es\"},{\"@type\":\"Organization\",\"@id\":\"https:\\\/\\\/linkeyegroup.com\\\/#organization\",\"name\":\"Shanghai LINK\",\"url\":\"https:\\\/\\\/linkeyegroup.com\\\/\",\"logo\":{\"@type\":\"ImageObject\",\"inLanguage\":\"es\",\"@id\":\"https:\\\/\\\/linkeyegroup.com\\\/#\\\/schema\\\/logo\\\/image\\\/\",\"url\":\"https:\\\/\\\/linkeyegroup.com\\\/wp-content\\\/uploads\\\/2025\\\/09\\\/cropped-cropped-logo-1-1.webp\",\"contentUrl\":\"https:\\\/\\\/linkeyegroup.com\\\/wp-content\\\/uploads\\\/2025\\\/09\\\/cropped-cropped-logo-1-1.webp\",\"width\":210,\"height\":60,\"caption\":\"Shanghai LINK\"},\"image\":{\"@id\":\"https:\\\/\\\/linkeyegroup.com\\\/#\\\/schema\\\/logo\\\/image\\\/\"}}]}<\/script>\n<!-- \/ Yoast SEO Premium plugin. -->","yoast_head_json":{"title":"Centro de env\u00edos | Entrega r\u00e1pida y fiable en todo el mundo - LINK instrument","description":"Descubra c\u00f3mo LINK env\u00eda equipos oft\u00e1lmicos desde China a todo el mundo. Explore los m\u00e9todos de env\u00edo, el proceso de carga y la entrega r\u00e1pida y segura de todos los pedidos.","robots":{"index":"index","follow":"follow","max-snippet":"max-snippet:-1","max-image-preview":"max-image-preview:large","max-video-preview":"max-video-preview:-1"},"canonical":"https:\/\/linkeyegroup.com\/es\/centro-de-envio\/","og_locale":"es_ES","og_type":"article","og_title":"Shipping-Center","og_description":"Learn how LINK ships ophthalmic equipment from China worldwide. Explore shipping methods, loading process, and fast, secure delivery for all orders.","og_url":"https:\/\/linkeyegroup.com\/es\/centro-de-envio\/","og_site_name":"Shanghai LINK","article_modified_time":"2025-10-27T05:16:27+00:00","og_image":[{"width":670,"height":380,"url":"https:\/\/linkeyegroup.com\/wp-content\/uploads\/2025\/10\/shiping.webp","type":"image\/webp"}],"twitter_card":"summary_large_image","twitter_misc":{"Tiempo de lectura":"2 minutos"},"schema":{"@context":"https:\/\/schema.org","@graph":[{"@type":"WebPage","@id":"https:\/\/linkeyegroup.com\/shipping-center\/","url":"https:\/\/linkeyegroup.com\/shipping-center\/","name":"Centro de env\u00edos | Entrega r\u00e1pida y fiable en todo el mundo - LINK instrument","isPartOf":{"@id":"https:\/\/linkeyegroup.com\/#website"},"primaryImageOfPage":{"@id":"https:\/\/linkeyegroup.com\/shipping-center\/#primaryimage"},"image":{"@id":"https:\/\/linkeyegroup.com\/shipping-center\/#primaryimage"},"thumbnailUrl":"https:\/\/linkeyegroup.com\/wp-content\/uploads\/2025\/10\/shiping.webp","datePublished":"2025-10-13T06:05:54+00:00","dateModified":"2025-10-27T05:16:27+00:00","description":"Descubra c\u00f3mo LINK env\u00eda equipos oft\u00e1lmicos desde China a todo el mundo. Explore los m\u00e9todos de env\u00edo, el proceso de carga y la entrega r\u00e1pida y segura de todos los pedidos.","breadcrumb":{"@id":"https:\/\/linkeyegroup.com\/shipping-center\/#breadcrumb"},"inLanguage":"es","potentialAction":[{"@type":"ReadAction","target":["https:\/\/linkeyegroup.com\/shipping-center\/"]}]},{"@type":"ImageObject","inLanguage":"es","@id":"https:\/\/linkeyegroup.com\/shipping-center\/#primaryimage","url":"https:\/\/linkeyegroup.com\/wp-content\/uploads\/2025\/10\/shiping.webp","contentUrl":"https:\/\/linkeyegroup.com\/wp-content\/uploads\/2025\/10\/shiping.webp"},{"@type":"BreadcrumbList","@id":"https:\/\/linkeyegroup.com\/shipping-center\/#breadcrumb","itemListElement":[{"@type":"ListItem","position":1,"name":"Home","item":"https:\/\/linkeyegroup.com\/"},{"@type":"ListItem","position":2,"name":"Shipping-Center"}]},{"@type":"WebSite","@id":"https:\/\/linkeyegroup.com\/#website","url":"https:\/\/linkeyegroup.com\/","name":"Shanghai ENLACE","description":"","publisher":{"@id":"https:\/\/linkeyegroup.com\/#organization"},"potentialAction":[{"@type":"SearchAction","target":{"@type":"EntryPoint","urlTemplate":"https:\/\/linkeyegroup.com\/?s={search_term_string}"},"query-input":{"@type":"PropertyValueSpecification","valueRequired":true,"valueName":"search_term_string"}}],"inLanguage":"es"},{"@type":"Organization","@id":"https:\/\/linkeyegroup.com\/#organization","name":"Shanghai ENLACE","url":"https:\/\/linkeyegroup.com\/","logo":{"@type":"ImageObject","inLanguage":"es","@id":"https:\/\/linkeyegroup.com\/#\/schema\/logo\/image\/","url":"https:\/\/linkeyegroup.com\/wp-content\/uploads\/2025\/09\/cropped-cropped-logo-1-1.webp","contentUrl":"https:\/\/linkeyegroup.com\/wp-content\/uploads\/2025\/09\/cropped-cropped-logo-1-1.webp","width":210,"height":60,"caption":"Shanghai LINK"},"image":{"@id":"https:\/\/linkeyegroup.com\/#\/schema\/logo\/image\/"}}]}},"_hostinger_reach_plugin_has_subscription_block":false,"_hostinger_reach_plugin_is_elementor":false,"_links":{"self":[{"href":"https:\/\/linkeyegroup.com\/es\/wp-json\/wp\/v2\/pages\/1679","targetHints":{"allow":["GET"]}}],"collection":[{"href":"https:\/\/linkeyegroup.com\/es\/wp-json\/wp\/v2\/pages"}],"about":[{"href":"https:\/\/linkeyegroup.com\/es\/wp-json\/wp\/v2\/types\/page"}],"author":[{"embeddable":true,"href":"https:\/\/linkeyegroup.com\/es\/wp-json\/wp\/v2\/users\/1"}],"replies":[{"embeddable":true,"href":"https:\/\/linkeyegroup.com\/es\/wp-json\/wp\/v2\/comments?post=1679"}],"version-history":[{"count":0,"href":"https:\/\/linkeyegroup.com\/es\/wp-json\/wp\/v2\/pages\/1679\/revisions"}],"wp:attachment":[{"href":"https:\/\/linkeyegroup.com\/es\/wp-json\/wp\/v2\/media?parent=1679"}],"curies":[{"name":"wp","href":"https:\/\/api.w.org\/{rel}","templated":true}]}}